{"id":10845,"date":"2019-09-11T13:47:38","date_gmt":"2019-09-11T13:47:38","guid":{"rendered":"https:\/\/vidum.es\/?page_id=10845"},"modified":"2022-07-13T12:41:42","modified_gmt":"2022-07-13T12:41:42","slug":"create-your-wine","status":"publish","type":"page","link":"https:\/\/vidum.es\/es\/create-your-wine\/","title":{"rendered":"Crea tu vino"},"content":{"rendered":"<p>[vc_row row_type=\u00bbparallax\u00bb content_text_aligment=\u00bbright\u00bb css=\u00bb.vc_custom_1568114919968{background-position: center !important;background-repeat: no-repeat !important;background-size: cover !important;}\u00bb parallax_background_image=\u00bb10739&#8243;][vc_column offset=\u00bbvc_hidden-xs\u00bb]<div class=\"eltdf-elements-holder eltdf-responsive-mode-768\" ><div class=\"eltdf-eh-item \" data-item-class=\"eltdf-eh-custom-107458\" >\n\t<div class=\"eltdf-eh-item-inner\" >\n\t\t<div class=\"eltdf-eh-item-content eltdf-eh-custom-107458\" >\n\t\t\t[vc_empty_space height=\u00bb100px\u00bb]\t\t<\/div>\n\t<\/div>\n\t<\/div><\/div><div class=\"eltdf-elements-holder eltdf-two-columns eltdf-responsive-mode-1280\" ><div class=\"eltdf-eh-item \" data-item-class=\"eltdf-eh-custom-360858\" >\n\t<div class=\"eltdf-eh-item-inner\" >\n\t\t<div class=\"eltdf-eh-item-content eltdf-eh-custom-360858\" >\n\t\t\t[vc_single_image image=\u00bb12186&#8243; img_size=\u00bbfull\u00bb css=\u00bb.vc_custom_1575296204919{margin-right: 5% !important;}\u00bb]\t\t<\/div>\n\t<\/div>\n\t<\/div><div class=\"eltdf-eh-item eltdf-horizontal-alignment-center\" data-item-class=\"eltdf-eh-custom-424809\" >\n\t<div class=\"eltdf-eh-item-inner\" >\n\t\t<div class=\"eltdf-eh-item-content eltdf-eh-custom-424809\" >\n\t\t\t[vc_custom_heading text=\u00bb\u00bfCu\u00e1l es el vino que quieres ofrecer a tus clientes?\u00bb font_container=\u00bbtag:h2|font_size:30px|text_align:center|color:%23ffffff|line_height:38px\u00bb google_fonts=\u00bbfont_family:Playfair%20Display%3Aregular%2Citalic%2C700%2C700italic%2C900%2C900italic|font_style:400%20regular%3A400%3Anormal\u00bb css=\u00bb.vc_custom_1574848930674{margin-right: 5% !important;margin-left: 5% !important;}\u00bb][vc_column_text css=\u00bb.vc_custom_1653313520946{margin-right: 5% !important;margin-left: 5% !important;}\u00bb el_class=\u00bbcrea_tu_vino\u00bb]<\/p>\n<h4 style=\"color: white;\">Danos a conocer tus deseos y tendr\u00e1s a tu disposici\u00f3n un amplio mundo de posibilidades: desde la selecci\u00f3n de la uva hasta llegar al dise\u00f1o final de la etiqueta pasando por el tipo de botella, corcho o graduaci\u00f3n del vino.<\/h4>\n<h4 style=\"color: white;\">Con Vidum, todo es posible.<\/h4>\n<p>[\/vc_column_text][vc_empty_space height=\u00bb50px\u00bb]\t\t<\/div>\n\t<\/div>\n\t<\/div><\/div>[\/vc_column][\/vc_row][vc_row row_type=\u00bbparallax\u00bb content_text_aligment=\u00bbright\u00bb css=\u00bb.vc_custom_1568114919968{background-position: center !important;background-repeat: no-repeat !important;background-size: cover !important;}\u00bb parallax_background_image=\u00bb10739&#8243;][vc_column offset=\u00bbvc_hidden-lg vc_hidden-md vc_hidden-sm\u00bb]<div class=\"eltdf-elements-holder eltdf-two-columns eltdf-responsive-mode-1280\" ><div class=\"eltdf-eh-item eltdf-vertical-alignment-top\" data-item-class=\"eltdf-eh-custom-455843\" >\n\t<div class=\"eltdf-eh-item-inner\" >\n\t\t<div class=\"eltdf-eh-item-content eltdf-eh-custom-455843\" >\n\t\t\t[vc_single_image image=\u00bb12186&#8243; img_size=\u00bbfull\u00bb css=\u00bb.vc_custom_1575296216757{margin-right: 5% !important;}\u00bb]\t\t<\/div>\n\t<\/div>\n\t<\/div><div class=\"eltdf-eh-item eltdf-horizontal-alignment-center\" data-item-class=\"eltdf-eh-custom-305663\" >\n\t<div class=\"eltdf-eh-item-inner\" >\n\t\t<div class=\"eltdf-eh-item-content eltdf-eh-custom-305663\" >\n\t\t\t[vc_custom_heading text=\u00bb\u00bfCu\u00e1l es el vino que quieres ofrecer a tus clientes?\u00bb font_container=\u00bbtag:h3|font_size:20px|text_align:center|color:%23ffffff|line_height:28px\u00bb google_fonts=\u00bbfont_family:Playfair%20Display%3Aregular%2Citalic%2C700%2C700italic%2C900%2C900italic|font_style:400%20regular%3A400%3Anormal\u00bb css=\u00bb.vc_custom_1574848939787{margin-right: 5% !important;margin-left: 5% !important;}\u00bb][vc_column_text css=\u00bb.vc_custom_1653313527954{margin-right: 5% !important;margin-left: 5% !important;}\u00bb el_class=\u00bbcrea_tu_vino\u00bb]<\/p>\n<h4 style=\"color: white;\">Danos a conocer tus deseos y tendr\u00e1s a tu disposici\u00f3n un amplio mundo de posibilidades: desde la selecci\u00f3n de la uva hasta llegar al dise\u00f1o final de la etiqueta pasando por el tipo de botella, corcho o graduaci\u00f3n del vino.<\/h4>\n<h4 style=\"color: white;\">Con Vidum, todo es posible.<\/h4>\n<p>[\/vc_column_text][vc_empty_space height=\u00bb50px\u00bb]\t\t<\/div>\n\t<\/div>\n\t<\/div><\/div><div class=\"eltdf-elements-holder eltdf-responsive-mode-768\" ><div class=\"eltdf-eh-item \" data-item-class=\"eltdf-eh-custom-618117\" >\n\t<div class=\"eltdf-eh-item-inner\" >\n\t\t<div class=\"eltdf-eh-item-content eltdf-eh-custom-618117\" >\n\t\t\t[vc_empty_space height=\u00bb25px\u00bb]\t\t<\/div>\n\t<\/div>\n\t<\/div><\/div>[\/vc_column][\/vc_row][vc_row css=\u00bb.vc_custom_1569927159345{margin-right: 20% !important;margin-left: 20% !important;}\u00bb][vc_column]<div class=\"eltdf-elements-holder eltdf-responsive-mode-768\" ><div class=\"eltdf-eh-item \" data-item-class=\"eltdf-eh-custom-469760\" >\n\t<div class=\"eltdf-eh-item-inner\" >\n\t\t<div class=\"eltdf-eh-item-content eltdf-eh-custom-469760\" >\n\t\t\t[vc_empty_space]\n<div class=\"wpcf7 no-js\" id=\"wpcf7-f12025-o1\" lang=\"es-ES\" dir=\"ltr\" data-wpcf7-id=\"12025\">\n<div class=\"screen-reader-response\"><p role=\"status\" aria-live=\"polite\" aria-atomic=\"true\"><\/p> <ul><\/ul><\/div>\n<form action=\"\/es\/wp-json\/wp\/v2\/pages\/10845#wpcf7-f12025-o1\" method=\"post\" class=\"wpcf7-form init\" aria-label=\"Formulario de contacto\" novalidate=\"novalidate\" data-status=\"init\">\n<fieldset class=\"hidden-fields-container\"><input type=\"hidden\" name=\"_wpcf7\" value=\"12025\" \/><input type=\"hidden\" name=\"_wpcf7_version\" value=\"6.1.4\" \/><input type=\"hidden\" name=\"_wpcf7_locale\" value=\"es_ES\" \/><input type=\"hidden\" name=\"_wpcf7_unit_tag\" value=\"wpcf7-f12025-o1\" \/><input type=\"hidden\" name=\"_wpcf7_container_post\" value=\"0\" \/><input type=\"hidden\" name=\"_wpcf7_posted_data_hash\" value=\"\" \/><input type=\"hidden\" name=\"_wpcf7_recaptcha_response\" value=\"\" \/>\n<\/fieldset>\n<p><label> Nombre*<br \/>\n<span class=\"wpcf7-form-control-wrap\" data-name=\"your-name\"><input size=\"40\" maxlength=\"400\" class=\"wpcf7-form-control wpcf7-text wpcf7-validates-as-required\" aria-required=\"true\" aria-invalid=\"false\" value=\"\" type=\"text\" name=\"your-name\" \/><\/span> <\/label>\n<\/p>\n<p><label> e-mail*<br \/>\n<span class=\"wpcf7-form-control-wrap\" data-name=\"your-email\"><input size=\"40\" maxlength=\"400\" class=\"wpcf7-form-control wpcf7-email wpcf7-validates-as-required wpcf7-text wpcf7-validates-as-email\" aria-required=\"true\" aria-invalid=\"false\" value=\"\" type=\"email\" name=\"your-email\" \/><\/span> <\/label>\n<\/p>\n<p><label> Asunto<br \/>\n<span class=\"wpcf7-form-control-wrap\" data-name=\"your-subject\"><input size=\"40\" maxlength=\"400\" class=\"wpcf7-form-control wpcf7-text\" aria-invalid=\"false\" value=\"\" type=\"text\" name=\"your-subject\" \/><\/span> <\/label>\n<\/p>\n<p><label>Mensaje (Obligatorio)<br \/>\n<span class=\"wpcf7-form-control-wrap\" data-name=\"your-message\"><textarea cols=\"40\" rows=\"10\" maxlength=\"2000\" class=\"wpcf7-form-control wpcf7-textarea wpcf7-validates-as-required\" aria-required=\"true\" aria-invalid=\"false\" name=\"your-message\"><\/textarea><\/span> <\/label><br \/>\n<label>Informaci\u00f3n B\u00e1sica sobre Protecci\u00f3n de Datos<br \/>\nResponsable: FOODIBEV INTERNATIONAL, S.L.<br \/>\nFinalidad: Gestionar su solicitud de informaci\u00f3n o consulta<br \/>\nDerechos: Acceder, rectificar y suprimir los datos, as\u00ed como otros derechos, como se explica en la informaci\u00f3n adicional que puede consultar en la pol\u00edtica de privacidad de la web www.vidum.es<\/label><br \/>\n<label>He le\u00eddo la <a href=\"https:\/\/vidum.es\/privacy-policy\/\" id=\"politica-link\">Pol\u00edtica de Privacidad<\/a> y consiento el tratamiento de mis datos personales.<span class=\"wpcf7-form-control-wrap\" data-name=\"acceptance-860\"><span class=\"wpcf7-form-control wpcf7-acceptance\"><span class=\"wpcf7-list-item\"><input type=\"checkbox\" name=\"acceptance-860\" value=\"1\" aria-invalid=\"false\" \/><\/span><\/span><\/span><\/label><br \/>\n<input class=\"wpcf7-form-control wpcf7-submit has-spinner\" type=\"submit\" value=\"Enviar\" \/>\n<\/p><p style=\"display: none !important;\" class=\"akismet-fields-container\" data-prefix=\"_wpcf7_ak_\"><label>&#916;<textarea name=\"_wpcf7_ak_hp_textarea\" cols=\"45\" rows=\"8\" maxlength=\"100\"><\/textarea><\/label><input type=\"hidden\" id=\"ak_js_1\" name=\"_wpcf7_ak_js\" value=\"91\"\/><script>document.getElementById( \"ak_js_1\" ).setAttribute( \"value\", ( new Date() ).getTime() );<\/script><\/p><div class=\"wpcf7-response-output\" aria-hidden=\"true\"><\/div>\n<\/form>\n<\/div>\n[vc_empty_space]\t\t<\/div>\n\t<\/div>\n\t<\/div><\/div>[\/vc_column][\/vc_row]<\/p>\n","protected":false},"excerpt":{"rendered":"<p>[vc_row row_type=\u00bbparallax\u00bb content_text_aligment=\u00bbright\u00bb css=\u00bb.vc_custom_1568114919968{background-position: center !important;background-repeat: no-repeat !important;background-size: cover !important;}\u00bb parallax_background_image=\u00bb10739&#8243;][vc_column offset=\u00bbvc_hidden-xs\u00bb][\/vc_column][\/vc_row][vc_row row_type=\u00bbparallax\u00bb content_text_aligment=\u00bbright\u00bb css=\u00bb.vc_custom_1568114919968{background-position: center !important;background-repeat: no-repeat !important;background-size: cover !important;}\u00bb parallax_background_image=\u00bb10739&#8243;][vc_column offset=\u00bbvc_hidden-lg vc_hidden-md vc_hidden-sm\u00bb][\/vc_column][\/vc_row][vc_row css=\u00bb.vc_custom_1569927159345{margin-right: 20% !important;margin-left: 20% !important;}\u00bb][vc_column][\/vc_column][\/vc_row]<\/p>\n","protected":false},"author":1,"featured_media":0,"parent":0,"menu_order":0,"comment_status":"closed","ping_status":"closed","template":"full-width.php","meta":{"footnotes":""},"class_list":["post-10845","page","type-page","status-publish","hentry"],"_links":{"self":[{"href":"https:\/\/vidum.es\/es\/wp-json\/wp\/v2\/pages\/10845","targetHints":{"allow":["GET"]}}],"collection":[{"href":"https:\/\/vidum.es\/es\/wp-json\/wp\/v2\/pages"}],"about":[{"href":"https:\/\/vidum.es\/es\/wp-json\/wp\/v2\/types\/page"}],"author":[{"embeddable":true,"href":"https:\/\/vidum.es\/es\/wp-json\/wp\/v2\/users\/1"}],"replies":[{"embeddable":true,"href":"https:\/\/vidum.es\/es\/wp-json\/wp\/v2\/comments?post=10845"}],"version-history":[{"count":14,"href":"https:\/\/vidum.es\/es\/wp-json\/wp\/v2\/pages\/10845\/revisions"}],"predecessor-version":[{"id":11359,"href":"https:\/\/vidum.es\/es\/wp-json\/wp\/v2\/pages\/10845\/revisions\/11359"}],"wp:attachment":[{"href":"https:\/\/vidum.es\/es\/wp-json\/wp\/v2\/media?parent=10845"}],"curies":[{"name":"wp","href":"https:\/\/api.w.org\/{rel}","templated":true}]}}