{"id":10903,"date":"2019-09-16T08:11:51","date_gmt":"2019-09-16T08:11:51","guid":{"rendered":"https:\/\/vidum.es\/?page_id=10903"},"modified":"2023-02-03T14:42:52","modified_gmt":"2023-02-03T14:42:52","slug":"legal-notice","status":"publish","type":"page","link":"https:\/\/vidum.es\/es\/legal-notice\/","title":{"rendered":"Legal notice"},"content":{"rendered":"<p>[vc_row css=\u00bb.vc_custom_1566980799173{background-color: #ffffff !important;background-position: center !important;background-repeat: no-repeat !important;background-size: cover !important;}\u00bb][vc_column][vc_row_inner css=\u00bb.vc_custom_1566990878497{margin-top: 5% !important;}\u00bb][vc_column_inner]<div class=\"eltdf-elements-holder eltdf-responsive-mode-768\" ><div class=\"eltdf-eh-item \" data-item-class=\"eltdf-eh-custom-233232\" >\n\t<div class=\"eltdf-eh-item-inner\" >\n\t\t<div class=\"eltdf-eh-item-content eltdf-eh-custom-233232\" >\n\t\t\t<a itemprop=\"url\" href=\"https:\/\/www.vidum.es\" target=\"_self\"  class=\"eltdf-btn eltdf-btn-medium eltdf-btn-solid eltdf-btn-icon\"  >\n    <span class=\"eltdf-btn-text\"><\/span>\n    <i class=\"eltdf-icon-font-awesome fa fa-angle-double-left \" ><\/i><\/a>\t\t<\/div>\n\t<\/div>\n\t<\/div><\/div>[\/vc_column_inner][\/vc_row_inner][vc_row_inner row_content_width=\u00bbgrid\u00bb content_text_aligment=\u00bbleft\u00bb][vc_column_inner offset=\u00bbvc_hidden-xs\u00bb]<div class=\"eltdf-elements-holder eltdf-two-columns eltdf-responsive-mode-768\" ><div class=\"eltdf-eh-item \" data-item-class=\"eltdf-eh-custom-472482\" >\n\t<div class=\"eltdf-eh-item-inner\" >\n\t\t<div class=\"eltdf-eh-item-content eltdf-eh-custom-472482\" >\n\t\t\t[vc_empty_space height=\u00bb50&#8243;][vc_column_text]<strong>AVISO LEGAL<\/strong><\/p>\n<ol>\n<li>OBJETO<\/li>\n<\/ol>\n<p>El presente aviso legal regula el uso y utilizaci\u00f3n del sitio web www.vidum.es del que es titular FOODIBEV INTERNATIONAL, S.L. (en adelante FOODIBEV).<\/p>\n<p>La navegaci\u00f3n por el sitio web de FOODIBEV le atribuye la condici\u00f3n de USUARIO del mismo y conlleva su aceptaci\u00f3n plena y sin reservas de todas y cada una de las condiciones publicadas en este aviso legal, advirtiendo de que dichas condiciones podr\u00e1n ser modificadas sin notificaci\u00f3n previa por parte de FOODIBEV, en cuyo caso se proceder\u00e1 a su publicaci\u00f3n y aviso con la m\u00e1xima antelaci\u00f3n posible.<\/p>\n<p>Por ello es recomendable leer atentamente su contenido en caso de desear acceder y hacer uso de la informaci\u00f3n y de los servicios ofrecidos desde este sitio web.<\/p>\n<p>El usuario, adem\u00e1s, se obliga a hacer un uso correcto del sitio web de conformidad con las leyes, la buena fe, el orden p\u00fablico, los usos del tr\u00e1fico y el presente Aviso Legal, y responder\u00e1 frente a FOODIBEV o frente a terceros, de cualesquiera da\u00f1os y perjuicios que pudieran causarse como consecuencia del incumplimiento de dicha obligaci\u00f3n.<\/p>\n<p>Cualquier utilizaci\u00f3n distinta a la autorizada est\u00e1 expresamente prohibida, pudiendo FOODIBEV denegar o retirar el acceso y su uso en cualquier momento.<\/p>\n<ol start=\"2\">\n<li>IDENTIFICACI\u00d3N<\/li>\n<\/ol>\n<p>FOODIBEV, en cumplimiento de la Ley 34\/2002, de 11 de julio, de Servicios de la Sociedad de la Informaci\u00f3n y de Comercio Electr\u00f3nico, le informa de que:<\/p>\n<ul>\n<li>Su denominaci\u00f3n social es: FOODIBEV INTERNATIONAL, S.L.<\/li>\n<li>Su nombre comercial es: FOODIBEV<\/li>\n<li>Su CIF es: B99351207<\/li>\n<li>Su domicilio social est\u00e1 en c\/ Teniente Coronel Valenzuela, 5, 1, 50004, Zaragoza (Espa\u00f1a)<\/li>\n<li>Est\u00e1 inscrita en el Registro Mercantil de Zaragoza, Tomo 3924, Folio 86, Hoja Z-53857<\/li>\n<\/ul>\n<ol start=\"3\">\n<li>COMUNICACIONES<\/li>\n<\/ol>\n<p>Para comunicarse con nosotros, ponemos a su disposici\u00f3n diferentes medios de contacto que detallamos a continuaci\u00f3n:<\/p>\n<ul>\n<li>Tel\u00e9fono: 976 38 05 58<\/li>\n<li>Email: info@foodibev.com<\/li>\n<li>Direcci\u00f3n postal: c\/ Teniente Coronel Valenzuela, 5, 1, 50004, Zaragoza (Espa\u00f1a)<\/li>\n<\/ul>\n<p>Todas las notificaciones y comunicaciones entre los usuarios y FOODIBEV se considerar\u00e1n eficaces, a todos los efectos, cuando se realicen a trav\u00e9s de cualquier medio de los detallados anteriormente.<\/p>\n<ol start=\"4\">\n<li>CONDICIONES DE ACCESO Y UTILIZACI\u00d3N<\/li>\n<\/ol>\n<p>El sitio web y sus servicios son de acceso libre y gratuito. No obstante, FOODIBEV puede condicionar la utilizaci\u00f3n de algunos de los servicios ofrecidos en su web a la previa cumplimentaci\u00f3n del correspondiente formulario.<\/p>\n<p>El usuario garantiza la autenticidad y actualidad de todos aquellos datos que comunique a FOODIBEV y ser\u00e1 el \u00fanico responsable de las manifestaciones falsas o inexactas que realice.<\/p>\n<p>El usuario se compromete expresamente a hacer un uso adecuado de los contenidos y servicios de FOODIBEV y a no emplearlos para, entre otros:<\/p>\n<ul>\n<li>Difundir contenidos delictivos, violentos, pornogr\u00e1ficos, racistas, xen\u00f3fobos, ofensivos, de apolog\u00eda del terrorismo o, en general, contrarios a la ley o al orden p\u00fablico.<\/li>\n<li>Introducir en la red virus inform\u00e1ticos o realizar actuaciones susceptibles de alterar, estropear, interrumpir o generar errores o da\u00f1os en los documentos electr\u00f3nicos, datos o sistemas f\u00edsicos y l\u00f3gicos de FOODIBEV o de terceras personas; as\u00ed como obstaculizar el acceso de otros usuarios al sitio web y a sus servicios mediante el consumo masivo de los recursos inform\u00e1ticos a trav\u00e9s de los cuales FOODIBEV presta sus servicios.<\/li>\n<li>Intentar acceder a las cuentas de correo electr\u00f3nico de otros usuarios o a \u00e1reas restringidas de los sistemas inform\u00e1ticos de FOODIBEV o de terceros y, en su caso, extraer informaci\u00f3n.<\/li>\n<li>Vulnerar los derechos de propiedad intelectual o industrial, as\u00ed como violar la confidencialidad de la informaci\u00f3n de FOODIBEV o de terceros.<\/li>\n<li>Suplantar la identidad de cualquier otro usuario.<\/li>\n<li>Reproducir, copiar, distribuir, poner a disposici\u00f3n de, o cualquier otra forma de comunicaci\u00f3n p\u00fablica, transformar o modificar los contenidos, a menos que se cuente con la autorizaci\u00f3n del titular de los correspondientes derechos o ello resulte legalmente permitido.<\/li>\n<li>Recabar datos con finalidad publicitaria y de remitir publicidad de cualquier clase y comunicaciones con fines de venta u otras de naturaleza comercial sin que medie su previa solicitud o consentimiento.<\/li>\n<\/ul>\n<p>Todos los contenidos del sitio web, como textos, fotograf\u00edas, gr\u00e1ficos, im\u00e1genes, iconos, tecnolog\u00eda, software, as\u00ed como su dise\u00f1o gr\u00e1fico y c\u00f3digos fuente, constituyen una obra cuya propiedad pertenece a FOODIBEV, sin que puedan entenderse cedidos al usuario ninguno de los derechos de explotaci\u00f3n sobre los mismos m\u00e1s all\u00e1 de lo estrictamente necesario para el correcto uso de la web.<\/p>\n<p>En definitiva, los usuarios que accedan a este sitio web pueden visualizar los contenidos y efectuar, en su caso, copias privadas autorizadas siempre que los elementos reproducidos no sean cedidos posteriormente a terceros, ni se instalen a servidores conectados a redes, ni sean objeto de ning\u00fan tipo de explotaci\u00f3n.<\/p>\n<p>Asimismo, todas las marcas, nombres comerciales o signos distintivos de cualquier clase que aparecen en el sitio web son propiedad de FOODIBEV, sin que pueda entenderse que el uso o acceso al mismo atribuya al usuario derecho alguno sobre los mismos.<\/p>\n<p>La distribuci\u00f3n, modificaci\u00f3n, cesi\u00f3n o comunicaci\u00f3n p\u00fablica de los contenidos y cualquier otro acto que no haya sido expresamente autorizado por el titular de los derechos de explotaci\u00f3n quedan prohibidos.<\/p>\n<p>El establecimiento de un hiperenlace no implica en ning\u00fan caso la existencia de relaciones entre FOODIBEV y el propietario del sitio web en la que se establezca, ni la aceptaci\u00f3n y aprobaci\u00f3n por parte de FOODIBEV de sus contenidos o servicios.<\/p>\n<p>FOODIBEV no se responsabiliza del uso que cada usuario les d\u00e9 a los materiales puestos a disposici\u00f3n en este sitio web ni de las actuaciones que realice en base a los mismos.<\/p>\n<p>4.1 EXCLUSI\u00d3N DE GARANT\u00cdAS Y DE RESPONSABILIDAD EN EL ACCESO Y LA UTILIZACI\u00d3N<\/p>\n<p>El presente apartado no pretende limitar la responsabilidad de FOODIBEV de forma contraria a lo dispuesto en las normativas nacionales aplicables, ni excluir su responsabilidad en casos en los que, en virtud de dichas normativas, no pueda declinarla. FOODIBEV excluye, hasta donde permite el ordenamiento jur\u00eddico, cualquier responsabilidad por los da\u00f1os y perjuicios de toda naturaleza derivados de:<\/p>\n<ul>\n<li>La imposibilidad de acceso al sitio web.<\/li>\n<li>El incumplimiento de las leyes, la buena fe, el orden p\u00fablico, los usos del tr\u00e1fico y el presente aviso legal como consecuencia del uso incorrecto del sitio web. En particular, y a modo ejemplificativo, FOODIBEV no se hace responsable de las actuaciones de terceros que vulneren derechos de propiedad intelectual e industrial, secretos empresariales, derechos al honor, a la intimidad personal y familiar y a la propia imagen, as\u00ed como la normativa en materia de competencia desleal y publicidad il\u00edcita.<\/li>\n<\/ul>\n<p>Asimismo, FOODIBEV declina cualquier responsabilidad respecto a la informaci\u00f3n que se halle fuera de esta web y no sea gestionada directamente por nuestro web master. La funci\u00f3n de los links que aparecen en esta web es exclusivamente la de informar al usuario sobre la existencia de otras fuentes susceptibles de ampliar los contenidos que ofrece este sitio web. FOODIBEV no garantiza ni se responsabiliza del funcionamiento o accesibilidad de los sitios enlazados; ni sugiere, invita o recomienda la visita a los mismos, por lo que tampoco ser\u00e1 responsable del resultado obtenido. FOODIBEV no se responsabiliza del establecimiento de hiperv\u00ednculos por parte de terceros.<\/p>\n<p>4.2 PROCEDIMIENTO EN CASO DE REALIZACI\u00d3N DE ACTIVIDADES DE CAR\u00c1CTER IL\u00cdCITO<\/p>\n<p>En el caso de que cualquier usuario o un tercero considere que existen hechos o circunstancias que revelen el car\u00e1cter il\u00edcito de la utilizaci\u00f3n de cualquier contenido y\/o de la realizaci\u00f3n de cualquier actividad en las p\u00e1ginas web incluidas o accesibles a trav\u00e9s del sitio web, deber\u00e1 enviar una notificaci\u00f3n a FOODIBEV identific\u00e1ndose debidamente y especificando las supuestas infracciones.<\/p>\n<p>4.3 PUBLICACIONES<\/p>\n<p>La informaci\u00f3n administrativa facilitada a trav\u00e9s del sitio web no sustituye la publicidad legal de las leyes, normativas, planes, disposiciones generales y actos que tengan que ser publicados formalmente a los diarios oficiales de las administraciones p\u00fablicas, que constituyen el \u00fanico instrumento que da fe de su autenticidad y contenido. La informaci\u00f3n disponible en este sitio web debe entenderse como una gu\u00eda sin prop\u00f3sito de validez legal.<\/p>\n<ol start=\"5\">\n<li>LEGISLACI\u00d3N APLICABLE<\/li>\n<\/ol>\n<p>Las condiciones presentes se regir\u00e1n por la legislaci\u00f3n espa\u00f1ola vigente.<\/p>\n<p>La lengua utilizada ser\u00e1 el Castellano.[\/vc_column_text][vc_empty_space height=\u00bb50&#8243;]\t\t<\/div>\n\t<\/div>\n\t<\/div><\/div>[\/vc_column_inner][\/vc_row_inner][\/vc_column][\/vc_row]<\/p>\n","protected":false},"excerpt":{"rendered":"<p>[vc_row css=\u00bb.vc_custom_1566980799173{background-color: #ffffff !important;background-position: center !important;background-repeat: no-repeat !important;background-size: cover !important;}\u00bb][vc_column][vc_row_inner css=\u00bb.vc_custom_1566990878497{margin-top: 5% !important;}\u00bb][vc_column_inner][\/vc_column_inner][\/vc_row_inner][vc_row_inner row_content_width=\u00bbgrid\u00bb content_text_aligment=\u00bbleft\u00bb][vc_column_inner offset=\u00bbvc_hidden-xs\u00bb][\/vc_column_inner][\/vc_row_inner][\/vc_column][\/vc_row]<\/p>\n","protected":false},"author":1,"featured_media":0,"parent":0,"menu_order":0,"comment_status":"closed","ping_status":"closed","template":"","meta":{"footnotes":""},"class_list":["post-10903","page","type-page","status-publish","hentry"],"_links":{"self":[{"href":"https:\/\/vidum.es\/es\/wp-json\/wp\/v2\/pages\/10903","targetHints":{"allow":["GET"]}}],"collection":[{"href":"https:\/\/vidum.es\/es\/wp-json\/wp\/v2\/pages"}],"about":[{"href":"https:\/\/vidum.es\/es\/wp-json\/wp\/v2\/types\/page"}],"author":[{"embeddable":true,"href":"https:\/\/vidum.es\/es\/wp-json\/wp\/v2\/users\/1"}],"replies":[{"embeddable":true,"href":"https:\/\/vidum.es\/es\/wp-json\/wp\/v2\/comments?post=10903"}],"version-history":[{"count":6,"href":"https:\/\/vidum.es\/es\/wp-json\/wp\/v2\/pages\/10903\/revisions"}],"predecessor-version":[{"id":16770,"href":"https:\/\/vidum.es\/es\/wp-json\/wp\/v2\/pages\/10903\/revisions\/16770"}],"wp:attachment":[{"href":"https:\/\/vidum.es\/es\/wp-json\/wp\/v2\/media?parent=10903"}],"curies":[{"name":"wp","href":"https:\/\/api.w.org\/{rel}","templated":true}]}}