{"id":10932,"date":"2019-09-16T09:59:03","date_gmt":"2019-09-16T09:59:03","guid":{"rendered":"https:\/\/vidum.es\/?page_id=10932"},"modified":"2026-02-16T13:32:02","modified_gmt":"2026-02-16T13:32:02","slug":"history","status":"publish","type":"page","link":"https:\/\/vidum.es\/es\/history\/","title":{"rendered":"Historia"},"content":{"rendered":"<p>[vc_row content_text_aligment=\u00bbright\u00bb css=\u00bb.vc_custom_1568801088277{background-color: #eaeaea !important;background-position: center !important;background-repeat: no-repeat !important;background-size: cover !important;}\u00bb][vc_column]<div class=\"eltdf-elements-holder eltdf-two-columns eltdf-responsive-mode-1280\" ><div class=\"eltdf-eh-item eltdf-horizontal-alignment-center\" data-item-class=\"eltdf-eh-custom-477273\" >\n\t<div class=\"eltdf-eh-item-inner\" >\n\t\t<div class=\"eltdf-eh-item-content eltdf-eh-custom-477273\" >\n\t\t\t[vc_custom_heading text=\u00bbVINICULTURA<br \/>\nTRADICIONAL\u00bb font_container=\u00bbtag:h2|font_size:30px|text_align:center|line_height:38px\u00bb google_fonts=\u00bbfont_family:Playfair%20Display%3Aregular%2Citalic%2C700%2C700italic%2C900%2C900italic|font_style:400%20regular%3A400%3Anormal\u00bb][vc_column_text css=\u00bb.vc_custom_1729078861789{margin-right: 5% !important;margin-left: 5% !important;}\u00bb]Donde el roc\u00edo de la ma\u00f1ana ba\u00f1a las uvas y el sol de la tarde seca los suelos hasta agrietarlos.<br \/>\nDonde los vientos del oeste limpian los cielos de nubes.<br \/>\nAh\u00ed es donde nace Vidum.[\/vc_column_text][vc_custom_heading text=\u00bbMark Verheijen\u00bb font_container=\u00bbtag:h4|font_size:30px|text_align:center|color:%23737272|line_height:38px\u00bb google_fonts=\u00bbfont_family:Playfair%20Display%3Aregular%2Citalic%2C700%2C700italic%2C900%2C900italic|font_style:400%20regular%3A400%3Anormal\u00bb][vc_single_image image=\u00bb11252&#8243; img_size=\u00bbmedium\u00bb alignment=\u00bbcenter\u00bb][vc_empty_space height=\u00bb10px\u00bb]\t\t<\/div>\n\t<\/div>\n\t<\/div><div class=\"eltdf-eh-item eltdf-horizontal-alignment-center\" data-item-class=\"eltdf-eh-custom-459068\" >\n\t<div class=\"eltdf-eh-item-inner\" >\n\t\t<div class=\"eltdf-eh-item-content eltdf-eh-custom-459068\" >\n\t\t\t[vc_single_image image=\u00bb11048&#8243; img_size=\u00bblarge\u00bb alignment=\u00bbcenter\u00bb css_animation=\u00bbfadeIn\u00bb]\t\t<\/div>\n\t<\/div>\n\t<\/div><\/div>[\/vc_column][\/vc_row][vc_row row_type=\u00bbparallax\u00bb row_content_width=\u00bbgrid\u00bb content_text_aligment=\u00bbcenter\u00bb][vc_column]<div class=\"eltdf-elements-holder eltdf-responsive-mode-768\" ><div class=\"eltdf-eh-item \" data-item-class=\"eltdf-eh-custom-632227\" >\n\t<div class=\"eltdf-eh-item-inner\" >\n\t\t<div class=\"eltdf-eh-item-content eltdf-eh-custom-632227\" >\n\t\t\t[vc_empty_space height=\u00bb50px\u00bb][vc_column_text]<\/p>\n<p style=\"text-align: left;\">Mi historia de amor empieza cuando termin\u00e9 la universidad. Mochila en mano, sal\u00ed de Holanda y recorr\u00ed Europa subiendo y bajando de tren en tren. En una de esas paradas, me encontr\u00e9 con los grandes campos de Espa\u00f1a que me fascinaron al igual que el car\u00e1cter cercano de su gente.<br \/>\nEn una de mis paradas, cuando una tormenta me obligo a buscar refugio y termin\u00e9 en una peque\u00f1a bodega, descubr\u00ed el arte detr\u00e1s de un buen vino, una sabidur\u00eda transmitida de padres a hijos y generaci\u00f3n tras generaci\u00f3n. Pero no fue hasta a\u00f1os despu\u00e9s, cuando supe apreciar el valor de la buena elecci\u00f3n de los granos de uva y su influencia en los aromas, el color y el sabor del vino. Estar\u00e9 eternamente agradecido a esa peque\u00f1a familia que me acogi\u00f3 cuando escapaba de la lluvia, y me llevo un paso m\u00e1s cerca de encontrar mi pasi\u00f3n.<\/p>\n<p>[\/vc_column_text][vc_empty_space height=\u00bb50px\u00bb]\t\t<\/div>\n\t<\/div>\n\t<\/div><\/div>[\/vc_column][\/vc_row][vc_row][vc_column offset=\u00bbvc_hidden-sm vc_hidden-xs\u00bb]<div class=\"eltdf-elements-holder eltdf-two-columns eltdf-responsive-mode-768\" style=\"background-color:#ffffff;\"><div class=\"eltdf-eh-item \" data-item-class=\"eltdf-eh-custom-135829\" >\n\t<div class=\"eltdf-eh-item-inner\" >\n\t\t<div class=\"eltdf-eh-item-content eltdf-eh-custom-135829\" >\n\t\t\t[vc_single_image image=\u00bb11055&#8243; img_size=\u00bbfull\u00bb css_animation=\u00bbfadeIn\u00bb]\t\t<\/div>\n\t<\/div>\n\t<\/div><div class=\"eltdf-eh-item \" data-item-class=\"eltdf-eh-custom-998165\" >\n\t<div class=\"eltdf-eh-item-inner\" style=\"background-color: #ffffff\">\n\t\t<div class=\"eltdf-eh-item-content eltdf-eh-custom-998165\" >\n\t\t\t[vc_empty_space height=\u00bb50px\u00bb][vc_column_text css=\u00bb.vc_custom_1729078917834{margin-right: 10% !important;margin-left: 10% !important;}\u00bb]<\/p>\n<p style=\"text-align: left;\">Fue entonces cuando conoc\u00ed a Maya, mi mujer, quien fue a fijarse en este holand\u00e9s que, sin querer, le hizo re\u00edr. Nos conocimos en una cata de vino en una feria de alimentaci\u00f3n en Europa y poco despu\u00e9s encaminamos juntos nuestro futuro hacia Espa\u00f1a con un proyecto en mente, una maleta cargada de ilusiones y sue\u00f1os, y un objetivo muy claro:<br \/>\nVidum, nuestra empresa y nuestra pasi\u00f3n, con la que queremos compartir una parte importante de Espa\u00f1a y llevar sus vinos a todo el mundo, alcanzando los mercados m\u00e1s rec\u00f3nditos del planeta. Para ello, hemos seleccionado caldos de calidad, creados con uvas cultivadas en suelos calizos en climas extremos que le imprimen car\u00e1cter.<\/p>\n<p>[\/vc_column_text][vc_empty_space height=\u00bb50px\u00bb]\t\t<\/div>\n\t<\/div>\n\t<\/div><\/div>[\/vc_column][\/vc_row][vc_row][vc_column offset=\u00bbvc_hidden-lg vc_hidden-md\u00bb]<div class=\"eltdf-elements-holder eltdf-two-columns eltdf-responsive-mode-768\" style=\"background-color:#ffffff;\"><div class=\"eltdf-eh-item \" data-item-class=\"eltdf-eh-custom-555526\" >\n\t<div class=\"eltdf-eh-item-inner\" >\n\t\t<div class=\"eltdf-eh-item-content eltdf-eh-custom-555526\" >\n\t\t\t[vc_single_image image=\u00bb11055&#8243; img_size=\u00bbfull\u00bb css_animation=\u00bbfadeIn\u00bb]\t\t<\/div>\n\t<\/div>\n\t<\/div><div class=\"eltdf-eh-item \" data-item-class=\"eltdf-eh-custom-765552\" >\n\t<div class=\"eltdf-eh-item-inner\" style=\"background-color: #ffffff\">\n\t\t<div class=\"eltdf-eh-item-content eltdf-eh-custom-765552\" >\n\t\t\t[vc_empty_space height=\u00bb50px\u00bb][vc_column_text css=\u00bb.vc_custom_1729078927120{margin-right: 10% !important;margin-left: 10% !important;}\u00bb]<\/p>\n<p style=\"text-align: left;\">Fue entonces cuando conoc\u00ed a Maya, mi mujer, quien fue a fijarse en este holand\u00e9s que, sin querer, le hizo re\u00edr. Nos conocimos en una cata de vino en una feria de alimentaci\u00f3n en Europa y poco despu\u00e9s encaminamos juntos nuestro futuro hacia Espa\u00f1a con un proyecto en mente, una maleta cargada de ilusiones y sue\u00f1os, y un objetivo muy claro:<br \/>\nVidum, nuestra empresa y nuestra pasi\u00f3n, con la que queremos compartir una parte importante de Espa\u00f1a y llevar sus vinos a todo el mundo, alcanzando los mercados m\u00e1s rec\u00f3nditos del planeta. Para ello, hemos seleccionado caldos de calidad, creados con uvas cultivadas en suelos calizos en climas extremos que le imprimen car\u00e1cter.<\/p>\n<p>[\/vc_column_text]\t\t<\/div>\n\t<\/div>\n\t<\/div><\/div>[\/vc_column][\/vc_row][vc_row row_type=\u00bbparallax\u00bb row_content_width=\u00bbgrid\u00bb content_text_aligment=\u00bbcenter\u00bb][vc_column]<div class=\"eltdf-elements-holder eltdf-responsive-mode-768\" ><div class=\"eltdf-eh-item \" data-item-class=\"eltdf-eh-custom-160748\" >\n\t<div class=\"eltdf-eh-item-inner\" >\n\t\t<div class=\"eltdf-eh-item-content eltdf-eh-custom-160748\" >\n\t\t\t[vc_empty_space height=\u00bb50px\u00bb][vc_column_text]<\/p>\n<p style=\"text-align: left;\">As\u00ed nace<strong> VIDUM, <\/strong>una empresa con sede en Espa\u00f1a especializada en la creaci\u00f3n, promoci\u00f3n y distribuci\u00f3n de vinos en todo el mundo.<br \/>\nNuestros vinos han sido introducidos en m\u00e1s de <strong>50 pa\u00edses<\/strong> de Asia, Am\u00e9rica, Europa y \u00c1frica con m\u00e1s de <strong>6.000.000 de botellas<\/strong> vendidas el a\u00f1o pasado.<br \/>\nEn nuestra larga experiencia, hemos desarrollado un profundo conocimiento de los mercados internacionales del vino y somos capaces de seleccionar los vinos m\u00e1s adecuados para cada demanda.<br \/>\nNuestra principal fortaleza es la flexibilidad para adaptar nuestra oferta a las demandas espec\u00edficas de cada mercado. Estamos especializados en vinos de nivel b\u00e1sico y medio.<br \/>\nEstablecidas <strong>desde 1870<\/strong>, nuestras bodegas tienen una larga tradici\u00f3n en la elaboraci\u00f3n de vinos. Hoy en d\u00eda, nuestras instalaciones y procesos est\u00e1n adaptados a los nuevos est\u00e1ndares de calidad.<br \/>\nAdem\u00e1s, hemos implantado un sistema de calidad, con un procedimiento de trazabilidad para garantizar el m\u00e1ximo nivel de calidad desde la vi\u00f1a hasta el consumidor final.<\/p>\n<p>[\/vc_column_text]\t\t<\/div>\n\t<\/div>\n\t<\/div><\/div>[\/vc_column][\/vc_row][vc_row][vc_column offset=\u00bbvc_hidden-sm vc_hidden-xs\u00bb]<div class=\"eltdf-elements-holder eltdf-responsive-mode-768 eltdf-one-column-alignment-center\" ><div class=\"eltdf-eh-item eltdf-horizontal-alignment-center\" data-item-class=\"eltdf-eh-custom-858338\" >\n\t<div class=\"eltdf-eh-item-inner\" >\n\t\t<div class=\"eltdf-eh-item-content eltdf-eh-custom-858338\" >\n\t\t\t[vc_custom_heading text=\u00bbHACEMOS REALIDAD LOS SUE\u00d1OS DE NUESTROS CLIENTES\u00bb font_container=\u00bbtag:h2|font_size:30px|text_align:center|line_height:38px\u00bb google_fonts=\u00bbfont_family:Playfair%20Display%3Aregular%2Citalic%2C700%2C700italic%2C900%2C900italic|font_style:400%20regular%3A400%3Anormal\u00bb css=\u00bb.vc_custom_1729079030008{margin-right: 5% !important;margin-left: 5% !important;}\u00bb][vc_column_text css=\u00bb.vc_custom_1729079058551{margin-right: 10% !important;margin-left: 10% !important;}\u00bb]Hay un vino perfecto para ti, \u00bfquieres descubrirlo?[\/vc_column_text][vc_empty_space height=\u00bb50px\u00bb]\t\t<\/div>\n\t<\/div>\n\t<\/div><\/div>[\/vc_column][\/vc_row][vc_row][vc_column offset=\u00bbvc_hidden-lg vc_hidden-md\u00bb]<div class=\"eltdf-elements-holder eltdf-responsive-mode-768 eltdf-one-column-alignment-center\" ><div class=\"eltdf-eh-item eltdf-horizontal-alignment-center\" data-item-class=\"eltdf-eh-custom-537723\" >\n\t<div class=\"eltdf-eh-item-inner\" >\n\t\t<div class=\"eltdf-eh-item-content eltdf-eh-custom-537723\" >\n\t\t\t[vc_custom_heading text=\u00bbHACEMOS REALIDAD LOS SUE\u00d1OS DE NUESTROS CLIENTES\u00bb font_container=\u00bbtag:h3|font_size:20px|text_align:center|line_height:28px\u00bb google_fonts=\u00bbfont_family:Playfair%20Display%3Aregular%2Citalic%2C700%2C700italic%2C900%2C900italic|font_style:400%20regular%3A400%3Anormal\u00bb css=\u00bb.vc_custom_1729079074859{margin-right: 5% !important;margin-left: 5% !important;}\u00bb][vc_column_text css=\u00bb.vc_custom_1729079064134{margin-right: 10% !important;margin-left: 10% !important;}\u00bb]Hay un vino perfecto para ti, \u00bfquieres descubrirlo?[\/vc_column_text][vc_empty_space height=\u00bb50px\u00bb]\t\t<\/div>\n\t<\/div>\n\t<\/div><\/div>[\/vc_column][\/vc_row]<\/p>\n","protected":false},"excerpt":{"rendered":"<p>[vc_row content_text_aligment=\u00bbright\u00bb css=\u00bb.vc_custom_1568801088277{background-color: #eaeaea !important;background-position: center !important;background-repeat: no-repeat !important;background-size: cover !important;}\u00bb][vc_column][\/vc_column][\/vc_row][vc_row row_type=\u00bbparallax\u00bb row_content_width=\u00bbgrid\u00bb content_text_aligment=\u00bbcenter\u00bb][vc_column][\/vc_column][\/vc_row][vc_row][vc_column offset=\u00bbvc_hidden-sm vc_hidden-xs\u00bb][\/vc_column][\/vc_row][vc_row][vc_column offset=\u00bbvc_hidden-lg vc_hidden-md\u00bb][\/vc_column][\/vc_row][vc_row row_type=\u00bbparallax\u00bb row_content_width=\u00bbgrid\u00bb content_text_aligment=\u00bbcenter\u00bb][vc_column][\/vc_column][\/vc_row][vc_row][vc_column offset=\u00bbvc_hidden-sm vc_hidden-xs\u00bb][\/vc_column][\/vc_row][vc_row][vc_column offset=\u00bbvc_hidden-lg vc_hidden-md\u00bb][\/vc_column][\/vc_row]<\/p>\n","protected":false},"author":1,"featured_media":0,"parent":0,"menu_order":0,"comment_status":"closed","ping_status":"closed","template":"full-width.php","meta":{"footnotes":""},"class_list":["post-10932","page","type-page","status-publish","hentry"],"_links":{"self":[{"href":"https:\/\/vidum.es\/es\/wp-json\/wp\/v2\/pages\/10932","targetHints":{"allow":["GET"]}}],"collection":[{"href":"https:\/\/vidum.es\/es\/wp-json\/wp\/v2\/pages"}],"about":[{"href":"https:\/\/vidum.es\/es\/wp-json\/wp\/v2\/types\/page"}],"author":[{"embeddable":true,"href":"https:\/\/vidum.es\/es\/wp-json\/wp\/v2\/users\/1"}],"replies":[{"embeddable":true,"href":"https:\/\/vidum.es\/es\/wp-json\/wp\/v2\/comments?post=10932"}],"version-history":[{"count":57,"href":"https:\/\/vidum.es\/es\/wp-json\/wp\/v2\/pages\/10932\/revisions"}],"predecessor-version":[{"id":18287,"href":"https:\/\/vidum.es\/es\/wp-json\/wp\/v2\/pages\/10932\/revisions\/18287"}],"wp:attachment":[{"href":"https:\/\/vidum.es\/es\/wp-json\/wp\/v2\/media?parent=10932"}],"curies":[{"name":"wp","href":"https:\/\/api.w.org\/{rel}","templated":true}]}}