{"id":16697,"date":"2022-09-27T10:10:52","date_gmt":"2022-09-27T10:10:52","guid":{"rendered":"https:\/\/vidum.es\/?page_id=16697"},"modified":"2026-03-16T16:22:12","modified_gmt":"2026-03-16T16:22:12","slug":"do-wine-3","status":"publish","type":"page","link":"https:\/\/vidum.es\/es\/do-wine-3\/","title":{"rendered":"DO wine"},"content":{"rendered":"<p>[vc_row row_content_width=\u00bbgrid\u00bb content_text_aligment=\u00bbcenter\u00bb css=\u00bb.vc_custom_1568881979531{padding-top: 50px !important;padding-bottom: 50px !important;}\u00bb][vc_column css=\u00bb.vc_custom_1489652759587{padding-right: 0px !important;padding-left: 0px !important;}\u00bb]<div class=\"eltdf-section-title-holder\" >\n\t\t\t<h2 class=\"eltdf-st-title\" >\n\t\t\t<span>Denominaci\u00f3n de origen protegida<\/span>\n\t\t<\/h2>\n                    <div class=\"eltdf-st-separator clearfix\">\n                <div class=\"eltdf-separator\" style=\"margin-top: 23px;margin-bottom: 4px\"><\/div>\n            <\/div>\n        \t\t\t<\/div>[\/vc_column][\/vc_row][vc_row][vc_column offset=\u00bbvc_hidden-md vc_hidden-sm vc_hidden-xs\u00bb css=\u00bb.vc_custom_1747308519246{background-color: #f3efee !important;}\u00bb]<div class=\"eltdf-elements-holder eltdf-two-columns eltdf-responsive-mode-1280\" ><div class=\"eltdf-eh-item \" data-item-class=\"eltdf-eh-custom-101958\" >\n\t<div class=\"eltdf-eh-item-inner\" style=\"background-color: #f3efee\">\n\t\t<div class=\"eltdf-eh-item-content eltdf-eh-custom-101958\" style=\"padding: 0px 0px\">\n\t\t\t<div class=\"eltdf-interactive-info-box clearfix eltdf-interactive-info-box-image-left\">\n            <div class=\"eltdf-iib-image\">\n                                    <img loading=\"lazy\" decoding=\"async\" width=\"1920\" height=\"1091\" src=\"https:\/\/vidum.es\/wp-content\/uploads\/2026\/03\/Salina-Gama-completa.webp\" class=\"attachment-full size-full\" alt=\"\" srcset=\"https:\/\/vidum.es\/wp-content\/uploads\/2026\/03\/Salina-Gama-completa.webp 1920w, https:\/\/vidum.es\/wp-content\/uploads\/2026\/03\/Salina-Gama-completa-300x170.webp 300w, https:\/\/vidum.es\/wp-content\/uploads\/2026\/03\/Salina-Gama-completa-1024x582.webp 1024w, https:\/\/vidum.es\/wp-content\/uploads\/2026\/03\/Salina-Gama-completa-768x436.webp 768w, https:\/\/vidum.es\/wp-content\/uploads\/2026\/03\/Salina-Gama-completa-1536x873.webp 1536w\" sizes=\"auto, (max-width: 1920px) 100vw, 1920px\" \/>                            <span class=\"eltd-iib-image-border-top\"><\/span>\n            <span class=\"eltd-iib-image-border-right\"><\/span>\n            <span class=\"eltd-iib-image-border-bottom\"><\/span>\n            <span class=\"eltd-iib-image-border-left\"><\/span>\n            <div class=\"eltdf-iib-image-hover-info\">\n                <div class=\"eltdf-iib-image-hover-info-holder\">\n                    <div class=\"eltdf-iib-image-hover-info-inner\">\n                                                                    <\/div>\n                                            <a class=\"eltdf-iib-image-hover-link\" href=\"https:\/\/vidum.es\/en\/salina\/\" target=\"_self\"><\/a>\n                                    <\/div>\n            <\/div>\n        <\/div>\n        <div class=\"eltdf-iib-text-holder\" style=\"background-color: #f3efee\">\n            <h3 class=\"eltdf-iib-title\">Salina<\/h3>\n            <div class=\"eltdf-iib-separator clearfix\">\n        <div class=\"eltdf-separator\"><\/div>\n    <\/div>\n            <p class=\"eltdf-iib-text\">Salina es una chica y muchas a la vez: seductora, misteriosa, camale\u00f3nica y con mucha personalidad. Desc\u00fabrela en cada una de sus caras el sabor de una Denominaci\u00f3n de Origen Protegida.<\/p>\n        <\/div>\n    <\/div>\t\t<\/div>\n\t<\/div>\n\t<\/div><\/div><div class=\"eltdf-elements-holder eltdf-two-columns eltdf-responsive-mode-1280\" ><div class=\"eltdf-eh-item \" data-item-class=\"eltdf-eh-custom-827293\" >\n\t<div class=\"eltdf-eh-item-inner\" >\n\t\t<div class=\"eltdf-eh-item-content eltdf-eh-custom-827293\" style=\"padding: 0px 0px\">\n\t\t\t<div class=\"eltdf-interactive-info-box clearfix eltdf-interactive-info-box-image-right\">\n        <div class=\"eltdf-iib-text-holder\" style=\"background-color: #f3efee\">\n            <h3 class=\"eltdf-iib-title\">POSE<\/h3>\n            <div class=\"eltdf-iib-separator clearfix\">\n        <div class=\"eltdf-separator\"><\/div>\n    <\/div>\n            <p class=\"eltdf-iib-text\">\u00bfPor qu\u00e9 no inmortalizar un momento especial con un selfie? Haces clic, miras la foto y\u2026 :-O \u00a1Guau! \u00bfEse soy yo? \u00a1Tu animal interior se revela!<\/p>\n        <\/div>\n            <div class=\"eltdf-iib-image\">\n                            <img loading=\"lazy\" decoding=\"async\" width=\"1920\" height=\"1091\" src=\"https:\/\/vidum.es\/wp-content\/uploads\/2026\/03\/Pose-Gama-completa-1.webp\" class=\"attachment-full size-full\" alt=\"\" srcset=\"https:\/\/vidum.es\/wp-content\/uploads\/2026\/03\/Pose-Gama-completa-1.webp 1920w, https:\/\/vidum.es\/wp-content\/uploads\/2026\/03\/Pose-Gama-completa-1-300x170.webp 300w, https:\/\/vidum.es\/wp-content\/uploads\/2026\/03\/Pose-Gama-completa-1-1024x582.webp 1024w, https:\/\/vidum.es\/wp-content\/uploads\/2026\/03\/Pose-Gama-completa-1-768x436.webp 768w, https:\/\/vidum.es\/wp-content\/uploads\/2026\/03\/Pose-Gama-completa-1-1536x873.webp 1536w\" sizes=\"auto, (max-width: 1920px) 100vw, 1920px\" \/>                        <span class=\"eltd-iib-image-border-top\"><\/span>\n            <span class=\"eltd-iib-image-border-right\"><\/span>\n            <span class=\"eltd-iib-image-border-bottom\"><\/span>\n            <span class=\"eltd-iib-image-border-left\"><\/span>\n            <div class=\"eltdf-iib-image-hover-info\">\n                <div class=\"eltdf-iib-image-hover-info-holder\">\n                    <div class=\"eltdf-iib-image-hover-info-inner\">\n                                                                    <\/div>\n                                            <a class=\"eltdf-iib-image-hover-link\" href=\"http:\/\/www.vidum.es\/en\/pose\/\" target=\"_self\"><\/a>\n                                    <\/div>\n            <\/div>\n        <\/div>\n    <\/div>\t\t<\/div>\n\t<\/div>\n\t<\/div><\/div><div class=\"eltdf-elements-holder eltdf-two-columns eltdf-responsive-mode-1280\" ><div class=\"eltdf-eh-item \" data-item-class=\"eltdf-eh-custom-559831\" >\n\t<div class=\"eltdf-eh-item-inner\" >\n\t\t<div class=\"eltdf-eh-item-content eltdf-eh-custom-559831\" style=\"padding: 0px 0px\">\n\t\t\t<div class=\"eltdf-interactive-info-box clearfix eltdf-interactive-info-box-image-left\">\n            <div class=\"eltdf-iib-image\">\n                                    <img loading=\"lazy\" decoding=\"async\" width=\"1920\" height=\"1091\" src=\"https:\/\/vidum.es\/wp-content\/uploads\/2025\/05\/Salvaje-Gama-completa-1.webp\" class=\"attachment-full size-full\" alt=\"\" srcset=\"https:\/\/vidum.es\/wp-content\/uploads\/2025\/05\/Salvaje-Gama-completa-1.webp 1920w, https:\/\/vidum.es\/wp-content\/uploads\/2025\/05\/Salvaje-Gama-completa-1-300x170.webp 300w, https:\/\/vidum.es\/wp-content\/uploads\/2025\/05\/Salvaje-Gama-completa-1-1024x582.webp 1024w, https:\/\/vidum.es\/wp-content\/uploads\/2025\/05\/Salvaje-Gama-completa-1-768x436.webp 768w, https:\/\/vidum.es\/wp-content\/uploads\/2025\/05\/Salvaje-Gama-completa-1-1536x873.webp 1536w\" sizes=\"auto, (max-width: 1920px) 100vw, 1920px\" \/>                            <span class=\"eltd-iib-image-border-top\"><\/span>\n            <span class=\"eltd-iib-image-border-right\"><\/span>\n            <span class=\"eltd-iib-image-border-bottom\"><\/span>\n            <span class=\"eltd-iib-image-border-left\"><\/span>\n            <div class=\"eltdf-iib-image-hover-info\">\n                <div class=\"eltdf-iib-image-hover-info-holder\">\n                    <div class=\"eltdf-iib-image-hover-info-inner\">\n                                                                    <\/div>\n                                            <a class=\"eltdf-iib-image-hover-link\" href=\"http:\/\/www.vidum.es\/en\/salvaje\/\" target=\"_self\"><\/a>\n                                    <\/div>\n            <\/div>\n        <\/div>\n        <div class=\"eltdf-iib-text-holder\" style=\"background-color: #f3efee\">\n            <h3 class=\"eltdf-iib-title\">Salvaje<\/h3>\n            <div class=\"eltdf-iib-separator clearfix\">\n        <div class=\"eltdf-separator\"><\/div>\n    <\/div>\n            <p class=\"eltdf-iib-text\">Para entender la esencia de los vinos de Jumilla hay que poder sentir el ardiente sol del verano, el g\u00e9lido fr\u00edo del invierno y el contraste de temperaturas. Esta lucha por la vida, por cada rara gota de agua es la naturaleza misma de nuestros vinos de Jumilla. Nuestra gama SALVAJE representa a los habitantes de nuestros vi\u00f1edos: animales salvajes que pueden adaptarse a estas condiciones clim\u00e1ticas extremas de Jumilla y sobrevivir pase lo que pase. Esperamos que te inspire el car\u00e1cter luchador de nuestros vinos y de estas criaturas SALVAJES.<\/p>\n        <\/div>\n    <\/div>\t\t<\/div>\n\t<\/div>\n\t<\/div><\/div>[\/vc_column][\/vc_row][vc_row][vc_column offset=\u00bbvc_hidden-lg vc_hidden-xs\u00bb]<div class=\"eltdf-elements-holder eltdf-two-columns eltdf-responsive-mode-1280\" ><div class=\"eltdf-eh-item \" data-item-class=\"eltdf-eh-custom-991965\" >\n\t<div class=\"eltdf-eh-item-inner\" >\n\t\t<div class=\"eltdf-eh-item-content eltdf-eh-custom-991965\" style=\"padding: 0px 0px\">\n\t\t\t<div class=\"eltdf-interactive-info-box clearfix eltdf-interactive-info-box-image-left\">\n            <div class=\"eltdf-iib-image\">\n                                                                <span class=\"eltd-iib-image-border-top\"><\/span>\n            <span class=\"eltd-iib-image-border-right\"><\/span>\n            <span class=\"eltd-iib-image-border-bottom\"><\/span>\n            <span class=\"eltd-iib-image-border-left\"><\/span>\n            <div class=\"eltdf-iib-image-hover-info\">\n                <div class=\"eltdf-iib-image-hover-info-holder\">\n                    <div class=\"eltdf-iib-image-hover-info-inner\">\n                                                                    <\/div>\n                                            <a class=\"eltdf-iib-image-hover-link\" href=\"https:\/\/vidum.es\/en\/salina\/\" target=\"_self\"><\/a>\n                                    <\/div>\n            <\/div>\n        <\/div>\n        <div class=\"eltdf-iib-text-holder\" style=\"background-color: #ffffff\">\n            <h3 class=\"eltdf-iib-title\">Salina<\/h3>\n            <div class=\"eltdf-iib-separator clearfix\">\n        <div class=\"eltdf-separator\"><\/div>\n    <\/div>\n        <\/div>\n    <\/div>\t\t<\/div>\n\t<\/div>\n\t<\/div><\/div><div class=\"eltdf-elements-holder eltdf-two-columns eltdf-responsive-mode-1280\" ><div class=\"eltdf-eh-item \" data-item-class=\"eltdf-eh-custom-342103\" >\n\t<div class=\"eltdf-eh-item-inner\" >\n\t\t<div class=\"eltdf-eh-item-content eltdf-eh-custom-342103\" style=\"padding: 0px 0px\">\n\t\t\t<div class=\"eltdf-interactive-info-box clearfix eltdf-interactive-info-box-image-right\">\n        <div class=\"eltdf-iib-text-holder\" style=\"background-color: #ffffff\">\n            <h3 class=\"eltdf-iib-title\">POSE<\/h3>\n            <div class=\"eltdf-iib-separator clearfix\">\n        <div class=\"eltdf-separator\"><\/div>\n    <\/div>\n        <\/div>\n            <div class=\"eltdf-iib-image\">\n                                                    <span class=\"eltd-iib-image-border-top\"><\/span>\n            <span class=\"eltd-iib-image-border-right\"><\/span>\n            <span class=\"eltd-iib-image-border-bottom\"><\/span>\n            <span class=\"eltd-iib-image-border-left\"><\/span>\n            <div class=\"eltdf-iib-image-hover-info\">\n                <div class=\"eltdf-iib-image-hover-info-holder\">\n                    <div class=\"eltdf-iib-image-hover-info-inner\">\n                                                                    <\/div>\n                                            <a class=\"eltdf-iib-image-hover-link\" href=\"http:\/\/www.vidum.es\/en\/pose\/\" target=\"_self\"><\/a>\n                                    <\/div>\n            <\/div>\n        <\/div>\n    <\/div>\t\t<\/div>\n\t<\/div>\n\t<\/div><\/div><div class=\"eltdf-elements-holder eltdf-two-columns eltdf-responsive-mode-1280\" ><div class=\"eltdf-eh-item \" data-item-class=\"eltdf-eh-custom-743952\" >\n\t<div class=\"eltdf-eh-item-inner\" >\n\t\t<div class=\"eltdf-eh-item-content eltdf-eh-custom-743952\" style=\"padding: 0px 0px\">\n\t\t\t<div class=\"eltdf-interactive-info-box clearfix eltdf-interactive-info-box-image-left\">\n            <div class=\"eltdf-iib-image\">\n                                    <img loading=\"lazy\" decoding=\"async\" width=\"1920\" height=\"1091\" src=\"https:\/\/vidum.es\/wp-content\/uploads\/2025\/05\/Salvaje-Gama-completa-2.webp\" class=\"attachment-full size-full\" alt=\"\" srcset=\"https:\/\/vidum.es\/wp-content\/uploads\/2025\/05\/Salvaje-Gama-completa-2.webp 1920w, https:\/\/vidum.es\/wp-content\/uploads\/2025\/05\/Salvaje-Gama-completa-2-300x170.webp 300w, https:\/\/vidum.es\/wp-content\/uploads\/2025\/05\/Salvaje-Gama-completa-2-1024x582.webp 1024w, https:\/\/vidum.es\/wp-content\/uploads\/2025\/05\/Salvaje-Gama-completa-2-768x436.webp 768w, https:\/\/vidum.es\/wp-content\/uploads\/2025\/05\/Salvaje-Gama-completa-2-1536x873.webp 1536w\" sizes=\"auto, (max-width: 1920px) 100vw, 1920px\" \/>                            <span class=\"eltd-iib-image-border-top\"><\/span>\n            <span class=\"eltd-iib-image-border-right\"><\/span>\n            <span class=\"eltd-iib-image-border-bottom\"><\/span>\n            <span class=\"eltd-iib-image-border-left\"><\/span>\n            <div class=\"eltdf-iib-image-hover-info\">\n                <div class=\"eltdf-iib-image-hover-info-holder\">\n                    <div class=\"eltdf-iib-image-hover-info-inner\">\n                                                                    <\/div>\n                                            <a class=\"eltdf-iib-image-hover-link\" href=\"http:\/\/www.vidum.es\/en\/salvaje\/\" target=\"_self\"><\/a>\n                                    <\/div>\n            <\/div>\n        <\/div>\n        <div class=\"eltdf-iib-text-holder\" style=\"background-color: #ffffff\">\n            <h3 class=\"eltdf-iib-title\">Salvaje<\/h3>\n            <div class=\"eltdf-iib-separator clearfix\">\n        <div class=\"eltdf-separator\"><\/div>\n    <\/div>\n        <\/div>\n    <\/div>\t\t<\/div>\n\t<\/div>\n\t<\/div><\/div>[\/vc_column][\/vc_row][vc_row][vc_column offset=\u00bbvc_hidden-lg vc_hidden-md vc_hidden-sm\u00bb]<div class=\"eltdf-elements-holder eltdf-two-columns eltdf-responsive-mode-1280\" style=\"background-color:#f3efee;\"><div class=\"eltdf-eh-item \" data-item-class=\"eltdf-eh-custom-129401\" >\n\t<div class=\"eltdf-eh-item-inner\" >\n\t\t<div class=\"eltdf-eh-item-content eltdf-eh-custom-129401\" style=\"padding: 0px 0px\">\n\t\t\t<div class=\"eltdf-interactive-info-box clearfix eltdf-interactive-info-box-image-left\">\n            <div class=\"eltdf-iib-image\">\n                                                                <span class=\"eltd-iib-image-border-top\"><\/span>\n            <span class=\"eltd-iib-image-border-right\"><\/span>\n            <span class=\"eltd-iib-image-border-bottom\"><\/span>\n            <span class=\"eltd-iib-image-border-left\"><\/span>\n            <div class=\"eltdf-iib-image-hover-info\">\n                <div class=\"eltdf-iib-image-hover-info-holder\">\n                    <div class=\"eltdf-iib-image-hover-info-inner\">\n                                                                    <\/div>\n                                            <a class=\"eltdf-iib-image-hover-link\" href=\"https:\/\/vidum.es\/en\/salina\/\" target=\"_self\"><\/a>\n                                    <\/div>\n            <\/div>\n        <\/div>\n        <div class=\"eltdf-iib-text-holder\" style=\"background-color: #f3efee\">\n            <h3 class=\"eltdf-iib-title\">Salina<\/h3>\n            <div class=\"eltdf-iib-separator clearfix\">\n        <div class=\"eltdf-separator\"><\/div>\n    <\/div>\n            <p class=\"eltdf-iib-text\">Salina es una chica y muchas a la vez: seductora, misteriosa, camale\u00f3nica y con mucha personalidad. Desc\u00fabrela en cada una de sus caras el sabor de una Denominaci\u00f3n de Origen Protegida.<\/p>\n        <\/div>\n    <\/div>\t\t<\/div>\n\t<\/div>\n\t<\/div><\/div><div class=\"eltdf-elements-holder eltdf-two-columns eltdf-responsive-mode-1280\" ><div class=\"eltdf-eh-item \" data-item-class=\"eltdf-eh-custom-103571\" >\n\t<div class=\"eltdf-eh-item-inner\" >\n\t\t<div class=\"eltdf-eh-item-content eltdf-eh-custom-103571\" style=\"padding: 0px 0px\">\n\t\t\t<div class=\"eltdf-interactive-info-box clearfix eltdf-interactive-info-box-image-left\">\n            <div class=\"eltdf-iib-image\">\n                                                                <span class=\"eltd-iib-image-border-top\"><\/span>\n            <span class=\"eltd-iib-image-border-right\"><\/span>\n            <span class=\"eltd-iib-image-border-bottom\"><\/span>\n            <span class=\"eltd-iib-image-border-left\"><\/span>\n            <div class=\"eltdf-iib-image-hover-info\">\n                <div class=\"eltdf-iib-image-hover-info-holder\">\n                    <div class=\"eltdf-iib-image-hover-info-inner\">\n                                                                    <\/div>\n                                            <a class=\"eltdf-iib-image-hover-link\" href=\"http:\/\/www.vidum.es\/en\/pose\/\" target=\"_self\"><\/a>\n                                    <\/div>\n            <\/div>\n        <\/div>\n        <div class=\"eltdf-iib-text-holder\" style=\"background-color: #f3efee\">\n            <h3 class=\"eltdf-iib-title\">POSE<\/h3>\n            <div class=\"eltdf-iib-separator clearfix\">\n        <div class=\"eltdf-separator\"><\/div>\n    <\/div>\n            <p class=\"eltdf-iib-text\">\u00bfPor qu\u00e9 no inmortalizar un momento especial con un selfie? Haces clic, miras la foto y\u2026 :-O \u00a1Guau! \u00bfEse soy yo? \u00a1Tu animal interior se revela!<\/p>\n        <\/div>\n    <\/div>\t\t<\/div>\n\t<\/div>\n\t<\/div><\/div><div class=\"eltdf-elements-holder eltdf-two-columns eltdf-responsive-mode-1280\" ><div class=\"eltdf-eh-item \" data-item-class=\"eltdf-eh-custom-658281\" >\n\t<div class=\"eltdf-eh-item-inner\" >\n\t\t<div class=\"eltdf-eh-item-content eltdf-eh-custom-658281\" style=\"padding: 0px 0px\">\n\t\t\t<div class=\"eltdf-interactive-info-box clearfix eltdf-interactive-info-box-image-left\">\n            <div class=\"eltdf-iib-image\">\n                                    <img loading=\"lazy\" decoding=\"async\" width=\"1920\" height=\"1091\" src=\"https:\/\/vidum.es\/wp-content\/uploads\/2025\/05\/Salvaje-Gama-completa-2.webp\" class=\"attachment-full size-full\" alt=\"\" srcset=\"https:\/\/vidum.es\/wp-content\/uploads\/2025\/05\/Salvaje-Gama-completa-2.webp 1920w, https:\/\/vidum.es\/wp-content\/uploads\/2025\/05\/Salvaje-Gama-completa-2-300x170.webp 300w, https:\/\/vidum.es\/wp-content\/uploads\/2025\/05\/Salvaje-Gama-completa-2-1024x582.webp 1024w, https:\/\/vidum.es\/wp-content\/uploads\/2025\/05\/Salvaje-Gama-completa-2-768x436.webp 768w, https:\/\/vidum.es\/wp-content\/uploads\/2025\/05\/Salvaje-Gama-completa-2-1536x873.webp 1536w\" sizes=\"auto, (max-width: 1920px) 100vw, 1920px\" \/>                            <span class=\"eltd-iib-image-border-top\"><\/span>\n            <span class=\"eltd-iib-image-border-right\"><\/span>\n            <span class=\"eltd-iib-image-border-bottom\"><\/span>\n            <span class=\"eltd-iib-image-border-left\"><\/span>\n            <div class=\"eltdf-iib-image-hover-info\">\n                <div class=\"eltdf-iib-image-hover-info-holder\">\n                    <div class=\"eltdf-iib-image-hover-info-inner\">\n                                                                    <\/div>\n                                            <a class=\"eltdf-iib-image-hover-link\" href=\"http:\/\/www.vidum.es\/en\/salvaje\/\" target=\"_self\"><\/a>\n                                    <\/div>\n            <\/div>\n        <\/div>\n        <div class=\"eltdf-iib-text-holder\" style=\"background-color: #f3efee\">\n            <h3 class=\"eltdf-iib-title\">Salvaje<\/h3>\n            <div class=\"eltdf-iib-separator clearfix\">\n        <div class=\"eltdf-separator\"><\/div>\n    <\/div>\n            <p class=\"eltdf-iib-text\">Para entender la esencia de los vinos de Jumilla hay que poder sentir el ardiente sol del verano, el g\u00e9lido fr\u00edo del invierno y el contraste de temperaturas. Esta lucha por la vida, por cada rara gota de agua es la naturaleza misma de nuestros vinos de Jumilla. Nuestra gama SALVAJE representa a los habitantes de nuestros vi\u00f1edos: animales salvajes que pueden adaptarse a estas condiciones clim\u00e1ticas extremas de Jumilla y sobrevivir pase lo que pase. Esperamos que te inspire el car\u00e1cter luchador de nuestros vinos y de estas criaturas SALVAJES.<\/p>\n        <\/div>\n    <\/div>\t\t<\/div>\n\t<\/div>\n\t<\/div><\/div>[\/vc_column][\/vc_row][vc_row content_text_aligment=\u00bbcenter\u00bb css=\u00bb.vc_custom_1489750753483{padding-top: 60px !important;padding-bottom: 70px !important;}\u00bb][vc_column]<div class=\"eltdf-section-title-holder\" >\n\t\t\t<h4 class=\"eltdf-st-title\" style=\"color: #48122b\">\n\t\t\t<span>Nos encanta lo que hacemos, a nuestros clientes tambi\u00e9n.<\/span>\n\t\t<\/h4>\n                    <div class=\"eltdf-st-separator clearfix\">\n                <div class=\"eltdf-separator\" style=\"margin-top: 23px;margin-bottom: 4px\"><\/div>\n            <\/div>\n        \t\t\t<\/div>[\/vc_column][\/vc_row]<\/p>\n","protected":false},"excerpt":{"rendered":"<p>[vc_row row_content_width=\u00bbgrid\u00bb content_text_aligment=\u00bbcenter\u00bb css=\u00bb.vc_custom_1568881979531{padding-top: 50px !important;padding-bottom: 50px !important;}\u00bb][vc_column css=\u00bb.vc_custom_1489652759587{padding-right: 0px !important;padding-left: 0px !important;}\u00bb][\/vc_column][\/vc_row][vc_row][vc_column offset=\u00bbvc_hidden-md vc_hidden-sm vc_hidden-xs\u00bb css=\u00bb.vc_custom_1747308519246{background-color: #f3efee !important;}\u00bb][\/vc_column][\/vc_row][vc_row][vc_column offset=\u00bbvc_hidden-lg vc_hidden-xs\u00bb][\/vc_column][\/vc_row][vc_row][vc_column offset=\u00bbvc_hidden-lg vc_hidden-md vc_hidden-sm\u00bb][\/vc_column][\/vc_row][vc_row content_text_aligment=\u00bbcenter\u00bb css=\u00bb.vc_custom_1489750753483{padding-top: 60px !important;padding-bottom: 70px !important;}\u00bb][vc_column][\/vc_column][\/vc_row]<\/p>\n","protected":false},"author":1,"featured_media":0,"parent":0,"menu_order":0,"comment_status":"closed","ping_status":"closed","template":"full-width.php","meta":{"footnotes":""},"class_list":["post-16697","page","type-page","status-publish","hentry"],"_links":{"self":[{"href":"https:\/\/vidum.es\/es\/wp-json\/wp\/v2\/pages\/16697","targetHints":{"allow":["GET"]}}],"collection":[{"href":"https:\/\/vidum.es\/es\/wp-json\/wp\/v2\/pages"}],"about":[{"href":"https:\/\/vidum.es\/es\/wp-json\/wp\/v2\/types\/page"}],"author":[{"embeddable":true,"href":"https:\/\/vidum.es\/es\/wp-json\/wp\/v2\/users\/1"}],"replies":[{"embeddable":true,"href":"https:\/\/vidum.es\/es\/wp-json\/wp\/v2\/comments?post=16697"}],"version-history":[{"count":51,"href":"https:\/\/vidum.es\/es\/wp-json\/wp\/v2\/pages\/16697\/revisions"}],"predecessor-version":[{"id":18340,"href":"https:\/\/vidum.es\/es\/wp-json\/wp\/v2\/pages\/16697\/revisions\/18340"}],"wp:attachment":[{"href":"https:\/\/vidum.es\/es\/wp-json\/wp\/v2\/media?parent=16697"}],"curies":[{"name":"wp","href":"https:\/\/api.w.org\/{rel}","templated":true}]}}