{"id":16890,"date":"2023-07-07T11:18:37","date_gmt":"2023-07-07T11:18:37","guid":{"rendered":"https:\/\/vidum.es\/?page_id=16890"},"modified":"2024-10-18T10:11:10","modified_gmt":"2024-10-18T10:11:10","slug":"sparkling-wine","status":"publish","type":"page","link":"https:\/\/vidum.es\/es\/sparkling-wine\/","title":{"rendered":"Vino espumoso"},"content":{"rendered":"<p>[vc_row row_content_width=\u00bbgrid\u00bb content_text_aligment=\u00bbcenter\u00bb css=\u00bb.vc_custom_1568881875533{padding-top: 50px !important;padding-bottom: 50px !important;}\u00bb][vc_column css=\u00bb.vc_custom_1569507605899{padding-right: 0px !important;padding-left: 0px !important;}\u00bb]<div class=\"eltdf-section-title-holder\" >\n\t\t\t<h2 class=\"eltdf-st-title\" >\n\t\t\t<span>Vino espumoso<\/span>\n\t\t<\/h2>\n                    <div class=\"eltdf-st-separator clearfix\">\n                <div class=\"eltdf-separator\" style=\"margin-top: 23px;margin-bottom: 4px\"><\/div>\n            <\/div>\n        \t\t\t<\/div>[\/vc_column][\/vc_row][vc_row][vc_column offset=\u00bbvc_hidden-md vc_hidden-sm vc_hidden-xs\u00bb]<div class=\"eltdf-elements-holder eltdf-two-columns eltdf-responsive-mode-1024\" ><div class=\"eltdf-eh-item \" data-item-class=\"eltdf-eh-custom-287017\" >\n\t<div class=\"eltdf-eh-item-inner\" >\n\t\t<div class=\"eltdf-eh-item-content eltdf-eh-custom-287017\" style=\"padding: 0px 0px\">\n\t\t\t<div class=\"eltdf-interactive-info-box clearfix eltdf-interactive-info-box-image-left\">\n            <div class=\"eltdf-iib-image\">\n                                    <img loading=\"lazy\" decoding=\"async\" width=\"2250\" height=\"2250\" src=\"https:\/\/vidum.es\/wp-content\/uploads\/2023\/07\/Beatrice-Dumont.jpg\" class=\"attachment-full size-full\" alt=\"\" srcset=\"https:\/\/vidum.es\/wp-content\/uploads\/2023\/07\/Beatrice-Dumont.jpg 2250w, https:\/\/vidum.es\/wp-content\/uploads\/2023\/07\/Beatrice-Dumont-300x300.jpg 300w, https:\/\/vidum.es\/wp-content\/uploads\/2023\/07\/Beatrice-Dumont-1024x1024.jpg 1024w, https:\/\/vidum.es\/wp-content\/uploads\/2023\/07\/Beatrice-Dumont-150x150.jpg 150w, https:\/\/vidum.es\/wp-content\/uploads\/2023\/07\/Beatrice-Dumont-768x768.jpg 768w, https:\/\/vidum.es\/wp-content\/uploads\/2023\/07\/Beatrice-Dumont-1536x1536.jpg 1536w, https:\/\/vidum.es\/wp-content\/uploads\/2023\/07\/Beatrice-Dumont-550x550.jpg 550w\" sizes=\"auto, (max-width: 2250px) 100vw, 2250px\" \/>                            <span class=\"eltd-iib-image-border-top\"><\/span>\n            <span class=\"eltd-iib-image-border-right\"><\/span>\n            <span class=\"eltd-iib-image-border-bottom\"><\/span>\n            <span class=\"eltd-iib-image-border-left\"><\/span>\n            <div class=\"eltdf-iib-image-hover-info\">\n                <div class=\"eltdf-iib-image-hover-info-holder\">\n                    <div class=\"eltdf-iib-image-hover-info-inner\">\n                                                                            <a class=\"eltdf-iib-hover-link eltdf-btn eltdf-btn-small eltdf-btn-solid\" href=\"http:\/\/www.vidum.es\/pdf\/es\/espumosos-ES\/VINO%20ESPUMOSO%20-%20Beatrice%20Dumont%20-%20ES.pdf\" target=\"_self\">Ficha t\u00e9cnica<\/a>\n                                            <\/div>\n                                            <a class=\"eltdf-iib-image-hover-link\" href=\"http:\/\/www.vidum.es\/pdf\/es\/espumosos-ES\/VINO%20ESPUMOSO%20-%20Beatrice%20Dumont%20-%20ES.pdf\" target=\"_self\"><\/a>\n                                    <\/div>\n            <\/div>\n        <\/div>\n        <div class=\"eltdf-iib-text-holder\" style=\"background-color: #f3efee\">\n            <h3 class=\"eltdf-iib-title\">B\u00e9atrice Dumont<\/h3>\n            <div class=\"eltdf-iib-separator clearfix\">\n        <div class=\"eltdf-separator\"><\/div>\n    <\/div>\n            <p class=\"eltdf-iib-text\">B\u00e9atrice Dumont es el perfecto espumoso para cualquier celebraci\u00f3n. Sus aromas dulces y afrutados son constantes en el brut, semiseco y rosado. Ligeros y refrescantes, ideales para aperitivos, arroces, pescados e incluso postres.<\/p>\n        <\/div>\n    <\/div>\t\t<\/div>\n\t<\/div>\n\t<\/div><div class=\"eltdf-eh-item \" data-item-class=\"eltdf-eh-custom-132700\" >\n\t<div class=\"eltdf-eh-item-inner\" >\n\t\t<div class=\"eltdf-eh-item-content eltdf-eh-custom-132700\" style=\"padding: 0px 0px\">\n\t\t\t<div class=\"eltdf-interactive-info-box clearfix eltdf-interactive-info-box-image-left\">\n            <div class=\"eltdf-iib-image\">\n                                    <img loading=\"lazy\" decoding=\"async\" width=\"2250\" height=\"2250\" src=\"https:\/\/vidum.es\/wp-content\/uploads\/2024\/10\/Villa-Ines-1.jpg\" class=\"attachment-full size-full\" alt=\"\" \/>                            <span class=\"eltd-iib-image-border-top\"><\/span>\n            <span class=\"eltd-iib-image-border-right\"><\/span>\n            <span class=\"eltd-iib-image-border-bottom\"><\/span>\n            <span class=\"eltd-iib-image-border-left\"><\/span>\n            <div class=\"eltdf-iib-image-hover-info\">\n                <div class=\"eltdf-iib-image-hover-info-holder\">\n                    <div class=\"eltdf-iib-image-hover-info-inner\">\n                                                                            <a class=\"eltdf-iib-hover-link eltdf-btn eltdf-btn-small eltdf-btn-solid\" href=\"http:\/\/www.vidum.es\/pdf\/es\/espumosos-ES\/VINO%20ESPUMOSO%20-%20Villa%20Ines%20-%20ES.pdf\" target=\"_self\">Ficha t\u00e9cnica<\/a>\n                                            <\/div>\n                                            <a class=\"eltdf-iib-image-hover-link\" href=\"http:\/\/www.vidum.es\/pdf\/es\/espumosos-ES\/VINO%20ESPUMOSO%20-%20Villa%20Ines%20-%20ES.pdf\" target=\"_self\"><\/a>\n                                    <\/div>\n            <\/div>\n        <\/div>\n        <div class=\"eltdf-iib-text-holder\" style=\"background-color: #f3efee\">\n            <h3 class=\"eltdf-iib-title\">Villa In\u00e9s<\/h3>\n            <div class=\"eltdf-iib-separator clearfix\">\n        <div class=\"eltdf-separator\"><\/div>\n    <\/div>\n            <p class=\"eltdf-iib-text\">Villa In\u00e9s es un vino espumoso de 10 grados de alcohol que es ligero y chispeante. Con aroma frutal y a flores en el blanco y a frutos rojos maduros en el rosado con su justo toque de dulzor. T\u00f3malo muy fr\u00edo y acompa\u00f1ando aperitivos ligeros, ensaladas, frutas, queso suave y postres.<\/p>\n        <\/div>\n    <\/div>\t\t<\/div>\n\t<\/div>\n\t<\/div><\/div>[\/vc_column][\/vc_row][vc_row][vc_column offset=\u00bbvc_hidden-lg vc_hidden-md vc_hidden-sm\u00bb]<div class=\"eltdf-elements-holder eltdf-two-columns eltdf-responsive-mode-1024\" ><div class=\"eltdf-eh-item \" data-item-class=\"eltdf-eh-custom-576607\" >\n\t<div class=\"eltdf-eh-item-inner\" >\n\t\t<div class=\"eltdf-eh-item-content eltdf-eh-custom-576607\" style=\"padding: 0px 0px\">\n\t\t\t<div class=\"eltdf-interactive-info-box clearfix eltdf-interactive-info-box-image-left\">\n            <div class=\"eltdf-iib-image\">\n                                    <img loading=\"lazy\" decoding=\"async\" width=\"2250\" height=\"2250\" src=\"https:\/\/vidum.es\/wp-content\/uploads\/2023\/07\/Beatrice-Dumont.jpg\" class=\"attachment-full size-full\" alt=\"\" srcset=\"https:\/\/vidum.es\/wp-content\/uploads\/2023\/07\/Beatrice-Dumont.jpg 2250w, https:\/\/vidum.es\/wp-content\/uploads\/2023\/07\/Beatrice-Dumont-300x300.jpg 300w, https:\/\/vidum.es\/wp-content\/uploads\/2023\/07\/Beatrice-Dumont-1024x1024.jpg 1024w, https:\/\/vidum.es\/wp-content\/uploads\/2023\/07\/Beatrice-Dumont-150x150.jpg 150w, https:\/\/vidum.es\/wp-content\/uploads\/2023\/07\/Beatrice-Dumont-768x768.jpg 768w, https:\/\/vidum.es\/wp-content\/uploads\/2023\/07\/Beatrice-Dumont-1536x1536.jpg 1536w, https:\/\/vidum.es\/wp-content\/uploads\/2023\/07\/Beatrice-Dumont-550x550.jpg 550w\" sizes=\"auto, (max-width: 2250px) 100vw, 2250px\" \/>                            <span class=\"eltd-iib-image-border-top\"><\/span>\n            <span class=\"eltd-iib-image-border-right\"><\/span>\n            <span class=\"eltd-iib-image-border-bottom\"><\/span>\n            <span class=\"eltd-iib-image-border-left\"><\/span>\n            <div class=\"eltdf-iib-image-hover-info\">\n                <div class=\"eltdf-iib-image-hover-info-holder\">\n                    <div class=\"eltdf-iib-image-hover-info-inner\">\n                                                                            <a class=\"eltdf-iib-hover-link eltdf-btn eltdf-btn-small eltdf-btn-solid\" href=\"http:\/\/www.vidum.es\/pdf\/es\/espumosos-ES\/VINO%20ESPUMOSO%20-%20Beatrice%20Dumont%20-%20ES.pdf\" target=\"_self\">Ficha t\u00e9cnica<\/a>\n                                            <\/div>\n                                            <a class=\"eltdf-iib-image-hover-link\" href=\"http:\/\/www.vidum.es\/pdf\/es\/espumosos-ES\/VINO%20ESPUMOSO%20-%20Beatrice%20Dumont%20-%20ES.pdf\" target=\"_self\"><\/a>\n                                    <\/div>\n            <\/div>\n        <\/div>\n        <div class=\"eltdf-iib-text-holder\" style=\"background-color: #f3efee\">\n            <h3 class=\"eltdf-iib-title\">B\u00e9atrice Dumont<\/h3>\n            <div class=\"eltdf-iib-separator clearfix\">\n        <div class=\"eltdf-separator\"><\/div>\n    <\/div>\n            <p class=\"eltdf-iib-text\">B\u00e9atrice Dumont es el perfecto espumoso para cualquier celebraci\u00f3n. Sus aromas dulces y afrutados son constantes en el brut, semiseco y rosado. Ligeros y refrescantes, ideales para aperitivos, arroces, pescados e incluso postres.<\/p>\n        <\/div>\n    <\/div>\t\t<\/div>\n\t<\/div>\n\t<\/div><div class=\"eltdf-eh-item \" data-item-class=\"eltdf-eh-custom-914739\" >\n\t<div class=\"eltdf-eh-item-inner\" >\n\t\t<div class=\"eltdf-eh-item-content eltdf-eh-custom-914739\" style=\"padding: 0px 0px\">\n\t\t\t<div class=\"eltdf-interactive-info-box clearfix eltdf-interactive-info-box-image-left\">\n            <div class=\"eltdf-iib-image\">\n                                    <img loading=\"lazy\" decoding=\"async\" width=\"2250\" height=\"2250\" src=\"https:\/\/vidum.es\/wp-content\/uploads\/2023\/07\/Villa-Ines.jpg\" class=\"attachment-full size-full\" alt=\"\" srcset=\"https:\/\/vidum.es\/wp-content\/uploads\/2023\/07\/Villa-Ines.jpg 2250w, https:\/\/vidum.es\/wp-content\/uploads\/2023\/07\/Villa-Ines-300x300.jpg 300w, https:\/\/vidum.es\/wp-content\/uploads\/2023\/07\/Villa-Ines-1024x1024.jpg 1024w, https:\/\/vidum.es\/wp-content\/uploads\/2023\/07\/Villa-Ines-150x150.jpg 150w, https:\/\/vidum.es\/wp-content\/uploads\/2023\/07\/Villa-Ines-768x768.jpg 768w, https:\/\/vidum.es\/wp-content\/uploads\/2023\/07\/Villa-Ines-1536x1536.jpg 1536w, https:\/\/vidum.es\/wp-content\/uploads\/2023\/07\/Villa-Ines-550x550.jpg 550w\" sizes=\"auto, (max-width: 2250px) 100vw, 2250px\" \/>                            <span class=\"eltd-iib-image-border-top\"><\/span>\n            <span class=\"eltd-iib-image-border-right\"><\/span>\n            <span class=\"eltd-iib-image-border-bottom\"><\/span>\n            <span class=\"eltd-iib-image-border-left\"><\/span>\n            <div class=\"eltdf-iib-image-hover-info\">\n                <div class=\"eltdf-iib-image-hover-info-holder\">\n                    <div class=\"eltdf-iib-image-hover-info-inner\">\n                                                                            <a class=\"eltdf-iib-hover-link eltdf-btn eltdf-btn-small eltdf-btn-solid\" href=\"http:\/\/www.vidum.es\/pdf\/es\/espumosos-ES\/VINO%20ESPUMOSO%20-%20Villa%20Ines%20-%20ES.pdf\" target=\"_self\">Ficha t\u00e9cnica<\/a>\n                                            <\/div>\n                                            <a class=\"eltdf-iib-image-hover-link\" href=\"http:\/\/www.vidum.es\/pdf\/es\/espumosos-ES\/VINO%20ESPUMOSO%20-%20Villa%20Ines%20-%20ES.pdf\" target=\"_self\"><\/a>\n                                    <\/div>\n            <\/div>\n        <\/div>\n        <div class=\"eltdf-iib-text-holder\" style=\"background-color: #f3efee\">\n            <h3 class=\"eltdf-iib-title\">Villa In\u00e9s<\/h3>\n            <div class=\"eltdf-iib-separator clearfix\">\n        <div class=\"eltdf-separator\"><\/div>\n    <\/div>\n            <p class=\"eltdf-iib-text\">Villa In\u00e9s es un vino espumoso de 10 grados de alcohol que es ligero y chispeante. Con aroma frutal y a flores en el blanco y a frutos rojos maduros en el rosado con su justo toque de dulzor. T\u00f3malo muy fr\u00edo y acompa\u00f1ando aperitivos ligeros, ensaladas, frutas, queso suave y postres.<\/p>\n        <\/div>\n    <\/div>\t\t<\/div>\n\t<\/div>\n\t<\/div><\/div>[\/vc_column][\/vc_row][vc_row][vc_column offset=\u00bbvc_hidden-lg vc_hidden-xs\u00bb]<div class=\"eltdf-elements-holder eltdf-two-columns eltdf-responsive-mode-1280\" ><div class=\"eltdf-eh-item \" data-item-class=\"eltdf-eh-custom-160289\" >\n\t<div class=\"eltdf-eh-item-inner\" >\n\t\t<div class=\"eltdf-eh-item-content eltdf-eh-custom-160289\" style=\"padding: 0px 0px\">\n\t\t\t<div class=\"eltdf-interactive-info-box clearfix eltdf-interactive-info-box-image-left\">\n            <div class=\"eltdf-iib-image\">\n                                    <img loading=\"lazy\" decoding=\"async\" width=\"2250\" height=\"2250\" src=\"https:\/\/vidum.es\/wp-content\/uploads\/2023\/07\/Beatrice-Dumont.jpg\" class=\"attachment-full size-full\" alt=\"\" srcset=\"https:\/\/vidum.es\/wp-content\/uploads\/2023\/07\/Beatrice-Dumont.jpg 2250w, https:\/\/vidum.es\/wp-content\/uploads\/2023\/07\/Beatrice-Dumont-300x300.jpg 300w, https:\/\/vidum.es\/wp-content\/uploads\/2023\/07\/Beatrice-Dumont-1024x1024.jpg 1024w, https:\/\/vidum.es\/wp-content\/uploads\/2023\/07\/Beatrice-Dumont-150x150.jpg 150w, https:\/\/vidum.es\/wp-content\/uploads\/2023\/07\/Beatrice-Dumont-768x768.jpg 768w, https:\/\/vidum.es\/wp-content\/uploads\/2023\/07\/Beatrice-Dumont-1536x1536.jpg 1536w, https:\/\/vidum.es\/wp-content\/uploads\/2023\/07\/Beatrice-Dumont-550x550.jpg 550w\" sizes=\"auto, (max-width: 2250px) 100vw, 2250px\" \/>                            <span class=\"eltd-iib-image-border-top\"><\/span>\n            <span class=\"eltd-iib-image-border-right\"><\/span>\n            <span class=\"eltd-iib-image-border-bottom\"><\/span>\n            <span class=\"eltd-iib-image-border-left\"><\/span>\n            <div class=\"eltdf-iib-image-hover-info\">\n                <div class=\"eltdf-iib-image-hover-info-holder\">\n                    <div class=\"eltdf-iib-image-hover-info-inner\">\n                                                                            <a class=\"eltdf-iib-hover-link eltdf-btn eltdf-btn-small eltdf-btn-solid\" href=\"http:\/\/www.vidum.es\/pdf\/es\/espumosos-ES\/VINO%20ESPUMOSO%20-%20Beatrice%20Dumont%20-%20ES.pdf\" target=\"_self\">Ficha t\u00e9cnica<\/a>\n                                            <\/div>\n                                            <a class=\"eltdf-iib-image-hover-link\" href=\"http:\/\/www.vidum.es\/pdf\/es\/espumosos-ES\/VINO%20ESPUMOSO%20-%20Beatrice%20Dumont%20-%20ES.pdf\" target=\"_self\"><\/a>\n                                    <\/div>\n            <\/div>\n        <\/div>\n        <div class=\"eltdf-iib-text-holder\" style=\"background-color: #f3efee\">\n            <h3 class=\"eltdf-iib-title\">B\u00e9atrice Dumont<\/h3>\n            <div class=\"eltdf-iib-separator clearfix\">\n        <div class=\"eltdf-separator\"><\/div>\n    <\/div>\n            <p class=\"eltdf-iib-text\">B\u00e9atrice Dumont es el perfecto espumoso para cualquier celebraci\u00f3n. Sus aromas dulces y afrutados son constantes en el brut, semiseco y rosado. Ligeros y refrescantes, ideales para aperitivos, arroces, pescados e incluso postres.<\/p>\n        <\/div>\n    <\/div>\t\t<\/div>\n\t<\/div>\n\t<\/div><div class=\"eltdf-eh-item \" data-item-class=\"eltdf-eh-custom-137778\" >\n\t<div class=\"eltdf-eh-item-inner\" >\n\t\t<div class=\"eltdf-eh-item-content eltdf-eh-custom-137778\" style=\"padding: 0px 0px\">\n\t\t\t<div class=\"eltdf-interactive-info-box clearfix eltdf-interactive-info-box-image-left\">\n            <div class=\"eltdf-iib-image\">\n                                    <img loading=\"lazy\" decoding=\"async\" width=\"2250\" height=\"2250\" src=\"https:\/\/vidum.es\/wp-content\/uploads\/2023\/07\/Villa-Ines.jpg\" class=\"attachment-full size-full\" alt=\"\" srcset=\"https:\/\/vidum.es\/wp-content\/uploads\/2023\/07\/Villa-Ines.jpg 2250w, https:\/\/vidum.es\/wp-content\/uploads\/2023\/07\/Villa-Ines-300x300.jpg 300w, https:\/\/vidum.es\/wp-content\/uploads\/2023\/07\/Villa-Ines-1024x1024.jpg 1024w, https:\/\/vidum.es\/wp-content\/uploads\/2023\/07\/Villa-Ines-150x150.jpg 150w, https:\/\/vidum.es\/wp-content\/uploads\/2023\/07\/Villa-Ines-768x768.jpg 768w, https:\/\/vidum.es\/wp-content\/uploads\/2023\/07\/Villa-Ines-1536x1536.jpg 1536w, https:\/\/vidum.es\/wp-content\/uploads\/2023\/07\/Villa-Ines-550x550.jpg 550w\" sizes=\"auto, (max-width: 2250px) 100vw, 2250px\" \/>                            <span class=\"eltd-iib-image-border-top\"><\/span>\n            <span class=\"eltd-iib-image-border-right\"><\/span>\n            <span class=\"eltd-iib-image-border-bottom\"><\/span>\n            <span class=\"eltd-iib-image-border-left\"><\/span>\n            <div class=\"eltdf-iib-image-hover-info\">\n                <div class=\"eltdf-iib-image-hover-info-holder\">\n                    <div class=\"eltdf-iib-image-hover-info-inner\">\n                                                                            <a class=\"eltdf-iib-hover-link eltdf-btn eltdf-btn-small eltdf-btn-solid\" href=\"http:\/\/www.vidum.es\/pdf\/es\/espumosos-ES\/VINO%20ESPUMOSO%20-%20Villa%20Ines%20-%20ES.pdf\" target=\"_self\">Ficha t\u00e9cnica<\/a>\n                                            <\/div>\n                                            <a class=\"eltdf-iib-image-hover-link\" href=\"http:\/\/www.vidum.es\/pdf\/es\/espumosos-ES\/VINO%20ESPUMOSO%20-%20Villa%20Ines%20-%20ES.pdf\" target=\"_self\"><\/a>\n                                    <\/div>\n            <\/div>\n        <\/div>\n        <div class=\"eltdf-iib-text-holder\" style=\"background-color: #f3efee\">\n            <h3 class=\"eltdf-iib-title\">Villa In\u00e9s<\/h3>\n            <div class=\"eltdf-iib-separator clearfix\">\n        <div class=\"eltdf-separator\"><\/div>\n    <\/div>\n            <p class=\"eltdf-iib-text\">Elaborado con una cuidada selecci\u00f3n de uvas moscatel de Alejandr\u00eda y utilizando una fermentaci\u00f3n natural. Este vino presenta un aroma especial e intento a frutas frescas<\/p>\n        <\/div>\n    <\/div>\t\t<\/div>\n\t<\/div>\n\t<\/div><\/div>[\/vc_column][\/vc_row][vc_row content_text_aligment=\u00bbcenter\u00bb css=\u00bb.vc_custom_1489750753483{padding-top: 60px !important;padding-bottom: 70px !important;}\u00bb][vc_column]<div class=\"eltdf-section-title-holder\" >\n\t\t\t<h4 class=\"eltdf-st-title\" style=\"color: #48122b\">\n\t\t\t<span>Nos encanta lo que hacemos, a nuestros clientes tambi\u00e9n.<\/span>\n\t\t<\/h4>\n                    <div class=\"eltdf-st-separator clearfix\">\n                <div class=\"eltdf-separator\" style=\"margin-top: 23px;margin-bottom: 4px\"><\/div>\n            <\/div>\n        \t\t\t<\/div>[\/vc_column][\/vc_row]<\/p>\n","protected":false},"excerpt":{"rendered":"<p>[vc_row row_content_width=\u00bbgrid\u00bb content_text_aligment=\u00bbcenter\u00bb css=\u00bb.vc_custom_1568881875533{padding-top: 50px !important;padding-bottom: 50px !important;}\u00bb][vc_column css=\u00bb.vc_custom_1569507605899{padding-right: 0px !important;padding-left: 0px !important;}\u00bb][\/vc_column][\/vc_row][vc_row][vc_column offset=\u00bbvc_hidden-md vc_hidden-sm vc_hidden-xs\u00bb][\/vc_column][\/vc_row][vc_row][vc_column offset=\u00bbvc_hidden-lg vc_hidden-md vc_hidden-sm\u00bb][\/vc_column][\/vc_row][vc_row][vc_column offset=\u00bbvc_hidden-lg vc_hidden-xs\u00bb][\/vc_column][\/vc_row][vc_row content_text_aligment=\u00bbcenter\u00bb css=\u00bb.vc_custom_1489750753483{padding-top: 60px !important;padding-bottom: 70px !important;}\u00bb][vc_column][\/vc_column][\/vc_row]<\/p>\n","protected":false},"author":1,"featured_media":0,"parent":0,"menu_order":0,"comment_status":"closed","ping_status":"closed","template":"full-width.php","meta":{"footnotes":""},"class_list":["post-16890","page","type-page","status-publish","hentry"],"_links":{"self":[{"href":"https:\/\/vidum.es\/es\/wp-json\/wp\/v2\/pages\/16890","targetHints":{"allow":["GET"]}}],"collection":[{"href":"https:\/\/vidum.es\/es\/wp-json\/wp\/v2\/pages"}],"about":[{"href":"https:\/\/vidum.es\/es\/wp-json\/wp\/v2\/types\/page"}],"author":[{"embeddable":true,"href":"https:\/\/vidum.es\/es\/wp-json\/wp\/v2\/users\/1"}],"replies":[{"embeddable":true,"href":"https:\/\/vidum.es\/es\/wp-json\/wp\/v2\/comments?post=16890"}],"version-history":[{"count":12,"href":"https:\/\/vidum.es\/es\/wp-json\/wp\/v2\/pages\/16890\/revisions"}],"predecessor-version":[{"id":17199,"href":"https:\/\/vidum.es\/es\/wp-json\/wp\/v2\/pages\/16890\/revisions\/17199"}],"wp:attachment":[{"href":"https:\/\/vidum.es\/es\/wp-json\/wp\/v2\/media?parent=16890"}],"curies":[{"name":"wp","href":"https:\/\/api.w.org\/{rel}","templated":true}]}}