{"id":17004,"date":"2023-07-12T08:13:36","date_gmt":"2023-07-12T08:13:36","guid":{"rendered":"https:\/\/vidum.es\/?page_id=17004"},"modified":"2025-06-24T09:31:47","modified_gmt":"2025-06-24T09:31:47","slug":"home","status":"publish","type":"page","link":"https:\/\/vidum.es\/es\/","title":{"rendered":"Inicio"},"content":{"rendered":"<p>[vc_row][vc_column]<div class=\"eltdf-elements-holder eltdf-responsive-mode-768\" ><div class=\"eltdf-eh-item \" data-item-class=\"eltdf-eh-custom-102861\" >\n\t<div class=\"eltdf-eh-item-inner\" >\n\t\t<div class=\"eltdf-eh-item-content eltdf-eh-custom-102861\" >\n\t\t\t[rev_slider_vc alias=\u00bbvidum-es\u00bb]\t\t<\/div>\n\t<\/div>\n\t<\/div><\/div>[\/vc_column][\/vc_row][vc_row][vc_column offset=\u00bbvc_hidden-xs\u00bb]<div class=\"eltdf-elements-holder eltdf-responsive-mode-1280 eltdf-one-column-alignment-center\" ><div class=\"eltdf-eh-item \" data-item-class=\"eltdf-eh-custom-518083\" >\n\t<div class=\"eltdf-eh-item-inner\" >\n\t\t<div class=\"eltdf-eh-item-content eltdf-eh-custom-518083\" >\n\t\t\t[vc_empty_space height=\u00bb50px\u00bb][vc_custom_heading text=\u00bbAyudamos a nuestros clientes a cumplir sus sue\u00f1os.\u00bb font_container=\u00bbtag:h2|font_size:30px|text_align:center|line_height:38px\u00bb google_fonts=\u00bbfont_family:Playfair%20Display%3Aregular%2Citalic%2C700%2C700italic%2C900%2C900italic|font_style:400%20regular%3A400%3Anormal\u00bb css=\u00bb.vc_custom_1650620187240{margin-right: 5% !important;margin-left: 5% !important;}\u00bb][vc_separator color=\u00bbblack\u00bb el_width=\u00bb10&#8243;][vc_empty_space][vc_column_text css=\u00bb.vc_custom_1650620169100{margin-right: 10% !important;margin-left: 10% !important;}\u00bb]<\/p>\n<h4 style=\"text-align: center; color: black;\">En Vidum le ofrecemos un vino hecho con el cari\u00f1o y la experiencia que da trabajar en el sector vin\u00edcola desde hace 150 a\u00f1os.<br \/>\nToda una tradici\u00f3n que ha ido adapt\u00e1ndose a lo largo de este siglo y medio de historia a las nuevas tecnolog\u00edas y que ha contado con los mejores profesionales para ofrecerles el mejor servicio.<\/h4>\n<p>[\/vc_column_text][vc_empty_space height=\u00bb45px\u00bb]\t\t<\/div>\n\t<\/div>\n\t<\/div><\/div>[\/vc_column][\/vc_row][vc_row][vc_column offset=\u00bbvc_hidden-lg vc_hidden-md vc_hidden-sm\u00bb]<div class=\"eltdf-elements-holder eltdf-responsive-mode-1280 eltdf-one-column-alignment-center\" ><div class=\"eltdf-eh-item \" data-item-class=\"eltdf-eh-custom-949940\" >\n\t<div class=\"eltdf-eh-item-inner\" >\n\t\t<div class=\"eltdf-eh-item-content eltdf-eh-custom-949940\" >\n\t\t\t[vc_empty_space height=\u00bb25px\u00bb][vc_custom_heading text=\u00bbAyudamos a nuestros clientes a cumplir sus sue\u00f1os.\u00bb font_container=\u00bbtag:h3|font_size:20px|text_align:center|line_height:28px\u00bb google_fonts=\u00bbfont_family:Playfair%20Display%3Aregular%2Citalic%2C700%2C700italic%2C900%2C900italic|font_style:400%20regular%3A400%3Anormal\u00bb css=\u00bb.vc_custom_1650620145733{margin-right: 5% !important;margin-left: 5% !important;}\u00bb][vc_separator color=\u00bbblack\u00bb el_width=\u00bb10&#8243;][vc_empty_space][vc_column_text css=\u00bb.vc_custom_1650619934171{margin-right: 10% !important;margin-left: 10% !important;}\u00bb]<\/p>\n<h4 style=\"text-align: center; color: black;\">En Vidum le ofrecemos un vino hecho con el cari\u00f1o y la experiencia que da trabajar en el sector vin\u00edcola desde hace 150 a\u00f1os.<br \/>\nToda una tradici\u00f3n que ha ido adapt\u00e1ndose a lo largo de este siglo y medio de historia a las nuevas tecnolog\u00edas y que ha contado con los mejores profesionales para ofrecerles el mejor servicio.<\/h4>\n<p>[\/vc_column_text][vc_empty_space height=\u00bb25px\u00bb]\t\t<\/div>\n\t<\/div>\n\t<\/div><\/div>[\/vc_column][\/vc_row][vc_row css=\u00bb.vc_custom_1689145848903{margin-right: 10% !important;margin-left: 10% !important;}\u00bb el_class=\u00bbmenu-tipos-vinos\u00bb][vc_column width=\u00bb1\/6&#8243; offset=\u00bbvc_hidden-md vc_hidden-sm vc_hidden-xs\u00bb][vc_single_image image=\u00bb16956&#8243; img_size=\u00bbmedium\u00bb alignment=\u00bbcenter\u00bb onclick=\u00bbcustom_link\u00bb link=\u00bbhttps:\/\/vidum.es\/es\/do-wine-3\/\u00bb][vc_empty_space height=\u00bb5px\u00bb]<div class=\"eltdf-section-title-holder\" style=\"text-align: center\">\n\t\t\t<h4 class=\"eltdf-st-title\" style=\"color: #48122b\">\n\t\t\t<span>Vinos DOP<\/span>\n\t\t<\/h4>\n        \t\t\t<\/div>[\/vc_column][vc_column width=\u00bb1\/6&#8243; offset=\u00bbvc_hidden-md vc_hidden-sm vc_hidden-xs\u00bb][vc_single_image image=\u00bb16954&#8243; img_size=\u00bbmedium\u00bb alignment=\u00bbcenter\u00bb onclick=\u00bbcustom_link\u00bb link=\u00bbhttps:\/\/vidum.es\/es\/moscato-2\/\u00bb][vc_empty_space height=\u00bb5px\u00bb]<div class=\"eltdf-section-title-holder\" style=\"text-align: center\">\n\t\t\t<h4 class=\"eltdf-st-title\" style=\"color: #48122b\">\n\t\t\t<span>Moscatos<\/span>\n\t\t<\/h4>\n        \t\t\t<\/div>[\/vc_column][vc_column width=\u00bb1\/6&#8243; offset=\u00bbvc_hidden-md vc_hidden-sm vc_hidden-xs\u00bb][vc_single_image image=\u00bb16952&#8243; img_size=\u00bbmedium\u00bb alignment=\u00bbcenter\u00bb onclick=\u00bbcustom_link\u00bb link=\u00bbhttps:\/\/vidum.es\/sparkling-wine\/\u00bb][vc_empty_space height=\u00bb5px\u00bb]<div class=\"eltdf-section-title-holder\" style=\"text-align: center\">\n\t\t\t<h4 class=\"eltdf-st-title\" style=\"color: #48122b\">\n\t\t\t<span>Espumosos<\/span>\n\t\t<\/h4>\n        \t\t\t<\/div>[\/vc_column][vc_column width=\u00bb1\/6&#8243; offset=\u00bbvc_hidden-md vc_hidden-sm vc_hidden-xs\u00bb][vc_single_image image=\u00bb16955&#8243; img_size=\u00bbmedium\u00bb alignment=\u00bbcenter\u00bb onclick=\u00bbcustom_link\u00bb link=\u00bbhttps:\/\/vidum.es\/es\/varietal-wine-2\/\u00bb][vc_empty_space height=\u00bb5px\u00bb]<div class=\"eltdf-section-title-holder\" style=\"text-align: center\">\n\t\t\t<h4 class=\"eltdf-st-title\" style=\"color: #48122b\">\n\t\t\t<span>Vinos varietales<\/span>\n\t\t<\/h4>\n        \t\t\t<\/div>[\/vc_column][vc_column width=\u00bb1\/6&#8243; offset=\u00bbvc_hidden-md vc_hidden-sm vc_hidden-xs\u00bb][vc_single_image image=\u00bb16953&#8243; img_size=\u00bbmedium\u00bb alignment=\u00bbcenter\u00bb onclick=\u00bbcustom_link\u00bb link=\u00bbhttps:\/\/vidum.es\/table-wine\/\u00bb][vc_empty_space height=\u00bb5px\u00bb]<div class=\"eltdf-section-title-holder\" style=\"text-align: center\">\n\t\t\t<h4 class=\"eltdf-st-title\" style=\"color: #48122b\">\n\t\t\t<span>Vinos de mesa<\/span>\n\t\t<\/h4>\n        \t\t\t<\/div>[\/vc_column][vc_column width=\u00bb1\/6&#8243; offset=\u00bbvc_hidden-md vc_hidden-sm vc_hidden-xs\u00bb][vc_single_image image=\u00bb16957&#8243; img_size=\u00bbmedium\u00bb alignment=\u00bbcenter\u00bb onclick=\u00bbcustom_link\u00bb link=\u00bbhttps:\/\/vidum.es\/sangria\/\u00bb][vc_empty_space height=\u00bb5px\u00bb]<div class=\"eltdf-section-title-holder\" style=\"text-align: center\">\n\t\t\t<h4 class=\"eltdf-st-title\" style=\"color: #48122b\">\n\t\t\t<span>Sangr\u00eda<\/span>\n\t\t<\/h4>\n        \t\t\t<\/div>[\/vc_column][\/vc_row][vc_row anchor=\u00bbmenu-tipos-vinos\u00bb el_class=\u00bbmenu-tipos-vinos\u00bb][vc_column width=\u00bb1\/6&#8243; offset=\u00bbvc_hidden-lg vc_hidden-sm vc_hidden-xs\u00bb][vc_single_image image=\u00bb16956&#8243; img_size=\u00bbmedium\u00bb alignment=\u00bbcenter\u00bb onclick=\u00bbcustom_link\u00bb link=\u00bbhttps:\/\/vidum.es\/es\/do-wine-3\/\u00bb][vc_empty_space height=\u00bb5px\u00bb]<div class=\"eltdf-section-title-holder\" style=\"text-align: center\">\n\t\t\t<h4 class=\"eltdf-st-title\" style=\"color: #48122b\">\n\t\t\t<span>Vinos DOP<\/span>\n\t\t<\/h4>\n        \t\t\t<\/div>[\/vc_column][vc_column width=\u00bb1\/6&#8243; offset=\u00bbvc_hidden-lg vc_hidden-sm vc_hidden-xs\u00bb][vc_single_image image=\u00bb16954&#8243; img_size=\u00bbmedium\u00bb alignment=\u00bbcenter\u00bb onclick=\u00bbcustom_link\u00bb link=\u00bbhttps:\/\/vidum.es\/es\/moscato-2\/\u00bb][vc_empty_space height=\u00bb5px\u00bb]<div class=\"eltdf-section-title-holder\" style=\"text-align: center\">\n\t\t\t<h4 class=\"eltdf-st-title\" style=\"color: #48122b\">\n\t\t\t<span>Moscatos<\/span>\n\t\t<\/h4>\n        \t\t\t<\/div>[\/vc_column][vc_column width=\u00bb1\/6&#8243; offset=\u00bbvc_hidden-lg vc_hidden-sm vc_hidden-xs\u00bb][vc_single_image image=\u00bb16952&#8243; img_size=\u00bbmedium\u00bb alignment=\u00bbcenter\u00bb onclick=\u00bbcustom_link\u00bb link=\u00bbhttps:\/\/vidum.es\/sparkling-wine\/\u00bb][vc_empty_space height=\u00bb5px\u00bb]<div class=\"eltdf-section-title-holder\" style=\"text-align: center\">\n\t\t\t<h4 class=\"eltdf-st-title\" style=\"color: #48122b\">\n\t\t\t<span>Espumosos<\/span>\n\t\t<\/h4>\n        \t\t\t<\/div>[\/vc_column][vc_column width=\u00bb1\/6&#8243; offset=\u00bbvc_hidden-lg vc_hidden-sm vc_hidden-xs\u00bb][vc_single_image image=\u00bb16955&#8243; img_size=\u00bbmedium\u00bb alignment=\u00bbcenter\u00bb onclick=\u00bbcustom_link\u00bb link=\u00bbhttps:\/\/vidum.es\/es\/varietal-wine-2\/\u00bb][vc_empty_space height=\u00bb5px\u00bb]<div class=\"eltdf-section-title-holder\" style=\"text-align: center\">\n\t\t\t<h4 class=\"eltdf-st-title\" style=\"color: #48122b\">\n\t\t\t<span>Vinos varietales<\/span>\n\t\t<\/h4>\n        \t\t\t<\/div>[\/vc_column][vc_column width=\u00bb1\/6&#8243; offset=\u00bbvc_hidden-lg vc_hidden-sm vc_hidden-xs\u00bb][vc_single_image image=\u00bb16953&#8243; img_size=\u00bbmedium\u00bb alignment=\u00bbcenter\u00bb onclick=\u00bbcustom_link\u00bb link=\u00bbhttps:\/\/vidum.es\/table-wine\/\u00bb][vc_empty_space height=\u00bb5px\u00bb]<div class=\"eltdf-section-title-holder\" style=\"text-align: center\">\n\t\t\t<h4 class=\"eltdf-st-title\" style=\"color: #48122b\">\n\t\t\t<span>Vinos de mesa<\/span>\n\t\t<\/h4>\n        \t\t\t<\/div>[\/vc_column][vc_column width=\u00bb1\/6&#8243; offset=\u00bbvc_hidden-lg vc_hidden-sm vc_hidden-xs\u00bb][vc_single_image image=\u00bb16957&#8243; img_size=\u00bbmedium\u00bb alignment=\u00bbcenter\u00bb onclick=\u00bbcustom_link\u00bb link=\u00bbhttps:\/\/vidum.es\/sangria\/\u00bb][vc_empty_space height=\u00bb5px\u00bb]<div class=\"eltdf-section-title-holder\" style=\"text-align: center\">\n\t\t\t<h4 class=\"eltdf-st-title\" style=\"color: #48122b\">\n\t\t\t<span>Sangr\u00eda<\/span>\n\t\t<\/h4>\n        \t\t\t<\/div>[\/vc_column][\/vc_row][vc_row anchor=\u00bbmenu-tipos-vinos\u00bb el_class=\u00bbmenu-tipos-vinos\u00bb][vc_column width=\u00bb1\/3&#8243; offset=\u00bbvc_hidden-lg vc_hidden-md vc_hidden-xs\u00bb][vc_single_image image=\u00bb16956&#8243; img_size=\u00bbmedium\u00bb alignment=\u00bbcenter\u00bb onclick=\u00bbcustom_link\u00bb link=\u00bbhttps:\/\/vidum.es\/es\/do-wine-3\/\u00bb][vc_empty_space height=\u00bb5px\u00bb]<div class=\"eltdf-section-title-holder\" style=\"text-align: center\">\n\t\t\t<h4 class=\"eltdf-st-title\" style=\"color: #48122b\">\n\t\t\t<span>Vinos DOP<\/span>\n\t\t<\/h4>\n        \t\t\t<\/div>[\/vc_column][vc_column width=\u00bb1\/3&#8243; offset=\u00bbvc_hidden-lg vc_hidden-md vc_hidden-xs\u00bb][vc_single_image image=\u00bb16954&#8243; img_size=\u00bbmedium\u00bb alignment=\u00bbcenter\u00bb onclick=\u00bbcustom_link\u00bb link=\u00bbhttps:\/\/vidum.es\/es\/moscato-2\/\u00bb][vc_empty_space height=\u00bb5px\u00bb]<div class=\"eltdf-section-title-holder\" style=\"text-align: center\">\n\t\t\t<h4 class=\"eltdf-st-title\" style=\"color: #48122b\">\n\t\t\t<span>Moscatos<\/span>\n\t\t<\/h4>\n        \t\t\t<\/div>[\/vc_column][vc_column width=\u00bb1\/3&#8243; offset=\u00bbvc_hidden-lg vc_hidden-md vc_hidden-xs\u00bb][vc_single_image image=\u00bb16952&#8243; img_size=\u00bbmedium\u00bb alignment=\u00bbcenter\u00bb onclick=\u00bbcustom_link\u00bb link=\u00bbhttps:\/\/vidum.es\/sparkling-wine\/\u00bb][vc_empty_space height=\u00bb5px\u00bb]<div class=\"eltdf-section-title-holder\" style=\"text-align: center\">\n\t\t\t<h4 class=\"eltdf-st-title\" style=\"color: #48122b\">\n\t\t\t<span>Espumosos<\/span>\n\t\t<\/h4>\n        \t\t\t<\/div>[\/vc_column][\/vc_row][vc_row anchor=\u00bbmenu-tipos-vinos\u00bb el_class=\u00bbmenu-tipos-vinos\u00bb][vc_column width=\u00bb1\/3&#8243; offset=\u00bbvc_hidden-lg vc_hidden-md vc_hidden-xs\u00bb css=\u00bb.vc_custom_1689147154213{margin-top: 10% !important;}\u00bb][vc_single_image image=\u00bb16955&#8243; img_size=\u00bbmedium\u00bb alignment=\u00bbcenter\u00bb onclick=\u00bbcustom_link\u00bb link=\u00bbhttps:\/\/vidum.es\/es\/varietal-wine-2\/\u00bb][vc_empty_space height=\u00bb5px\u00bb]<div class=\"eltdf-section-title-holder\" style=\"text-align: center\">\n\t\t\t<h4 class=\"eltdf-st-title\" style=\"color: #48122b\">\n\t\t\t<span>Vinos varietales<\/span>\n\t\t<\/h4>\n        \t\t\t<\/div>[\/vc_column][vc_column width=\u00bb1\/3&#8243; offset=\u00bbvc_hidden-lg vc_hidden-md vc_hidden-xs\u00bb css=\u00bb.vc_custom_1689147159845{margin-top: 10% !important;}\u00bb][vc_single_image image=\u00bb16953&#8243; img_size=\u00bbmedium\u00bb alignment=\u00bbcenter\u00bb onclick=\u00bbcustom_link\u00bb link=\u00bbhttps:\/\/vidum.es\/table-wine\/\u00bb][vc_empty_space height=\u00bb5px\u00bb]<div class=\"eltdf-section-title-holder\" style=\"text-align: center\">\n\t\t\t<h4 class=\"eltdf-st-title\" style=\"color: #48122b\">\n\t\t\t<span>Vinos de mesa<\/span>\n\t\t<\/h4>\n        \t\t\t<\/div>[\/vc_column][vc_column width=\u00bb1\/3&#8243; offset=\u00bbvc_hidden-lg vc_hidden-md vc_hidden-xs\u00bb css=\u00bb.vc_custom_1689147165116{margin-top: 10% !important;}\u00bb][vc_single_image image=\u00bb16957&#8243; img_size=\u00bbmedium\u00bb alignment=\u00bbcenter\u00bb onclick=\u00bbcustom_link\u00bb link=\u00bbhttps:\/\/vidum.es\/sangria\/\u00bb][vc_empty_space height=\u00bb5px\u00bb]<div class=\"eltdf-section-title-holder\" style=\"text-align: center\">\n\t\t\t<h4 class=\"eltdf-st-title\" style=\"color: #48122b\">\n\t\t\t<span>Sangr\u00eda<\/span>\n\t\t<\/h4>\n        \t\t\t<\/div>[\/vc_column][\/vc_row][vc_row anchor=\u00bbmenu-tipos-vinos\u00bb el_class=\u00bbmenu-tipos-vinos\u00bb][vc_column width=\u00bb1\/6&#8243; offset=\u00bbvc_hidden-lg vc_hidden-md vc_hidden-sm\u00bb][vc_single_image image=\u00bb16956&#8243; img_size=\u00bbmedium\u00bb alignment=\u00bbcenter\u00bb onclick=\u00bbcustom_link\u00bb link=\u00bbhttps:\/\/vidum.es\/es\/do-wine-3\/\u00bb][vc_empty_space height=\u00bb5px\u00bb]<div class=\"eltdf-section-title-holder\" style=\"text-align: center\">\n\t\t\t<h4 class=\"eltdf-st-title\" style=\"color: #48122b\">\n\t\t\t<span>Vinos DOP<\/span>\n\t\t<\/h4>\n        \t\t\t<\/div>[\/vc_column][vc_column width=\u00bb1\/6&#8243; offset=\u00bbvc_hidden-lg vc_hidden-md vc_hidden-sm\u00bb css=\u00bb.vc_custom_1689075797185{margin-top: 10% !important;}\u00bb][vc_single_image image=\u00bb16954&#8243; img_size=\u00bbmedium\u00bb alignment=\u00bbcenter\u00bb onclick=\u00bbcustom_link\u00bb link=\u00bbhttps:\/\/vidum.es\/es\/moscato-2\/\u00bb][vc_empty_space height=\u00bb5px\u00bb]<div class=\"eltdf-section-title-holder\" style=\"text-align: center\">\n\t\t\t<h4 class=\"eltdf-st-title\" style=\"color: #48122b\">\n\t\t\t<span>Moscatos<\/span>\n\t\t<\/h4>\n        \t\t\t<\/div>[\/vc_column][vc_column width=\u00bb1\/6&#8243; offset=\u00bbvc_hidden-lg vc_hidden-md vc_hidden-sm\u00bb css=\u00bb.vc_custom_1689075804629{margin-top: 10% !important;}\u00bb][vc_single_image image=\u00bb16952&#8243; img_size=\u00bbmedium\u00bb alignment=\u00bbcenter\u00bb onclick=\u00bbcustom_link\u00bb link=\u00bbhttps:\/\/vidum.es\/sparkling-wine\/\u00bb][vc_empty_space height=\u00bb5px\u00bb]<div class=\"eltdf-section-title-holder\" style=\"text-align: center\">\n\t\t\t<h4 class=\"eltdf-st-title\" style=\"color: #48122b\">\n\t\t\t<span>Espumosos<\/span>\n\t\t<\/h4>\n        \t\t\t<\/div>[\/vc_column][vc_column width=\u00bb1\/6&#8243; offset=\u00bbvc_hidden-lg vc_hidden-md vc_hidden-sm\u00bb css=\u00bb.vc_custom_1689075826891{margin-top: 10% !important;}\u00bb][vc_single_image image=\u00bb16955&#8243; img_size=\u00bbmedium\u00bb alignment=\u00bbcenter\u00bb onclick=\u00bbcustom_link\u00bb link=\u00bbhttps:\/\/vidum.es\/es\/varietal-wine-2\/\u00bb][vc_empty_space height=\u00bb5px\u00bb]<div class=\"eltdf-section-title-holder\" style=\"text-align: center\">\n\t\t\t<h4 class=\"eltdf-st-title\" style=\"color: #48122b\">\n\t\t\t<span>Vinos varietales<\/span>\n\t\t<\/h4>\n        \t\t\t<\/div>[\/vc_column][vc_column width=\u00bb1\/6&#8243; offset=\u00bbvc_hidden-lg vc_hidden-md vc_hidden-sm\u00bb css=\u00bb.vc_custom_1689075833794{margin-top: 10% !important;}\u00bb][vc_single_image image=\u00bb16953&#8243; img_size=\u00bbmedium\u00bb alignment=\u00bbcenter\u00bb onclick=\u00bbcustom_link\u00bb link=\u00bbhttps:\/\/vidum.es\/table-wine\/\u00bb][vc_empty_space height=\u00bb5px\u00bb]<div class=\"eltdf-section-title-holder\" style=\"text-align: center\">\n\t\t\t<h4 class=\"eltdf-st-title\" style=\"color: #48122b\">\n\t\t\t<span>Vinos de mesa<\/span>\n\t\t<\/h4>\n        \t\t\t<\/div>[\/vc_column][vc_column width=\u00bb1\/6&#8243; offset=\u00bbvc_hidden-lg vc_hidden-md vc_hidden-sm\u00bb css=\u00bb.vc_custom_1689075839765{margin-top: 10% !important;}\u00bb][vc_single_image image=\u00bb16957&#8243; img_size=\u00bbmedium\u00bb alignment=\u00bbcenter\u00bb onclick=\u00bbcustom_link\u00bb link=\u00bbhttps:\/\/vidum.es\/sangria\/\u00bb][vc_empty_space height=\u00bb5px\u00bb]<div class=\"eltdf-section-title-holder\" style=\"text-align: center\">\n\t\t\t<h4 class=\"eltdf-st-title\" style=\"color: #48122b\">\n\t\t\t<span>Sangr\u00eda<\/span>\n\t\t<\/h4>\n        \t\t\t<\/div>[\/vc_column][\/vc_row][vc_row][vc_column css=\u00bb.vc_custom_1569484548647{background-color: #fbfbfb !important;}\u00bb offset=\u00bbvc_hidden-xs\u00bb]<div class=\"eltdf-elements-holder eltdf-two-columns eltdf-responsive-mode-1280\" ><div class=\"eltdf-eh-item eltdf-vertical-alignment-top\" data-item-class=\"eltdf-eh-custom-211335\" >\n\t<div class=\"eltdf-eh-item-inner\" >\n\t\t<div class=\"eltdf-eh-item-content eltdf-eh-custom-211335\" >\n\t\t\t[vc_single_image image=\u00bb17036&#8243; img_size=\u00bbfull\u00bb alignment=\u00bbcenter\u00bb]\t\t<\/div>\n\t<\/div>\n\t<\/div><div class=\"eltdf-eh-item eltdf-horizontal-alignment-right\" data-item-class=\"eltdf-eh-custom-699677\" >\n\t<div class=\"eltdf-eh-item-inner\" >\n\t\t<div class=\"eltdf-eh-item-content eltdf-eh-custom-699677\" >\n\t\t\t[vc_custom_heading text=\u00bbNUESTROS VINOS SE HAN INTRODUCIDO EN M\u00c1S DE 50 PA\u00cdSES DE ASIA, AM\u00c9RICA, EUROPA Y \u00c1FRICA, CON M\u00c1S DE 6.000.000 DE BOTELLAS VENDIDAS EL A\u00d1O PASADO.\u00bb font_container=\u00bbtag:h3|font_size:30px|text_align:center|line_height:38px\u00bb google_fonts=\u00bbfont_family:Playfair%20Display%3Aregular%2Citalic%2C700%2C700italic%2C900%2C900italic|font_style:400%20regular%3A400%3Anormal\u00bb css=\u00bb.vc_custom_1688727997308{margin-right: 5% !important;margin-left: 5% !important;}\u00bb]\t\t<\/div>\n\t<\/div>\n\t<\/div><\/div>[\/vc_column][\/vc_row][vc_row][vc_column css=\u00bb.vc_custom_1569484568230{background-color: #fbfbfb !important;}\u00bb offset=\u00bbvc_hidden-lg vc_hidden-md vc_hidden-sm\u00bb]<div class=\"eltdf-elements-holder eltdf-two-columns eltdf-responsive-mode-1280\" ><div class=\"eltdf-eh-item \" data-item-class=\"eltdf-eh-custom-987165\" >\n\t<div class=\"eltdf-eh-item-inner\" >\n\t\t<div class=\"eltdf-eh-item-content eltdf-eh-custom-987165\" >\n\t\t\t[vc_single_image image=\u00bb17036&#8243; img_size=\u00bbfull\u00bb alignment=\u00bbcenter\u00bb]\t\t<\/div>\n\t<\/div>\n\t<\/div><div class=\"eltdf-eh-item eltdf-horizontal-alignment-right\" data-item-class=\"eltdf-eh-custom-143848\" >\n\t<div class=\"eltdf-eh-item-inner\" >\n\t\t<div class=\"eltdf-eh-item-content eltdf-eh-custom-143848\" >\n\t\t\t[vc_column_text]<\/p>\n<h4 style=\"text-align: center; color: black;\">NUESTROS VINOS SE HAN INTRODUCIDO EN M\u00c1S DE 50 PA\u00cdSES DE ASIA, AM\u00c9RICA, EUROPA Y \u00c1FRICA, CON M\u00c1S DE 6.000.000 DE BOTELLAS VENDIDAS EL A\u00d1O PASADO.<\/h4>\n<p>[\/vc_column_text][vc_empty_space height=\u00bb25px\u00bb]\t\t<\/div>\n\t<\/div>\n\t<\/div><\/div>[\/vc_column][\/vc_row]<\/p>\n","protected":false},"excerpt":{"rendered":"<p>[vc_row][vc_column][\/vc_column][\/vc_row][vc_row][vc_column offset=\u00bbvc_hidden-xs\u00bb][\/vc_column][\/vc_row][vc_row][vc_column offset=\u00bbvc_hidden-lg vc_hidden-md vc_hidden-sm\u00bb][\/vc_column][\/vc_row][vc_row css=\u00bb.vc_custom_1689145848903{margin-right: 10% !important;margin-left: 10% !important;}\u00bb el_class=\u00bbmenu-tipos-vinos\u00bb][vc_column width=\u00bb1\/6&#8243; offset=\u00bbvc_hidden-md vc_hidden-sm vc_hidden-xs\u00bb][vc_single_image image=\u00bb16956&#8243; img_size=\u00bbmedium\u00bb alignment=\u00bbcenter\u00bb onclick=\u00bbcustom_link\u00bb link=\u00bbhttps:\/\/vidum.es\/es\/do-wine-3\/\u00bb][vc_empty_space height=\u00bb5px\u00bb][\/vc_column][vc_column width=\u00bb1\/6&#8243; offset=\u00bbvc_hidden-md vc_hidden-sm vc_hidden-xs\u00bb][vc_single_image image=\u00bb16954&#8243; img_size=\u00bbmedium\u00bb alignment=\u00bbcenter\u00bb onclick=\u00bbcustom_link\u00bb link=\u00bbhttps:\/\/vidum.es\/es\/moscato-2\/\u00bb][vc_empty_space height=\u00bb5px\u00bb][\/vc_column][vc_column width=\u00bb1\/6&#8243; offset=\u00bbvc_hidden-md vc_hidden-sm vc_hidden-xs\u00bb][vc_single_image image=\u00bb16952&#8243; img_size=\u00bbmedium\u00bb alignment=\u00bbcenter\u00bb onclick=\u00bbcustom_link\u00bb link=\u00bbhttps:\/\/vidum.es\/sparkling-wine\/\u00bb][vc_empty_space height=\u00bb5px\u00bb][\/vc_column][vc_column width=\u00bb1\/6&#8243; offset=\u00bbvc_hidden-md vc_hidden-sm vc_hidden-xs\u00bb][vc_single_image [&hellip;]<\/p>\n","protected":false},"author":1,"featured_media":0,"parent":0,"menu_order":0,"comment_status":"closed","ping_status":"closed","template":"full-width.php","meta":{"footnotes":""},"class_list":["post-17004","page","type-page","status-publish","hentry"],"_links":{"self":[{"href":"https:\/\/vidum.es\/es\/wp-json\/wp\/v2\/pages\/17004","targetHints":{"allow":["GET"]}}],"collection":[{"href":"https:\/\/vidum.es\/es\/wp-json\/wp\/v2\/pages"}],"about":[{"href":"https:\/\/vidum.es\/es\/wp-json\/wp\/v2\/types\/page"}],"author":[{"embeddable":true,"href":"https:\/\/vidum.es\/es\/wp-json\/wp\/v2\/users\/1"}],"replies":[{"embeddable":true,"href":"https:\/\/vidum.es\/es\/wp-json\/wp\/v2\/comments?post=17004"}],"version-history":[{"count":46,"href":"https:\/\/vidum.es\/es\/wp-json\/wp\/v2\/pages\/17004\/revisions"}],"predecessor-version":[{"id":17940,"href":"https:\/\/vidum.es\/es\/wp-json\/wp\/v2\/pages\/17004\/revisions\/17940"}],"wp:attachment":[{"href":"https:\/\/vidum.es\/es\/wp-json\/wp\/v2\/media?parent=17004"}],"curies":[{"name":"wp","href":"https:\/\/api.w.org\/{rel}","templated":true}]}}