{"id":10779,"date":"2019-09-11T09:31:08","date_gmt":"2019-09-11T09:31:08","guid":{"rendered":"https:\/\/vidum.es\/?page_id=10779"},"modified":"2023-10-13T12:23:33","modified_gmt":"2023-10-13T12:23:33","slug":"contact","status":"publish","type":"page","link":"https:\/\/vidum.es\/fr\/contact\/","title":{"rendered":"Contact"},"content":{"rendered":"<p>[vc_row][vc_column offset=\u00a0\u00bbvc_hidden-sm vc_hidden-xs\u00a0\u00bb]<div class=\"eltdf-elements-holder eltdf-responsive-mode-768\" ><div class=\"eltdf-eh-item \" data-item-class=\"eltdf-eh-custom-612885\" >\n\t<div class=\"eltdf-eh-item-inner\" >\n\t\t<div class=\"eltdf-eh-item-content eltdf-eh-custom-612885\" >\n\t\t\t[vc_empty_space height=\u00a0\u00bb50px\u00a0\u00bb][vc_custom_heading text=\u00a0\u00bbNous aidons nos clients \u00e0 re\u00e1liser leur r\u00eave.\u00a0\u00bb font_container=\u00a0\u00bbtag:h2|font_size:30px|text_align:center|line_height:38px\u00a0\u00bb google_fonts=\u00a0\u00bbfont_family:Playfair%20Display%3Aregular%2Citalic%2C700%2C700italic%2C900%2C900italic|font_style:400%20regular%3A400%3Anormal\u00a0\u00bb css=\u00a0\u00bb.vc_custom_1574780964253{margin-right: 5% !important;margin-left: 5% !important;}\u00a0\u00bb]\t\t<\/div>\n\t<\/div>\n\t<\/div><\/div>[\/vc_column][\/vc_row][vc_row][vc_column offset=\u00a0\u00bbvc_hidden-lg vc_hidden-md\u00a0\u00bb]<div class=\"eltdf-elements-holder eltdf-responsive-mode-768\" ><div class=\"eltdf-eh-item \" data-item-class=\"eltdf-eh-custom-500234\" >\n\t<div class=\"eltdf-eh-item-inner\" >\n\t\t<div class=\"eltdf-eh-item-content eltdf-eh-custom-500234\" >\n\t\t\t[vc_empty_space height=\u00a0\u00bb20px\u00a0\u00bb][vc_custom_heading text=\u00a0\u00bbNous aidons nos clients \u00e0 re\u00e1liser leur r\u00eave.\u00a0\u00bb font_container=\u00a0\u00bbtag:h3|font_size:20px|text_align:center|line_height:28px\u00a0\u00bb google_fonts=\u00a0\u00bbfont_family:Playfair%20Display%3Aregular%2Citalic%2C700%2C700italic%2C900%2C900italic|font_style:400%20regular%3A400%3Anormal\u00a0\u00bb css=\u00a0\u00bb.vc_custom_1574780973024{margin-right: 5% !important;margin-left: 5% !important;}\u00a0\u00bb]\t\t<\/div>\n\t<\/div>\n\t<\/div><\/div>[\/vc_column][\/vc_row][vc_row][vc_column width=\u00a0\u00bb1\/2&Prime;][vc_single_image image=\u00a0\u00bb17052&Prime; img_size=\u00a0\u00bblarge\u00a0\u00bb alignment=\u00a0\u00bbright\u00a0\u00bb][\/vc_column][vc_column width=\u00a0\u00bb1\/2&Prime;]<div class=\"eltdf-elements-holder eltdf-responsive-mode-768\" ><div class=\"eltdf-eh-item \" data-item-class=\"eltdf-eh-custom-540514\" >\n\t<div class=\"eltdf-eh-item-inner\" >\n\t\t<div class=\"eltdf-eh-item-content eltdf-eh-custom-540514\" >\n\t\t\t[vc_empty_space height=\u00a0\u00bb50px\u00a0\u00bb][vc_column_text css=\u00a0\u00bb.vc_custom_1574781666115{margin-right: 5% !important;margin-left: 5% !important;}\u00a0\u00bb]\n<div class=\"wpcf7 no-js\" id=\"wpcf7-f12026-o1\" lang=\"es-ES\" dir=\"ltr\" data-wpcf7-id=\"12026\">\n<div class=\"screen-reader-response\"><p role=\"status\" aria-live=\"polite\" aria-atomic=\"true\"><\/p> <ul><\/ul><\/div>\n<form action=\"\/fr\/wp-json\/wp\/v2\/pages\/10779#wpcf7-f12026-o1\" method=\"post\" class=\"wpcf7-form init\" aria-label=\"Formulario de contacto\" novalidate=\"novalidate\" data-status=\"init\">\n<fieldset class=\"hidden-fields-container\"><input type=\"hidden\" name=\"_wpcf7\" value=\"12026\" \/><input type=\"hidden\" name=\"_wpcf7_version\" value=\"6.1.4\" \/><input type=\"hidden\" name=\"_wpcf7_locale\" value=\"es_ES\" \/><input type=\"hidden\" name=\"_wpcf7_unit_tag\" value=\"wpcf7-f12026-o1\" \/><input type=\"hidden\" name=\"_wpcf7_container_post\" value=\"0\" \/><input type=\"hidden\" name=\"_wpcf7_posted_data_hash\" value=\"\" \/><input type=\"hidden\" name=\"_wpcf7_recaptcha_response\" value=\"\" \/>\n<\/fieldset>\n<p><label> Pr\u00e9nom et nom*<br \/>\n<span class=\"wpcf7-form-control-wrap\" data-name=\"your-name\"><input size=\"40\" maxlength=\"400\" class=\"wpcf7-form-control wpcf7-text wpcf7-validates-as-required\" aria-required=\"true\" aria-invalid=\"false\" value=\"\" type=\"text\" name=\"your-name\" \/><\/span> <\/label>\n<\/p>\n<p><label> e-mail*<br \/>\n<span class=\"wpcf7-form-control-wrap\" data-name=\"your-email\"><input size=\"40\" maxlength=\"400\" class=\"wpcf7-form-control wpcf7-email wpcf7-validates-as-required wpcf7-text wpcf7-validates-as-email\" aria-required=\"true\" aria-invalid=\"false\" value=\"\" type=\"email\" name=\"your-email\" \/><\/span> <\/label>\n<\/p>\n<p><label> Sujet<br \/>\n<span class=\"wpcf7-form-control-wrap\" data-name=\"your-subject\"><input size=\"40\" maxlength=\"400\" class=\"wpcf7-form-control wpcf7-text\" aria-invalid=\"false\" value=\"\" type=\"text\" name=\"your-subject\" \/><\/span> <\/label>\n<\/p>\n<p><label>Ton message *<br \/>\n<span class=\"wpcf7-form-control-wrap\" data-name=\"your-message\"><textarea cols=\"40\" rows=\"10\" maxlength=\"2000\" class=\"wpcf7-form-control wpcf7-textarea\" aria-invalid=\"false\" name=\"your-message\"><\/textarea><\/span> <\/label><br \/>\n<label><br \/>\nInformations de base sur la protection des donn\u00e9es<br \/>\nResponsable : FOODIBEV INTERNATIONAL, S.L.<br \/>\nObjectif : g\u00e9rer votre demande d'information ou de consultation.<br \/>\nDroits : Acc\u00e9der, rectifier et supprimer les donn\u00e9es, ainsi que d'autres droits, comme expliqu\u00e9 dans les informations suppl\u00e9mentaires que vous pouvez consulter dans la politique de confidentialit\u00e9 du site web www.vidum.es.<\/label><br \/>\n<label>J'ai lu <a href=\"https:\/\/vidum.es\/privacy-policy\/\" id=\"politica-link\">la politique de confidentialit\u00e9<\/a> et je consens au traitement de mes donn\u00e9es personnelles.<span class=\"wpcf7-form-control-wrap\" data-name=\"acceptance-860\"><span class=\"wpcf7-form-control wpcf7-acceptance\"><span class=\"wpcf7-list-item\"><input type=\"checkbox\" name=\"acceptance-860\" value=\"1\" aria-invalid=\"false\" \/><\/span><\/span><\/span><\/label><br \/>\n<input class=\"wpcf7-form-control wpcf7-submit has-spinner\" type=\"submit\" value=\"Envoyer\" \/>\n<\/p><p style=\"display: none !important;\" class=\"akismet-fields-container\" data-prefix=\"_wpcf7_ak_\"><label>&#916;<textarea name=\"_wpcf7_ak_hp_textarea\" cols=\"45\" rows=\"8\" maxlength=\"100\"><\/textarea><\/label><input type=\"hidden\" id=\"ak_js_1\" name=\"_wpcf7_ak_js\" value=\"70\"\/><script>document.getElementById( \"ak_js_1\" ).setAttribute( \"value\", ( new Date() ).getTime() );<\/script><\/p><div class=\"wpcf7-response-output\" aria-hidden=\"true\"><\/div>\n<\/form>\n<\/div>\n[\/vc_column_text][vc_empty_space height=\u00a0\u00bb50px\u00a0\u00bb]\t\t<\/div>\n\t<\/div>\n\t<\/div><\/div>[\/vc_column][\/vc_row]<\/p>\n","protected":false},"excerpt":{"rendered":"<p>[vc_row][vc_column offset=\u00a0\u00bbvc_hidden-sm vc_hidden-xs\u00a0\u00bb][\/vc_column][\/vc_row][vc_row][vc_column offset=\u00a0\u00bbvc_hidden-lg vc_hidden-md\u00a0\u00bb][\/vc_column][\/vc_row][vc_row][vc_column width=\u00a0\u00bb1\/2&Prime;][vc_single_image image=\u00a0\u00bb17052&Prime; img_size=\u00a0\u00bblarge\u00a0\u00bb alignment=\u00a0\u00bbright\u00a0\u00bb][\/vc_column][vc_column width=\u00a0\u00bb1\/2&Prime;][\/vc_column][\/vc_row]<\/p>\n","protected":false},"author":1,"featured_media":0,"parent":0,"menu_order":0,"comment_status":"closed","ping_status":"closed","template":"full-width.php","meta":{"footnotes":""},"class_list":["post-10779","page","type-page","status-publish","hentry"],"_links":{"self":[{"href":"https:\/\/vidum.es\/fr\/wp-json\/wp\/v2\/pages\/10779","targetHints":{"allow":["GET"]}}],"collection":[{"href":"https:\/\/vidum.es\/fr\/wp-json\/wp\/v2\/pages"}],"about":[{"href":"https:\/\/vidum.es\/fr\/wp-json\/wp\/v2\/types\/page"}],"author":[{"embeddable":true,"href":"https:\/\/vidum.es\/fr\/wp-json\/wp\/v2\/users\/1"}],"replies":[{"embeddable":true,"href":"https:\/\/vidum.es\/fr\/wp-json\/wp\/v2\/comments?post=10779"}],"version-history":[{"count":53,"href":"https:\/\/vidum.es\/fr\/wp-json\/wp\/v2\/pages\/10779\/revisions"}],"predecessor-version":[{"id":17057,"href":"https:\/\/vidum.es\/fr\/wp-json\/wp\/v2\/pages\/10779\/revisions\/17057"}],"wp:attachment":[{"href":"https:\/\/vidum.es\/fr\/wp-json\/wp\/v2\/media?parent=10779"}],"curies":[{"name":"wp","href":"https:\/\/api.w.org\/{rel}","templated":true}]}}