{"id":10932,"date":"2019-09-16T09:59:03","date_gmt":"2019-09-16T09:59:03","guid":{"rendered":"https:\/\/vidum.es\/?page_id=10932"},"modified":"2026-02-16T13:32:02","modified_gmt":"2026-02-16T13:32:02","slug":"history","status":"publish","type":"page","link":"https:\/\/vidum.es\/fr\/history\/","title":{"rendered":"Histoire"},"content":{"rendered":"<p>[vc_row content_text_aligment=\u00a0\u00bbright\u00a0\u00bb css=\u00a0\u00bb.vc_custom_1568801088277{background-color: #eaeaea !important;background-position: center !important;background-repeat: no-repeat !important;background-size: cover !important;}\u00a0\u00bb][vc_column]<div class=\"eltdf-elements-holder eltdf-two-columns eltdf-responsive-mode-1280\" ><div class=\"eltdf-eh-item eltdf-horizontal-alignment-center\" data-item-class=\"eltdf-eh-custom-268107\" >\n\t<div class=\"eltdf-eh-item-inner\" >\n\t\t<div class=\"eltdf-eh-item-content eltdf-eh-custom-268107\" >\n\t\t\t[vc_custom_heading text=\u00a0\u00bbVINIFICATION<br \/>\nTRADITIONNELLE\u00a0\u00bb font_container=\u00a0\u00bbtag:h2|font_size:30px|text_align:center|line_height:38px\u00a0\u00bb google_fonts=\u00a0\u00bbfont_family:Playfair%20Display%3Aregular%2Citalic%2C700%2C700italic%2C900%2C900italic|font_style:400%20regular%3A400%3Anormal\u00a0\u00bb][vc_column_text css=\u00a0\u00bb.vc_custom_1574845971884{margin-right: 5% !important;margin-left: 5% !important;}\u00a0\u00bb]O\u00f9 la ros\u00e9e du matin baigne les raisins et le soleil de l\u2019apr\u00e8s-midi s\u00e8che les sols jusqu\u2019\u00e0 ce qu\u2019ils se fissurent.<br \/>\nL\u00e0 o\u00f9 les vents d&rsquo;ouest d\u00e9gagent le ciel de nuages.<br \/>\nC\u2019est l\u00e0 que Vidum est n\u00e9.<br \/>\n[\/vc_column_text][vc_custom_heading text=\u00a0\u00bbMark Verheijen\u00a0\u00bb font_container=\u00a0\u00bbtag:h4|font_size:30px|text_align:center|color:%23737272|line_height:38px\u00a0\u00bb google_fonts=\u00a0\u00bbfont_family:Playfair%20Display%3Aregular%2Citalic%2C700%2C700italic%2C900%2C900italic|font_style:400%20regular%3A400%3Anormal\u00a0\u00bb][vc_single_image image=\u00a0\u00bb11252&Prime; img_size=\u00a0\u00bbmedium\u00a0\u00bb alignment=\u00a0\u00bbcenter\u00a0\u00bb][vc_empty_space height=\u00a0\u00bb10px\u00a0\u00bb]\t\t<\/div>\n\t<\/div>\n\t<\/div><div class=\"eltdf-eh-item eltdf-horizontal-alignment-center\" data-item-class=\"eltdf-eh-custom-397346\" >\n\t<div class=\"eltdf-eh-item-inner\" >\n\t\t<div class=\"eltdf-eh-item-content eltdf-eh-custom-397346\" >\n\t\t\t[vc_single_image image=\u00a0\u00bb11048&Prime; img_size=\u00a0\u00bblarge\u00a0\u00bb alignment=\u00a0\u00bbcenter\u00a0\u00bb css_animation=\u00a0\u00bbfadeIn\u00a0\u00bb]\t\t<\/div>\n\t<\/div>\n\t<\/div><\/div>[\/vc_column][\/vc_row][vc_row row_type=\u00a0\u00bbparallax\u00a0\u00bb row_content_width=\u00a0\u00bbgrid\u00a0\u00bb content_text_aligment=\u00a0\u00bbcenter\u00a0\u00bb][vc_column]<div class=\"eltdf-elements-holder eltdf-responsive-mode-768\" ><div class=\"eltdf-eh-item \" data-item-class=\"eltdf-eh-custom-986094\" >\n\t<div class=\"eltdf-eh-item-inner\" >\n\t\t<div class=\"eltdf-eh-item-content eltdf-eh-custom-986094\" >\n\t\t\t[vc_empty_space height=\u00a0\u00bb50px\u00a0\u00bb][vc_column_text]Mon histoire d\u2019amour a commenc\u00e9 lorsque je suis sorti de l\u2019universit\u00e9. Le sac \u00e0 dos \u00e0 la main, j\u2019ai quitt\u00e9 la Hollande et parcouru l\u2019Europe de train en train. Lors de l\u2019une de ces \u00e9tapes, je suis tomb\u00e9 sur les grands domaines d\u2019Espagne qui m\u2019ont fascin\u00e9, tout comme le caract\u00e8re ouvert de ses habitants.<\/p>\n<p>Lors de l\u2019un de mes arr\u00eats, un orage m\u2019a oblig\u00e9 \u00e0 chercher refuge et je me suis retrouv\u00e9 dans une petite cave. J\u2019y ai d\u00e9couvert l\u2019art qu\u2019il y a derri\u00e8re un bon vin, une sagesse transmise de parents \u00e0 enfants et de g\u00e9n\u00e9ration en g\u00e9n\u00e9ration.<br \/>\nMais ce n\u2019est que des ann\u00e9es plus tard que j\u2019ai compris l\u2019importance de choisir les bons grains de raisin et leur influence sur les ar\u00f4mes, la couleur et la saveur du vin.<\/p>\n<p>Je serai \u00e9ternellement reconnaissant envers cette petite famille qui m\u2019a accueilli alors que je fuyais la pluie et qui m\u2019a permis de mettre un pas dans ce qui deviendra ma passion.[\/vc_column_text][vc_empty_space height=\u00a0\u00bb50px\u00a0\u00bb]\t\t<\/div>\n\t<\/div>\n\t<\/div><\/div>[\/vc_column][\/vc_row][vc_row][vc_column offset=\u00a0\u00bbvc_hidden-sm vc_hidden-xs\u00a0\u00bb]<div class=\"eltdf-elements-holder eltdf-two-columns eltdf-responsive-mode-768\" style=\"background-color:#ffffff;\"><div class=\"eltdf-eh-item \" data-item-class=\"eltdf-eh-custom-107222\" >\n\t<div class=\"eltdf-eh-item-inner\" >\n\t\t<div class=\"eltdf-eh-item-content eltdf-eh-custom-107222\" >\n\t\t\t[vc_single_image image=\u00a0\u00bb11055&Prime; img_size=\u00a0\u00bbfull\u00a0\u00bb css_animation=\u00a0\u00bbfadeIn\u00a0\u00bb]\t\t<\/div>\n\t<\/div>\n\t<\/div><div class=\"eltdf-eh-item \" data-item-class=\"eltdf-eh-custom-242341\" >\n\t<div class=\"eltdf-eh-item-inner\" style=\"background-color: #ffffff\">\n\t\t<div class=\"eltdf-eh-item-content eltdf-eh-custom-242341\" >\n\t\t\t[vc_empty_space height=\u00a0\u00bb50px\u00a0\u00bb][vc_column_text css=\u00a0\u00bb.vc_custom_1653385540870{margin-right: 10% !important;margin-left: 10% !important;}\u00a0\u00bb]C\u2019est alors que j\u2019ai rencontr\u00e9 Maya, ma femme, dont le regard s\u2019est pos\u00e9 sur ce Hollandais qui l\u2019a fait rire sans le vouloir. Nous nous sommes rencontr\u00e9s au cours d\u2019une d\u00e9gustation de vins lors d\u2019une foire gastronomique en Europe et peu de temps apr\u00e8s, nous nous sommes install\u00e9s ensemble pour construire notre avenir en Espagne avec un projet en t\u00eate, une valise pleine d\u2019illusions et de r\u00eaves et un objectif tr\u00e8s clair : Vidum, notre entreprise et notre passion.<\/p>\n<p>\u00c0 travers de Vidum, nous souhaitons partager une partie importante de l\u2019Espagne et transporter ses vins dans le monde entier, en atteignant les march\u00e9s les plus recul\u00e9s de la plan\u00e8te. Pour ce faire, nous avons s\u00e9lectionn\u00e9 des vins de qualit\u00e9, \u00e9labor\u00e9s \u00e0 partir de raisins cultiv\u00e9s dans des sols calcaires sous des climats extr\u00eames, empreints de caract\u00e8re.[\/vc_column_text][vc_empty_space height=\u00a0\u00bb50px\u00a0\u00bb]\t\t<\/div>\n\t<\/div>\n\t<\/div><\/div>[\/vc_column][\/vc_row][vc_row][vc_column offset=\u00a0\u00bbvc_hidden-lg vc_hidden-md\u00a0\u00bb]<div class=\"eltdf-elements-holder eltdf-two-columns eltdf-responsive-mode-768\" style=\"background-color:#ffffff;\"><div class=\"eltdf-eh-item \" data-item-class=\"eltdf-eh-custom-699083\" >\n\t<div class=\"eltdf-eh-item-inner\" >\n\t\t<div class=\"eltdf-eh-item-content eltdf-eh-custom-699083\" >\n\t\t\t[vc_single_image image=\u00a0\u00bb11055&Prime; img_size=\u00a0\u00bbfull\u00a0\u00bb css_animation=\u00a0\u00bbfadeIn\u00a0\u00bb]\t\t<\/div>\n\t<\/div>\n\t<\/div><div class=\"eltdf-eh-item \" data-item-class=\"eltdf-eh-custom-693214\" >\n\t<div class=\"eltdf-eh-item-inner\" style=\"background-color: #ffffff\">\n\t\t<div class=\"eltdf-eh-item-content eltdf-eh-custom-693214\" >\n\t\t\t[vc_empty_space height=\u00a0\u00bb50px\u00a0\u00bb][vc_column_text css=\u00a0\u00bb.vc_custom_1653385550900{margin-right: 10% !important;margin-left: 10% !important;}\u00a0\u00bb]C\u2019est alors que j\u2019ai rencontr\u00e9 Maya, ma femme, dont le regard s\u2019est pos\u00e9 sur ce Hollandais qui l\u2019a fait rire sans le vouloir. Nous nous sommes rencontr\u00e9s au cours d\u2019une d\u00e9gustation de vins lors d\u2019une foire gastronomique en Europe et peu de temps apr\u00e8s, nous nous sommes install\u00e9s ensemble pour construire notre avenir en Espagne avec un projet en t\u00eate, une valise pleine d\u2019illusions et de r\u00eaves et un objectif tr\u00e8s clair : Vidum, notre entreprise et notre passion.<\/p>\n<p>\u00c0 travers de Vidum, nous souhaitons partager une partie importante de l\u2019Espagne et transporter ses vins dans le monde entier, en atteignant les march\u00e9s les plus recul\u00e9s de la plan\u00e8te. Pour ce faire, nous avons s\u00e9lectionn\u00e9 des vins de qualit\u00e9, \u00e9labor\u00e9s \u00e0 partir de raisins cultiv\u00e9s dans des sols calcaires sous des climats extr\u00eames, empreints de caract\u00e8re.<br \/>\n[\/vc_column_text]\t\t<\/div>\n\t<\/div>\n\t<\/div><\/div>[\/vc_column][\/vc_row][vc_row row_type=\u00a0\u00bbparallax\u00a0\u00bb row_content_width=\u00a0\u00bbgrid\u00a0\u00bb content_text_aligment=\u00a0\u00bbcenter\u00a0\u00bb][vc_column]<div class=\"eltdf-elements-holder eltdf-responsive-mode-768\" ><div class=\"eltdf-eh-item \" data-item-class=\"eltdf-eh-custom-686215\" >\n\t<div class=\"eltdf-eh-item-inner\" >\n\t\t<div class=\"eltdf-eh-item-content eltdf-eh-custom-686215\" >\n\t\t\t[vc_empty_space height=\u00a0\u00bb50px\u00a0\u00bb][vc_column_text]C&rsquo;est ainsi qu&rsquo;est n\u00e9 VIDUM, une soci\u00e9t\u00e9 bas\u00e9e en Espagne sp\u00e9cialis\u00e9e dans la cr\u00e9ation, la promotion et la distribution de vins dans le monde entier.<br \/>\nNos vins ont \u00e9t\u00e9 introduits dans plus de 50 pays d\u2019Asie, d\u2019Am\u00e9rique, d\u2019Europe et d\u2019Afrique, avec plus de 6.000.000 de bouteilles vendues l\u2019ann\u00e9e derni\u00e8re.<br \/>\nGr\u00e2ce \u00e0 nos nombreuses ann\u00e9es d\u2019exp\u00e9rience, nous avons d\u00e9velopp\u00e9 une connaissance approfondie des march\u00e9s vinicoles internationaux et sommes en mesure de s\u00e9lectionner les vins les plus ad\u00e9quats pour chaque demande.<br \/>\nNotre principal atout est la flexibilit\u00e9 n\u00e9cessaire pour adapter notre offre aux demandes sp\u00e9cifiques de chaque march\u00e9. Nous sommes sp\u00e9cialis\u00e9s dans les vins d\u2019entr\u00e9e de gamme et de gamme moyenne.<br \/>\n\u00c9tablis depuis 1870, nos domaines vinicoles ont une longue tradition de vinification.<br \/>\nAujourd\u2019hui, nos installations et processus sont adapt\u00e9s aux nouvelles normes de qualit\u00e9. De plus, nous avons mis en place un syst\u00e8me de qualit\u00e9, avec une proc\u00e9dure de tra\u00e7abilit\u00e9, afin de garantir le plus haut niveau de qualit\u00e9 depuis la vigne jusqu\u2019au consommateur final.[\/vc_column_text]\t\t<\/div>\n\t<\/div>\n\t<\/div><\/div>[\/vc_column][\/vc_row][vc_row][vc_column offset=\u00a0\u00bbvc_hidden-sm vc_hidden-xs\u00a0\u00bb]<div class=\"eltdf-elements-holder eltdf-responsive-mode-768 eltdf-one-column-alignment-center\" ><div class=\"eltdf-eh-item eltdf-horizontal-alignment-center\" data-item-class=\"eltdf-eh-custom-567986\" >\n\t<div class=\"eltdf-eh-item-inner\" >\n\t\t<div class=\"eltdf-eh-item-content eltdf-eh-custom-567986\" >\n\t\t\t[vc_custom_heading text=\u00a0\u00bbNOUS AIDONS NOS CLIENTS \u00c0 R\u00c9ALISER LEURS R\u00caVES\u00a0\u00bb font_container=\u00a0\u00bbtag:h2|font_size:30px|text_align:center|line_height:38px\u00a0\u00bb google_fonts=\u00a0\u00bbfont_family:Playfair%20Display%3Aregular%2Citalic%2C700%2C700italic%2C900%2C900italic|font_style:400%20regular%3A400%3Anormal\u00a0\u00bb css=\u00a0\u00bb.vc_custom_1574846070519{margin-right: 5% !important;margin-left: 5% !important;}\u00a0\u00bb][vc_column_text css=\u00a0\u00bb.vc_custom_1653385321524{margin-right: 10% !important;margin-left: 10% !important;}\u00a0\u00bb]Un vin parfait vous attend, \u00cates-vous pr\u00eats \u00e0 le d\u00e9couvrir?[\/vc_column_text][vc_empty_space height=\u00a0\u00bb50px\u00a0\u00bb]\t\t<\/div>\n\t<\/div>\n\t<\/div><\/div>[\/vc_column][\/vc_row][vc_row][vc_column offset=\u00a0\u00bbvc_hidden-lg vc_hidden-md\u00a0\u00bb]<div class=\"eltdf-elements-holder eltdf-responsive-mode-768 eltdf-one-column-alignment-center\" ><div class=\"eltdf-eh-item eltdf-horizontal-alignment-center\" data-item-class=\"eltdf-eh-custom-850862\" >\n\t<div class=\"eltdf-eh-item-inner\" >\n\t\t<div class=\"eltdf-eh-item-content eltdf-eh-custom-850862\" >\n\t\t\t[vc_custom_heading text=\u00a0\u00bbNOUS AIDONS NOS CLIENTS \u00c0 R\u00c9ALISER LEURS R\u00caVES\u00a0\u00bb font_container=\u00a0\u00bbtag:h3|font_size:20px|text_align:center|line_height:28px\u00a0\u00bb google_fonts=\u00a0\u00bbfont_family:Playfair%20Display%3Aregular%2Citalic%2C700%2C700italic%2C900%2C900italic|font_style:400%20regular%3A400%3Anormal\u00a0\u00bb css=\u00a0\u00bb.vc_custom_1574846076556{margin-right: 5% !important;margin-left: 5% !important;}\u00a0\u00bb][vc_column_text css=\u00a0\u00bb.vc_custom_1653385333699{margin-right: 10% !important;margin-left: 10% !important;}\u00a0\u00bb]Un vin parfait vous attend, \u00cates-vous pr\u00eats \u00e0 le d\u00e9couvrir?[\/vc_column_text][vc_empty_space height=\u00a0\u00bb50px\u00a0\u00bb]\t\t<\/div>\n\t<\/div>\n\t<\/div><\/div>[\/vc_column][\/vc_row]<\/p>\n","protected":false},"excerpt":{"rendered":"<p>[vc_row content_text_aligment=\u00a0\u00bbright\u00a0\u00bb css=\u00a0\u00bb.vc_custom_1568801088277{background-color: #eaeaea !important;background-position: center !important;background-repeat: no-repeat !important;background-size: cover !important;}\u00a0\u00bb][vc_column][\/vc_column][\/vc_row][vc_row row_type=\u00a0\u00bbparallax\u00a0\u00bb row_content_width=\u00a0\u00bbgrid\u00a0\u00bb content_text_aligment=\u00a0\u00bbcenter\u00a0\u00bb][vc_column][\/vc_column][\/vc_row][vc_row][vc_column offset=\u00a0\u00bbvc_hidden-sm vc_hidden-xs\u00a0\u00bb][\/vc_column][\/vc_row][vc_row][vc_column offset=\u00a0\u00bbvc_hidden-lg vc_hidden-md\u00a0\u00bb][\/vc_column][\/vc_row][vc_row row_type=\u00a0\u00bbparallax\u00a0\u00bb row_content_width=\u00a0\u00bbgrid\u00a0\u00bb content_text_aligment=\u00a0\u00bbcenter\u00a0\u00bb][vc_column][\/vc_column][\/vc_row][vc_row][vc_column offset=\u00a0\u00bbvc_hidden-sm vc_hidden-xs\u00a0\u00bb][\/vc_column][\/vc_row][vc_row][vc_column offset=\u00a0\u00bbvc_hidden-lg vc_hidden-md\u00a0\u00bb][\/vc_column][\/vc_row]<\/p>\n","protected":false},"author":1,"featured_media":0,"parent":0,"menu_order":0,"comment_status":"closed","ping_status":"closed","template":"full-width.php","meta":{"footnotes":""},"class_list":["post-10932","page","type-page","status-publish","hentry"],"_links":{"self":[{"href":"https:\/\/vidum.es\/fr\/wp-json\/wp\/v2\/pages\/10932","targetHints":{"allow":["GET"]}}],"collection":[{"href":"https:\/\/vidum.es\/fr\/wp-json\/wp\/v2\/pages"}],"about":[{"href":"https:\/\/vidum.es\/fr\/wp-json\/wp\/v2\/types\/page"}],"author":[{"embeddable":true,"href":"https:\/\/vidum.es\/fr\/wp-json\/wp\/v2\/users\/1"}],"replies":[{"embeddable":true,"href":"https:\/\/vidum.es\/fr\/wp-json\/wp\/v2\/comments?post=10932"}],"version-history":[{"count":57,"href":"https:\/\/vidum.es\/fr\/wp-json\/wp\/v2\/pages\/10932\/revisions"}],"predecessor-version":[{"id":18287,"href":"https:\/\/vidum.es\/fr\/wp-json\/wp\/v2\/pages\/10932\/revisions\/18287"}],"wp:attachment":[{"href":"https:\/\/vidum.es\/fr\/wp-json\/wp\/v2\/media?parent=10932"}],"curies":[{"name":"wp","href":"https:\/\/api.w.org\/{rel}","templated":true}]}}