{"id":16697,"date":"2022-09-27T10:10:52","date_gmt":"2022-09-27T10:10:52","guid":{"rendered":"https:\/\/vidum.es\/?page_id=16697"},"modified":"2026-03-16T16:22:12","modified_gmt":"2026-03-16T16:22:12","slug":"do-wine-3","status":"publish","type":"page","link":"https:\/\/vidum.es\/fr\/do-wine-3\/","title":{"rendered":"Vin AOC"},"content":{"rendered":"<p>[vc_row row_content_width=\u00a0\u00bbgrid\u00a0\u00bb content_text_aligment=\u00a0\u00bbcenter\u00a0\u00bb css=\u00a0\u00bb.vc_custom_1568881979531{padding-top: 50px !important;padding-bottom: 50px !important;}\u00a0\u00bb][vc_column css=\u00a0\u00bb.vc_custom_1489652759587{padding-right: 0px !important;padding-left: 0px !important;}\u00a0\u00bb]<div class=\"eltdf-section-title-holder\" >\n\t\t\t<h2 class=\"eltdf-st-title\" >\n\t\t\t<span>Vin AOC<\/span>\n\t\t<\/h2>\n                    <div class=\"eltdf-st-separator clearfix\">\n                <div class=\"eltdf-separator\" style=\"margin-top: 23px;margin-bottom: 4px\"><\/div>\n            <\/div>\n        \t\t\t<\/div>[\/vc_column][\/vc_row][vc_row][vc_column offset=\u00a0\u00bbvc_hidden-md vc_hidden-sm vc_hidden-xs\u00a0\u00bb]<div class=\"eltdf-elements-holder eltdf-two-columns eltdf-responsive-mode-1280\" ><div class=\"eltdf-eh-item \" data-item-class=\"eltdf-eh-custom-962745\" >\n\t<div class=\"eltdf-eh-item-inner\" >\n\t\t<div class=\"eltdf-eh-item-content eltdf-eh-custom-962745\" style=\"padding: 0px 0px\">\n\t\t\t<div class=\"eltdf-interactive-info-box clearfix eltdf-interactive-info-box-image-left\">\n            <div class=\"eltdf-iib-image\">\n                                    <img loading=\"lazy\" decoding=\"async\" width=\"1920\" height=\"1091\" src=\"https:\/\/vidum.es\/wp-content\/uploads\/2026\/03\/Salina-Gama-completa.webp\" class=\"attachment-full size-full\" alt=\"\" srcset=\"https:\/\/vidum.es\/wp-content\/uploads\/2026\/03\/Salina-Gama-completa.webp 1920w, https:\/\/vidum.es\/wp-content\/uploads\/2026\/03\/Salina-Gama-completa-300x170.webp 300w, https:\/\/vidum.es\/wp-content\/uploads\/2026\/03\/Salina-Gama-completa-1024x582.webp 1024w, https:\/\/vidum.es\/wp-content\/uploads\/2026\/03\/Salina-Gama-completa-768x436.webp 768w, https:\/\/vidum.es\/wp-content\/uploads\/2026\/03\/Salina-Gama-completa-1536x873.webp 1536w\" sizes=\"auto, (max-width: 1920px) 100vw, 1920px\" \/>                            <span class=\"eltd-iib-image-border-top\"><\/span>\n            <span class=\"eltd-iib-image-border-right\"><\/span>\n            <span class=\"eltd-iib-image-border-bottom\"><\/span>\n            <span class=\"eltd-iib-image-border-left\"><\/span>\n            <div class=\"eltdf-iib-image-hover-info\">\n                <div class=\"eltdf-iib-image-hover-info-holder\">\n                    <div class=\"eltdf-iib-image-hover-info-inner\">\n                                                                    <\/div>\n                                            <a class=\"eltdf-iib-image-hover-link\" href=\"https:\/\/vidum.es\/fr\/salina\/\" target=\"_self\"><\/a>\n                                    <\/div>\n            <\/div>\n        <\/div>\n        <div class=\"eltdf-iib-text-holder\" style=\"background-color: #f3efee\">\n            <h3 class=\"eltdf-iib-title\">Salina<\/h3>\n            <div class=\"eltdf-iib-separator clearfix\">\n        <div class=\"eltdf-separator\"><\/div>\n    <\/div>\n            <p class=\"eltdf-iib-text\">Salina est une femme aux multiples visages : s\u00e9duisante, myst\u00e9rieuse, versatile et \u00e0 tr\u00e8s forte personnalit\u00e9. D\u00e9couvrez dans chacun de ses visages la saveur d\u2019une Appellation d\u2019origine contr\u00f4l\u00e9e.<\/p>\n        <\/div>\n    <\/div>\t\t<\/div>\n\t<\/div>\n\t<\/div><\/div><div class=\"eltdf-elements-holder eltdf-two-columns eltdf-responsive-mode-1280\" ><div class=\"eltdf-eh-item \" data-item-class=\"eltdf-eh-custom-502995\" >\n\t<div class=\"eltdf-eh-item-inner\" >\n\t\t<div class=\"eltdf-eh-item-content eltdf-eh-custom-502995\" style=\"padding: 0px 0px\">\n\t\t\t<div class=\"eltdf-interactive-info-box clearfix eltdf-interactive-info-box-image-right\">\n        <div class=\"eltdf-iib-text-holder\" style=\"background-color: #f3efee\">\n            <h3 class=\"eltdf-iib-title\">POSE<\/h3>\n            <div class=\"eltdf-iib-separator clearfix\">\n        <div class=\"eltdf-separator\"><\/div>\n    <\/div>\n            <p class=\"eltdf-iib-text\">Pourquoi ne pas immortaliser un moment sp\u00e9cial par un selfie ? Cliquez, regardez la photo\u2026 :-O Ouah ! C&#039;est moi \u00e7a ? Votre animal int\u00e9rieur s&#039;est d\u00e9velopp\u00e9 !<\/p>\n        <\/div>\n            <div class=\"eltdf-iib-image\">\n                            <img loading=\"lazy\" decoding=\"async\" width=\"1920\" height=\"1091\" src=\"https:\/\/vidum.es\/wp-content\/uploads\/2026\/03\/Pose-Gama-completa-2.webp\" class=\"attachment-full size-full\" alt=\"\" srcset=\"https:\/\/vidum.es\/wp-content\/uploads\/2026\/03\/Pose-Gama-completa-2.webp 1920w, https:\/\/vidum.es\/wp-content\/uploads\/2026\/03\/Pose-Gama-completa-2-300x170.webp 300w, https:\/\/vidum.es\/wp-content\/uploads\/2026\/03\/Pose-Gama-completa-2-1024x582.webp 1024w, https:\/\/vidum.es\/wp-content\/uploads\/2026\/03\/Pose-Gama-completa-2-768x436.webp 768w, https:\/\/vidum.es\/wp-content\/uploads\/2026\/03\/Pose-Gama-completa-2-1536x873.webp 1536w\" sizes=\"auto, (max-width: 1920px) 100vw, 1920px\" \/>                        <span class=\"eltd-iib-image-border-top\"><\/span>\n            <span class=\"eltd-iib-image-border-right\"><\/span>\n            <span class=\"eltd-iib-image-border-bottom\"><\/span>\n            <span class=\"eltd-iib-image-border-left\"><\/span>\n            <div class=\"eltdf-iib-image-hover-info\">\n                <div class=\"eltdf-iib-image-hover-info-holder\">\n                    <div class=\"eltdf-iib-image-hover-info-inner\">\n                                                                    <\/div>\n                                            <a class=\"eltdf-iib-image-hover-link\" href=\"http:\/\/www.vidum.es\/fr\/pose\/\" target=\"_self\"><\/a>\n                                    <\/div>\n            <\/div>\n        <\/div>\n    <\/div>\t\t<\/div>\n\t<\/div>\n\t<\/div><\/div><div class=\"eltdf-elements-holder eltdf-two-columns eltdf-responsive-mode-1280\" ><div class=\"eltdf-eh-item \" data-item-class=\"eltdf-eh-custom-968107\" >\n\t<div class=\"eltdf-eh-item-inner\" >\n\t\t<div class=\"eltdf-eh-item-content eltdf-eh-custom-968107\" style=\"padding: 0px 0px\">\n\t\t\t<div class=\"eltdf-interactive-info-box clearfix eltdf-interactive-info-box-image-left\">\n            <div class=\"eltdf-iib-image\">\n                                    <img loading=\"lazy\" decoding=\"async\" width=\"1920\" height=\"1091\" src=\"https:\/\/vidum.es\/wp-content\/uploads\/2025\/05\/Salvaje-Gama-completa.webp\" class=\"attachment-full size-full\" alt=\"\" srcset=\"https:\/\/vidum.es\/wp-content\/uploads\/2025\/05\/Salvaje-Gama-completa.webp 1920w, https:\/\/vidum.es\/wp-content\/uploads\/2025\/05\/Salvaje-Gama-completa-300x170.webp 300w, https:\/\/vidum.es\/wp-content\/uploads\/2025\/05\/Salvaje-Gama-completa-1024x582.webp 1024w, https:\/\/vidum.es\/wp-content\/uploads\/2025\/05\/Salvaje-Gama-completa-768x436.webp 768w, https:\/\/vidum.es\/wp-content\/uploads\/2025\/05\/Salvaje-Gama-completa-1536x873.webp 1536w\" sizes=\"auto, (max-width: 1920px) 100vw, 1920px\" \/>                            <span class=\"eltd-iib-image-border-top\"><\/span>\n            <span class=\"eltd-iib-image-border-right\"><\/span>\n            <span class=\"eltd-iib-image-border-bottom\"><\/span>\n            <span class=\"eltd-iib-image-border-left\"><\/span>\n            <div class=\"eltdf-iib-image-hover-info\">\n                <div class=\"eltdf-iib-image-hover-info-holder\">\n                    <div class=\"eltdf-iib-image-hover-info-inner\">\n                                                                    <\/div>\n                                            <a class=\"eltdf-iib-image-hover-link\" href=\"http:\/\/www.vidum.es\/fr\/salvaje\/\" target=\"_self\"><\/a>\n                                    <\/div>\n            <\/div>\n        <\/div>\n        <div class=\"eltdf-iib-text-holder\" style=\"background-color: #f3efee\">\n            <h3 class=\"eltdf-iib-title\">Salvaje<\/h3>\n            <div class=\"eltdf-iib-separator clearfix\">\n        <div class=\"eltdf-separator\"><\/div>\n    <\/div>\n            <p class=\"eltdf-iib-text\">Pour bien comprendre l&#039;essence des vins de Jumilla, il faut \u00eatre capable de sentir le soleil br\u00fblant de l&#039;\u00e9t\u00e9, le froid glacial de l&#039;hiver et le contraste des temp\u00e9ratures. Cette lutte pour la vie, pour chacune de ces rares gouttes d&#039;eau, est la nature m\u00eame de nos vins de Jumilla. Notre gamme SALVAJE repr\u00e9sente les habitants de nos vignobles : des animaux sauvages qui peuvent s&#039;adapter aux conditions climatiques extr\u00eames de Jumilla et survivre quoi qu&#039;il arrive. Nous esp\u00e9rons que vous serez inspir\u00e9s par le caract\u00e8re combatif de nos vins et de ces cr\u00e9atures SAUVAGES.<\/p>\n        <\/div>\n    <\/div>\t\t<\/div>\n\t<\/div>\n\t<\/div><\/div>[\/vc_column][\/vc_row][vc_row][vc_column offset=\u00a0\u00bbvc_hidden-lg vc_hidden-xs\u00a0\u00bb]<div class=\"eltdf-elements-holder eltdf-two-columns eltdf-responsive-mode-1280\" ><div class=\"eltdf-eh-item \" data-item-class=\"eltdf-eh-custom-712971\" >\n\t<div class=\"eltdf-eh-item-inner\" >\n\t\t<div class=\"eltdf-eh-item-content eltdf-eh-custom-712971\" style=\"padding: 0px 0px\">\n\t\t\t<div class=\"eltdf-interactive-info-box clearfix eltdf-interactive-info-box-image-left\">\n            <div class=\"eltdf-iib-image\">\n                                                                <span class=\"eltd-iib-image-border-top\"><\/span>\n            <span class=\"eltd-iib-image-border-right\"><\/span>\n            <span class=\"eltd-iib-image-border-bottom\"><\/span>\n            <span class=\"eltd-iib-image-border-left\"><\/span>\n            <div class=\"eltdf-iib-image-hover-info\">\n                <div class=\"eltdf-iib-image-hover-info-holder\">\n                    <div class=\"eltdf-iib-image-hover-info-inner\">\n                                                                    <\/div>\n                                            <a class=\"eltdf-iib-image-hover-link\" href=\"https:\/\/vidum.es\/fr\/salina\/\" target=\"_self\"><\/a>\n                                    <\/div>\n            <\/div>\n        <\/div>\n        <div class=\"eltdf-iib-text-holder\" style=\"background-color: #ffffff\">\n            <h3 class=\"eltdf-iib-title\">Salina<\/h3>\n            <div class=\"eltdf-iib-separator clearfix\">\n        <div class=\"eltdf-separator\"><\/div>\n    <\/div>\n        <\/div>\n    <\/div>\t\t<\/div>\n\t<\/div>\n\t<\/div><\/div><div class=\"eltdf-elements-holder eltdf-two-columns eltdf-responsive-mode-1280\" ><div class=\"eltdf-eh-item \" data-item-class=\"eltdf-eh-custom-215076\" >\n\t<div class=\"eltdf-eh-item-inner\" >\n\t\t<div class=\"eltdf-eh-item-content eltdf-eh-custom-215076\" style=\"padding: 0px 0px\">\n\t\t\t<div class=\"eltdf-interactive-info-box clearfix eltdf-interactive-info-box-image-right\">\n        <div class=\"eltdf-iib-text-holder\" style=\"background-color: #ffffff\">\n            <h3 class=\"eltdf-iib-title\">POSE<\/h3>\n            <div class=\"eltdf-iib-separator clearfix\">\n        <div class=\"eltdf-separator\"><\/div>\n    <\/div>\n        <\/div>\n            <div class=\"eltdf-iib-image\">\n                            <img loading=\"lazy\" decoding=\"async\" width=\"1241\" height=\"498\" src=\"https:\/\/vidum.es\/wp-content\/uploads\/2025\/04\/POSE-gama-1.webp\" class=\"attachment-full size-full\" alt=\"\" srcset=\"https:\/\/vidum.es\/wp-content\/uploads\/2025\/04\/POSE-gama-1.webp 1241w, https:\/\/vidum.es\/wp-content\/uploads\/2025\/04\/POSE-gama-1-300x120.webp 300w, https:\/\/vidum.es\/wp-content\/uploads\/2025\/04\/POSE-gama-1-1024x411.webp 1024w, https:\/\/vidum.es\/wp-content\/uploads\/2025\/04\/POSE-gama-1-768x308.webp 768w\" sizes=\"auto, (max-width: 1241px) 100vw, 1241px\" \/>                        <span class=\"eltd-iib-image-border-top\"><\/span>\n            <span class=\"eltd-iib-image-border-right\"><\/span>\n            <span class=\"eltd-iib-image-border-bottom\"><\/span>\n            <span class=\"eltd-iib-image-border-left\"><\/span>\n            <div class=\"eltdf-iib-image-hover-info\">\n                <div class=\"eltdf-iib-image-hover-info-holder\">\n                    <div class=\"eltdf-iib-image-hover-info-inner\">\n                                                                    <\/div>\n                                            <a class=\"eltdf-iib-image-hover-link\" href=\"http:\/\/www.vidum.es\/fr\/pose\/\" target=\"_self\"><\/a>\n                                    <\/div>\n            <\/div>\n        <\/div>\n    <\/div>\t\t<\/div>\n\t<\/div>\n\t<\/div><\/div><div class=\"eltdf-elements-holder eltdf-two-columns eltdf-responsive-mode-1280\" ><div class=\"eltdf-eh-item \" data-item-class=\"eltdf-eh-custom-572646\" >\n\t<div class=\"eltdf-eh-item-inner\" >\n\t\t<div class=\"eltdf-eh-item-content eltdf-eh-custom-572646\" style=\"padding: 0px 0px\">\n\t\t\t<div class=\"eltdf-interactive-info-box clearfix eltdf-interactive-info-box-image-left\">\n            <div class=\"eltdf-iib-image\">\n                                    <img loading=\"lazy\" decoding=\"async\" width=\"1920\" height=\"1091\" src=\"https:\/\/vidum.es\/wp-content\/uploads\/2023\/07\/Salvaje-Gama-completa.jpg\" class=\"attachment-full size-full\" alt=\"\" srcset=\"https:\/\/vidum.es\/wp-content\/uploads\/2023\/07\/Salvaje-Gama-completa.jpg 1920w, https:\/\/vidum.es\/wp-content\/uploads\/2023\/07\/Salvaje-Gama-completa-300x170.jpg 300w, https:\/\/vidum.es\/wp-content\/uploads\/2023\/07\/Salvaje-Gama-completa-1024x582.jpg 1024w, https:\/\/vidum.es\/wp-content\/uploads\/2023\/07\/Salvaje-Gama-completa-768x436.jpg 768w, https:\/\/vidum.es\/wp-content\/uploads\/2023\/07\/Salvaje-Gama-completa-1536x873.jpg 1536w\" sizes=\"auto, (max-width: 1920px) 100vw, 1920px\" \/>                            <span class=\"eltd-iib-image-border-top\"><\/span>\n            <span class=\"eltd-iib-image-border-right\"><\/span>\n            <span class=\"eltd-iib-image-border-bottom\"><\/span>\n            <span class=\"eltd-iib-image-border-left\"><\/span>\n            <div class=\"eltdf-iib-image-hover-info\">\n                <div class=\"eltdf-iib-image-hover-info-holder\">\n                    <div class=\"eltdf-iib-image-hover-info-inner\">\n                                                                    <\/div>\n                                            <a class=\"eltdf-iib-image-hover-link\" href=\"http:\/\/www.vidum.es\/fr\/salvaje\/\" target=\"_self\"><\/a>\n                                    <\/div>\n            <\/div>\n        <\/div>\n        <div class=\"eltdf-iib-text-holder\" style=\"background-color: #ffffff\">\n            <h3 class=\"eltdf-iib-title\">Salvaje<\/h3>\n            <div class=\"eltdf-iib-separator clearfix\">\n        <div class=\"eltdf-separator\"><\/div>\n    <\/div>\n        <\/div>\n    <\/div>\t\t<\/div>\n\t<\/div>\n\t<\/div><\/div>[\/vc_column][\/vc_row][vc_row][vc_column offset=\u00a0\u00bbvc_hidden-lg vc_hidden-md vc_hidden-sm\u00a0\u00bb]<div class=\"eltdf-elements-holder eltdf-two-columns eltdf-responsive-mode-1280\" ><div class=\"eltdf-eh-item \" data-item-class=\"eltdf-eh-custom-879509\" >\n\t<div class=\"eltdf-eh-item-inner\" >\n\t\t<div class=\"eltdf-eh-item-content eltdf-eh-custom-879509\" style=\"padding: 0px 0px\">\n\t\t\t<div class=\"eltdf-interactive-info-box clearfix eltdf-interactive-info-box-image-left\">\n            <div class=\"eltdf-iib-image\">\n                                                                <span class=\"eltd-iib-image-border-top\"><\/span>\n            <span class=\"eltd-iib-image-border-right\"><\/span>\n            <span class=\"eltd-iib-image-border-bottom\"><\/span>\n            <span class=\"eltd-iib-image-border-left\"><\/span>\n            <div class=\"eltdf-iib-image-hover-info\">\n                <div class=\"eltdf-iib-image-hover-info-holder\">\n                    <div class=\"eltdf-iib-image-hover-info-inner\">\n                                                                    <\/div>\n                                            <a class=\"eltdf-iib-image-hover-link\" href=\"https:\/\/vidum.es\/fr\/salina\/\" target=\"_self\"><\/a>\n                                    <\/div>\n            <\/div>\n        <\/div>\n        <div class=\"eltdf-iib-text-holder\" style=\"background-color: #f3efee\">\n            <h3 class=\"eltdf-iib-title\">Salina<\/h3>\n            <div class=\"eltdf-iib-separator clearfix\">\n        <div class=\"eltdf-separator\"><\/div>\n    <\/div>\n            <p class=\"eltdf-iib-text\">Salina est une femme aux multiples visages : s\u00e9duisante, myst\u00e9rieuse, versatile et \u00e0 tr\u00e8s forte personnalit\u00e9. D\u00e9couvrez dans chacun de ses visages la saveur d\u2019une Appellation d\u2019origine contr\u00f4l\u00e9e.<\/p>\n        <\/div>\n    <\/div>\t\t<\/div>\n\t<\/div>\n\t<\/div><\/div><div class=\"eltdf-elements-holder eltdf-two-columns eltdf-responsive-mode-1280\" ><div class=\"eltdf-eh-item \" data-item-class=\"eltdf-eh-custom-357132\" >\n\t<div class=\"eltdf-eh-item-inner\" >\n\t\t<div class=\"eltdf-eh-item-content eltdf-eh-custom-357132\" style=\"padding: 0px 0px\">\n\t\t\t<div class=\"eltdf-interactive-info-box clearfix eltdf-interactive-info-box-image-left\">\n            <div class=\"eltdf-iib-image\">\n                                    <img loading=\"lazy\" decoding=\"async\" width=\"1241\" height=\"498\" src=\"https:\/\/vidum.es\/wp-content\/uploads\/2025\/04\/POSE-gama-1.webp\" class=\"attachment-full size-full\" alt=\"\" srcset=\"https:\/\/vidum.es\/wp-content\/uploads\/2025\/04\/POSE-gama-1.webp 1241w, https:\/\/vidum.es\/wp-content\/uploads\/2025\/04\/POSE-gama-1-300x120.webp 300w, https:\/\/vidum.es\/wp-content\/uploads\/2025\/04\/POSE-gama-1-1024x411.webp 1024w, https:\/\/vidum.es\/wp-content\/uploads\/2025\/04\/POSE-gama-1-768x308.webp 768w\" sizes=\"auto, (max-width: 1241px) 100vw, 1241px\" \/>                            <span class=\"eltd-iib-image-border-top\"><\/span>\n            <span class=\"eltd-iib-image-border-right\"><\/span>\n            <span class=\"eltd-iib-image-border-bottom\"><\/span>\n            <span class=\"eltd-iib-image-border-left\"><\/span>\n            <div class=\"eltdf-iib-image-hover-info\">\n                <div class=\"eltdf-iib-image-hover-info-holder\">\n                    <div class=\"eltdf-iib-image-hover-info-inner\">\n                                                                    <\/div>\n                                            <a class=\"eltdf-iib-image-hover-link\" href=\"http:\/\/www.vidum.es\/fr\/pose\/\" target=\"_self\"><\/a>\n                                    <\/div>\n            <\/div>\n        <\/div>\n        <div class=\"eltdf-iib-text-holder\" style=\"background-color: #f3efee\">\n            <h3 class=\"eltdf-iib-title\">POSE<\/h3>\n            <div class=\"eltdf-iib-separator clearfix\">\n        <div class=\"eltdf-separator\"><\/div>\n    <\/div>\n            <p class=\"eltdf-iib-text\">Pourquoi ne pas immortaliser un moment sp\u00e9cial par un selfie ? Cliquez, regardez la photo\u2026 :-O Ouah ! C&#039;est moi \u00e7a ? Votre animal int\u00e9rieur s&#039;est d\u00e9velopp\u00e9 !<\/p>\n        <\/div>\n    <\/div>\t\t<\/div>\n\t<\/div>\n\t<\/div><\/div><div class=\"eltdf-elements-holder eltdf-two-columns eltdf-responsive-mode-1280\" ><div class=\"eltdf-eh-item \" data-item-class=\"eltdf-eh-custom-319778\" >\n\t<div class=\"eltdf-eh-item-inner\" >\n\t\t<div class=\"eltdf-eh-item-content eltdf-eh-custom-319778\" style=\"padding: 0px 0px\">\n\t\t\t<div class=\"eltdf-interactive-info-box clearfix eltdf-interactive-info-box-image-left\">\n            <div class=\"eltdf-iib-image\">\n                                    <img loading=\"lazy\" decoding=\"async\" width=\"1920\" height=\"1091\" src=\"https:\/\/vidum.es\/wp-content\/uploads\/2023\/07\/Salvaje-Gama-completa.jpg\" class=\"attachment-full size-full\" alt=\"\" srcset=\"https:\/\/vidum.es\/wp-content\/uploads\/2023\/07\/Salvaje-Gama-completa.jpg 1920w, https:\/\/vidum.es\/wp-content\/uploads\/2023\/07\/Salvaje-Gama-completa-300x170.jpg 300w, https:\/\/vidum.es\/wp-content\/uploads\/2023\/07\/Salvaje-Gama-completa-1024x582.jpg 1024w, https:\/\/vidum.es\/wp-content\/uploads\/2023\/07\/Salvaje-Gama-completa-768x436.jpg 768w, https:\/\/vidum.es\/wp-content\/uploads\/2023\/07\/Salvaje-Gama-completa-1536x873.jpg 1536w\" sizes=\"auto, (max-width: 1920px) 100vw, 1920px\" \/>                            <span class=\"eltd-iib-image-border-top\"><\/span>\n            <span class=\"eltd-iib-image-border-right\"><\/span>\n            <span class=\"eltd-iib-image-border-bottom\"><\/span>\n            <span class=\"eltd-iib-image-border-left\"><\/span>\n            <div class=\"eltdf-iib-image-hover-info\">\n                <div class=\"eltdf-iib-image-hover-info-holder\">\n                    <div class=\"eltdf-iib-image-hover-info-inner\">\n                                                                    <\/div>\n                                            <a class=\"eltdf-iib-image-hover-link\" href=\"http:\/\/www.vidum.es\/fr\/salvaje\/\" target=\"_self\"><\/a>\n                                    <\/div>\n            <\/div>\n        <\/div>\n        <div class=\"eltdf-iib-text-holder\" style=\"background-color: #f3efee\">\n            <h3 class=\"eltdf-iib-title\">Salvaje<\/h3>\n            <div class=\"eltdf-iib-separator clearfix\">\n        <div class=\"eltdf-separator\"><\/div>\n    <\/div>\n            <p class=\"eltdf-iib-text\">Pour bien comprendre l&#039;essence des vins de Jumilla, il faut \u00eatre capable de sentir le soleil br\u00fblant de l&#039;\u00e9t\u00e9, le froid glacial de l&#039;hiver et le contraste des temp\u00e9ratures. Cette lutte pour la vie, pour chacune de ces rares gouttes d&#039;eau, est la nature m\u00eame de nos vins de Jumilla. Notre gamme SALVAJE repr\u00e9sente les habitants de nos vignobles : des animaux sauvages qui peuvent s&#039;adapter aux conditions climatiques extr\u00eames de Jumilla et survivre quoi qu&#039;il arrive. Nous esp\u00e9rons que vous serez inspir\u00e9s par le caract\u00e8re combatif de nos vins et de ces cr\u00e9atures SAUVAGES.<\/p>\n        <\/div>\n    <\/div>\t\t<\/div>\n\t<\/div>\n\t<\/div><\/div>[\/vc_column][\/vc_row][vc_row content_text_aligment=\u00a0\u00bbcenter\u00a0\u00bb css=\u00a0\u00bb.vc_custom_1489750753483{padding-top: 60px !important;padding-bottom: 70px !important;}\u00a0\u00bb][vc_column]<div class=\"eltdf-section-title-holder\" >\n\t\t\t<h4 class=\"eltdf-st-title\" style=\"color: #48122b\">\n\t\t\t<span>Nous aimons ce que nous faisons. Nos clients aussi.<\/span>\n\t\t<\/h4>\n                    <div class=\"eltdf-st-separator clearfix\">\n                <div class=\"eltdf-separator\" style=\"margin-top: 23px;margin-bottom: 4px\"><\/div>\n            <\/div>\n        \t\t\t<\/div>[\/vc_column][\/vc_row]<\/p>\n","protected":false},"excerpt":{"rendered":"<p>[vc_row row_content_width=\u00a0\u00bbgrid\u00a0\u00bb content_text_aligment=\u00a0\u00bbcenter\u00a0\u00bb css=\u00a0\u00bb.vc_custom_1568881979531{padding-top: 50px !important;padding-bottom: 50px !important;}\u00a0\u00bb][vc_column css=\u00a0\u00bb.vc_custom_1489652759587{padding-right: 0px !important;padding-left: 0px !important;}\u00a0\u00bb][\/vc_column][\/vc_row][vc_row][vc_column offset=\u00a0\u00bbvc_hidden-md vc_hidden-sm vc_hidden-xs\u00a0\u00bb][\/vc_column][\/vc_row][vc_row][vc_column offset=\u00a0\u00bbvc_hidden-lg vc_hidden-xs\u00a0\u00bb][\/vc_column][\/vc_row][vc_row][vc_column offset=\u00a0\u00bbvc_hidden-lg vc_hidden-md vc_hidden-sm\u00a0\u00bb][\/vc_column][\/vc_row][vc_row content_text_aligment=\u00a0\u00bbcenter\u00a0\u00bb css=\u00a0\u00bb.vc_custom_1489750753483{padding-top: 60px !important;padding-bottom: 70px !important;}\u00a0\u00bb][vc_column][\/vc_column][\/vc_row]<\/p>\n","protected":false},"author":1,"featured_media":0,"parent":0,"menu_order":0,"comment_status":"closed","ping_status":"closed","template":"full-width.php","meta":{"footnotes":""},"class_list":["post-16697","page","type-page","status-publish","hentry"],"_links":{"self":[{"href":"https:\/\/vidum.es\/fr\/wp-json\/wp\/v2\/pages\/16697","targetHints":{"allow":["GET"]}}],"collection":[{"href":"https:\/\/vidum.es\/fr\/wp-json\/wp\/v2\/pages"}],"about":[{"href":"https:\/\/vidum.es\/fr\/wp-json\/wp\/v2\/types\/page"}],"author":[{"embeddable":true,"href":"https:\/\/vidum.es\/fr\/wp-json\/wp\/v2\/users\/1"}],"replies":[{"embeddable":true,"href":"https:\/\/vidum.es\/fr\/wp-json\/wp\/v2\/comments?post=16697"}],"version-history":[{"count":51,"href":"https:\/\/vidum.es\/fr\/wp-json\/wp\/v2\/pages\/16697\/revisions"}],"predecessor-version":[{"id":18340,"href":"https:\/\/vidum.es\/fr\/wp-json\/wp\/v2\/pages\/16697\/revisions\/18340"}],"wp:attachment":[{"href":"https:\/\/vidum.es\/fr\/wp-json\/wp\/v2\/media?parent=16697"}],"curies":[{"name":"wp","href":"https:\/\/api.w.org\/{rel}","templated":true}]}}