{"id":16875,"date":"2023-07-07T09:26:49","date_gmt":"2023-07-07T09:26:49","guid":{"rendered":"https:\/\/vidum.es\/?page_id=16875"},"modified":"2024-10-16T09:40:09","modified_gmt":"2024-10-16T09:40:09","slug":"sangria","status":"publish","type":"page","link":"https:\/\/vidum.es\/fr\/sangria\/","title":{"rendered":"Sangria"},"content":{"rendered":"<p>[vc_row row_content_width=\u00a0\u00bbgrid\u00a0\u00bb content_text_aligment=\u00a0\u00bbcenter\u00a0\u00bb css=\u00a0\u00bb.vc_custom_1568881912149{padding-top: 50px !important;padding-bottom: 50px !important;}\u00a0\u00bb][vc_column css=\u00a0\u00bb.vc_custom_1489652759587{padding-right: 0px !important;padding-left: 0px !important;}\u00a0\u00bb]<div class=\"eltdf-section-title-holder\" >\n\t\t\t<h2 class=\"eltdf-st-title\" >\n\t\t\t<span>Sangria<\/span>\n\t\t<\/h2>\n                    <div class=\"eltdf-st-separator clearfix\">\n                <div class=\"eltdf-separator\" style=\"margin-top: 23px;margin-bottom: 4px\"><\/div>\n            <\/div>\n        \t\t\t<\/div>[\/vc_column][\/vc_row][vc_row][vc_column]<div class=\"eltdf-elements-holder eltdf-two-columns eltdf-responsive-mode-1024\" ><div class=\"eltdf-eh-item \" data-item-class=\"eltdf-eh-custom-298106\" >\n\t<div class=\"eltdf-eh-item-inner\" >\n\t\t<div class=\"eltdf-eh-item-content eltdf-eh-custom-298106\" style=\"padding: 0px 0px\">\n\t\t\t<div class=\"eltdf-interactive-info-box clearfix eltdf-interactive-info-box-image-left\">\n            <div class=\"eltdf-iib-image\">\n                                    <img loading=\"lazy\" decoding=\"async\" width=\"1920\" height=\"1366\" src=\"https:\/\/vidum.es\/wp-content\/uploads\/2023\/07\/Sangria-Maria-de-la-Vera.jpg\" class=\"attachment-full size-full\" alt=\"\" srcset=\"https:\/\/vidum.es\/wp-content\/uploads\/2023\/07\/Sangria-Maria-de-la-Vera.jpg 1920w, https:\/\/vidum.es\/wp-content\/uploads\/2023\/07\/Sangria-Maria-de-la-Vera-300x213.jpg 300w, https:\/\/vidum.es\/wp-content\/uploads\/2023\/07\/Sangria-Maria-de-la-Vera-1024x729.jpg 1024w, https:\/\/vidum.es\/wp-content\/uploads\/2023\/07\/Sangria-Maria-de-la-Vera-768x546.jpg 768w, https:\/\/vidum.es\/wp-content\/uploads\/2023\/07\/Sangria-Maria-de-la-Vera-1536x1093.jpg 1536w\" sizes=\"auto, (max-width: 1920px) 100vw, 1920px\" \/>                            <span class=\"eltd-iib-image-border-top\"><\/span>\n            <span class=\"eltd-iib-image-border-right\"><\/span>\n            <span class=\"eltd-iib-image-border-bottom\"><\/span>\n            <span class=\"eltd-iib-image-border-left\"><\/span>\n            <div class=\"eltdf-iib-image-hover-info\">\n                <div class=\"eltdf-iib-image-hover-info-holder\">\n                    <div class=\"eltdf-iib-image-hover-info-inner\">\n                                                                            <a class=\"eltdf-iib-hover-link eltdf-btn eltdf-btn-small eltdf-btn-solid\" href=\"http:\/\/www.vidum.es\/pdf\/fr\/sangria-FR\/SANGRIA%20-%20Maria%20de%20la%20Vera%20-%20FR.pdf\" target=\"_self\">Fiche technique<\/a>\n                                            <\/div>\n                                            <a class=\"eltdf-iib-image-hover-link\" href=\"http:\/\/www.vidum.es\/pdf\/fr\/sangria-FR\/SANGRIA%20-%20Maria%20de%20la%20Vera%20-%20FR.pdf\" target=\"_self\"><\/a>\n                                    <\/div>\n            <\/div>\n        <\/div>\n        <div class=\"eltdf-iib-text-holder\" style=\"background-color: #f3efee\">\n            <h3 class=\"eltdf-iib-title\">Mar\u00eda de la Vera<\/h3>\n            <div class=\"eltdf-iib-separator clearfix\">\n        <div class=\"eltdf-separator\"><\/div>\n    <\/div>\n            <p class=\"eltdf-iib-text\">Les ar\u00f4mes intenses d&#039;agrumes et de cannelle d&#039;un verre rafra\u00eechissant de Mar\u00eda de la Vera vous transporteront au c\u0153ur d&#039;un apr\u00e8s-midi d&#039;\u00e9t\u00e9 andalou. Rien d&#039;\u00e9tonnant \u00e0 cela, puisque la sangria est la boisson \u00e0 base de vin et de fruits la plus authentique de la culture espagnole.<\/p>\n        <\/div>\n    <\/div>\t\t<\/div>\n\t<\/div>\n\t<\/div><\/div>[\/vc_column][\/vc_row][vc_row content_text_aligment=\u00a0\u00bbcenter\u00a0\u00bb css=\u00a0\u00bb.vc_custom_1489750753483{padding-top: 60px !important;padding-bottom: 70px !important;}\u00a0\u00bb][vc_column]<div class=\"eltdf-section-title-holder\" >\n\t\t\t<h4 class=\"eltdf-st-title\" style=\"color: #48122b\">\n\t\t\t<span>Nous aimons ce que nous faisons. Nos clients aussi.<\/span>\n\t\t<\/h4>\n                    <div class=\"eltdf-st-separator clearfix\">\n                <div class=\"eltdf-separator\" style=\"margin-top: 23px;margin-bottom: 4px\"><\/div>\n            <\/div>\n        \t\t\t<\/div>[\/vc_column][\/vc_row]<\/p>\n","protected":false},"excerpt":{"rendered":"<p>[vc_row row_content_width=\u00a0\u00bbgrid\u00a0\u00bb content_text_aligment=\u00a0\u00bbcenter\u00a0\u00bb css=\u00a0\u00bb.vc_custom_1568881912149{padding-top: 50px !important;padding-bottom: 50px !important;}\u00a0\u00bb][vc_column css=\u00a0\u00bb.vc_custom_1489652759587{padding-right: 0px !important;padding-left: 0px !important;}\u00a0\u00bb][\/vc_column][\/vc_row][vc_row][vc_column][\/vc_column][\/vc_row][vc_row content_text_aligment=\u00a0\u00bbcenter\u00a0\u00bb css=\u00a0\u00bb.vc_custom_1489750753483{padding-top: 60px !important;padding-bottom: 70px !important;}\u00a0\u00bb][vc_column][\/vc_column][\/vc_row]<\/p>\n","protected":false},"author":1,"featured_media":0,"parent":0,"menu_order":0,"comment_status":"closed","ping_status":"closed","template":"full-width.php","meta":{"footnotes":""},"class_list":["post-16875","page","type-page","status-publish","hentry"],"_links":{"self":[{"href":"https:\/\/vidum.es\/fr\/wp-json\/wp\/v2\/pages\/16875","targetHints":{"allow":["GET"]}}],"collection":[{"href":"https:\/\/vidum.es\/fr\/wp-json\/wp\/v2\/pages"}],"about":[{"href":"https:\/\/vidum.es\/fr\/wp-json\/wp\/v2\/types\/page"}],"author":[{"embeddable":true,"href":"https:\/\/vidum.es\/fr\/wp-json\/wp\/v2\/users\/1"}],"replies":[{"embeddable":true,"href":"https:\/\/vidum.es\/fr\/wp-json\/wp\/v2\/comments?post=16875"}],"version-history":[{"count":9,"href":"https:\/\/vidum.es\/fr\/wp-json\/wp\/v2\/pages\/16875\/revisions"}],"predecessor-version":[{"id":17626,"href":"https:\/\/vidum.es\/fr\/wp-json\/wp\/v2\/pages\/16875\/revisions\/17626"}],"wp:attachment":[{"href":"https:\/\/vidum.es\/fr\/wp-json\/wp\/v2\/media?parent=16875"}],"curies":[{"name":"wp","href":"https:\/\/api.w.org\/{rel}","templated":true}]}}