{"id":17004,"date":"2023-07-12T08:13:36","date_gmt":"2023-07-12T08:13:36","guid":{"rendered":"https:\/\/vidum.es\/?page_id=17004"},"modified":"2025-06-24T09:31:47","modified_gmt":"2025-06-24T09:31:47","slug":"home","status":"publish","type":"page","link":"https:\/\/vidum.es\/fr\/","title":{"rendered":"Accueil"},"content":{"rendered":"<p>[vc_row][vc_column]<div class=\"eltdf-elements-holder eltdf-responsive-mode-768\" ><div class=\"eltdf-eh-item \" data-item-class=\"eltdf-eh-custom-199019\" >\n\t<div class=\"eltdf-eh-item-inner\" >\n\t\t<div class=\"eltdf-eh-item-content eltdf-eh-custom-199019\" >\n\t\t\t[rev_slider_vc alias=\u00a0\u00bbvidum-fr\u00a0\u00bb]\t\t<\/div>\n\t<\/div>\n\t<\/div><\/div>[\/vc_column][\/vc_row][vc_row][vc_column offset=\u00a0\u00bbvc_hidden-xs\u00a0\u00bb]<div class=\"eltdf-elements-holder eltdf-responsive-mode-1280 eltdf-one-column-alignment-center\" ><div class=\"eltdf-eh-item \" data-item-class=\"eltdf-eh-custom-370974\" >\n\t<div class=\"eltdf-eh-item-inner\" >\n\t\t<div class=\"eltdf-eh-item-content eltdf-eh-custom-370974\" >\n\t\t\t[vc_empty_space height=\u00a0\u00bb50px\u00a0\u00bb][vc_custom_heading text=\u00a0\u00bbNous aidons nos clients \u00e0 re\u00e1liser leur r\u00eave\u00a0\u00bb font_container=\u00a0\u00bbtag:h2|font_size:30px|text_align:center|line_height:38px\u00a0\u00bb google_fonts=\u00a0\u00bbfont_family:Playfair%20Display%3Aregular%2Citalic%2C700%2C700italic%2C900%2C900italic|font_style:400%20regular%3A400%3Anormal\u00a0\u00bb css=\u00a0\u00bb.vc_custom_1574771379440{margin-right: 5% !important;margin-left: 5% !important;}\u00a0\u00bb][vc_separator color=\u00a0\u00bbblack\u00a0\u00bb el_width=\u00a0\u00bb10&Prime;][vc_empty_space][vc_column_text css=\u00a0\u00bb.vc_custom_1574771446831{margin-right: 10% !important;margin-left: 10% !important;}\u00a0\u00bb]<\/p>\n<h4 style=\"text-align: center; color: black;\">Depuis Vidum nous vous offrons un vin \u00e9labor\u00e9 avec amour et une exp\u00e9rience de 150 ans dans le secteur viticole.<br \/>\nToute une tradition qui s\u2019adapte depuis un si\u00e8cle et demi aux nouvelles technologies et qui s\u2019appuie sur les meilleurs professionels pour offrir le meilleur service.<\/h4>\n<p>[\/vc_column_text][vc_empty_space height=\u00a0\u00bb100px\u00a0\u00bb]\t\t<\/div>\n\t<\/div>\n\t<\/div><\/div>[\/vc_column][\/vc_row][vc_row][vc_column offset=\u00a0\u00bbvc_hidden-lg vc_hidden-md vc_hidden-sm\u00a0\u00bb]<div class=\"eltdf-elements-holder eltdf-responsive-mode-1280 eltdf-one-column-alignment-center\" ><div class=\"eltdf-eh-item \" data-item-class=\"eltdf-eh-custom-188913\" >\n\t<div class=\"eltdf-eh-item-inner\" >\n\t\t<div class=\"eltdf-eh-item-content eltdf-eh-custom-188913\" >\n\t\t\t[vc_empty_space height=\u00a0\u00bb25px\u00a0\u00bb][vc_custom_heading text=\u00a0\u00bbNous aidons nos clients \u00e0 re\u00e1liser leur r\u00eave\u00a0\u00bb font_container=\u00a0\u00bbtag:h3|font_size:20px|text_align:center|line_height:28px\u00a0\u00bb google_fonts=\u00a0\u00bbfont_family:Playfair%20Display%3Aregular%2Citalic%2C700%2C700italic%2C900%2C900italic|font_style:400%20regular%3A400%3Anormal\u00a0\u00bb css=\u00a0\u00bb.vc_custom_1574771403912{margin-right: 5% !important;margin-left: 5% !important;}\u00a0\u00bb][vc_separator color=\u00a0\u00bbblack\u00a0\u00bb el_width=\u00a0\u00bb10&Prime;][vc_empty_space][vc_column_text css=\u00a0\u00bb.vc_custom_1574771459503{margin-right: 10% !important;margin-left: 10% !important;}\u00a0\u00bb]<\/p>\n<h4 style=\"text-align: center; color: black;\">Depuis Vidum nous vous offrons un vin \u00e9labor\u00e9 avec amour et une exp\u00e9rience de 150 ans dans le secteur viticole.<br \/>\nToute une tradition qui s\u2019adapte depuis un si\u00e8cle et demi aux nouvelles technologies et qui s\u2019appuie sur les meilleurs professionels pour offrir le meilleur service.<\/h4>\n<p>[\/vc_column_text][vc_empty_space height=\u00a0\u00bb100px\u00a0\u00bb]\t\t<\/div>\n\t<\/div>\n\t<\/div><\/div>[\/vc_column][\/vc_row][vc_row css=\u00a0\u00bb.vc_custom_1689148240684{margin-right: 10% !important;margin-left: 10% !important;}\u00a0\u00bb el_class=\u00a0\u00bbmenu-tipos-vinos\u00a0\u00bb][vc_column width=\u00a0\u00bb1\/6&Prime; offset=\u00a0\u00bbvc_hidden-md vc_hidden-sm vc_hidden-xs\u00a0\u00bb][vc_single_image image=\u00a0\u00bb16956&Prime; img_size=\u00a0\u00bbmedium\u00a0\u00bb alignment=\u00a0\u00bbcenter\u00a0\u00bb onclick=\u00a0\u00bbcustom_link\u00a0\u00bb link=\u00a0\u00bbhttps:\/\/vidum.es\/fr\/do-wine-3\/\u00a0\u00bb][vc_empty_space height=\u00a0\u00bb5px\u00a0\u00bb]<div class=\"eltdf-section-title-holder\" style=\"text-align: center\">\n\t\t\t<h4 class=\"eltdf-st-title\" style=\"color: #48122b\">\n\t\t\t<span>Vin AOC<\/span>\n\t\t<\/h4>\n        \t\t\t<\/div>[\/vc_column][vc_column width=\u00a0\u00bb1\/6&Prime; offset=\u00a0\u00bbvc_hidden-md vc_hidden-sm vc_hidden-xs\u00a0\u00bb][vc_single_image image=\u00a0\u00bb16954&Prime; img_size=\u00a0\u00bbmedium\u00a0\u00bb alignment=\u00a0\u00bbcenter\u00a0\u00bb onclick=\u00a0\u00bbcustom_link\u00a0\u00bb link=\u00a0\u00bbhttps:\/\/vidum.es\/fr\/moscato-2\/\u00a0\u00bb][vc_empty_space height=\u00a0\u00bb5px\u00a0\u00bb]<div class=\"eltdf-section-title-holder\" style=\"text-align: center\">\n\t\t\t<h4 class=\"eltdf-st-title\" style=\"color: #48122b\">\n\t\t\t<span>Moscato<\/span>\n\t\t<\/h4>\n        \t\t\t<\/div>[\/vc_column][vc_column width=\u00a0\u00bb1\/6&Prime; offset=\u00a0\u00bbvc_hidden-md vc_hidden-sm vc_hidden-xs\u00a0\u00bb][vc_single_image image=\u00a0\u00bb16952&Prime; img_size=\u00a0\u00bbmedium\u00a0\u00bb alignment=\u00a0\u00bbcenter\u00a0\u00bb onclick=\u00a0\u00bbcustom_link\u00a0\u00bb link=\u00a0\u00bbhttps:\/\/vidum.es\/sparkling-wine\/\u00a0\u00bb][vc_empty_space height=\u00a0\u00bb5px\u00a0\u00bb]<div class=\"eltdf-section-title-holder\" style=\"text-align: center\">\n\t\t\t<h4 class=\"eltdf-st-title\" style=\"color: #48122b\">\n\t\t\t<span>Mousseux<\/span>\n\t\t<\/h4>\n        \t\t\t<\/div>[\/vc_column][vc_column width=\u00a0\u00bb1\/6&Prime; offset=\u00a0\u00bbvc_hidden-md vc_hidden-sm vc_hidden-xs\u00a0\u00bb][vc_single_image image=\u00a0\u00bb16955&Prime; img_size=\u00a0\u00bbmedium\u00a0\u00bb alignment=\u00a0\u00bbcenter\u00a0\u00bb onclick=\u00a0\u00bbcustom_link\u00a0\u00bb link=\u00a0\u00bbhttps:\/\/vidum.es\/fr\/varietal-wine-2\/\u00a0\u00bb][vc_empty_space height=\u00a0\u00bb5px\u00a0\u00bb]<div class=\"eltdf-section-title-holder\" style=\"text-align: center\">\n\t\t\t<h4 class=\"eltdf-st-title\" style=\"color: #48122b\">\n\t\t\t<span>Vin de c\u00e9page<\/span>\n\t\t<\/h4>\n        \t\t\t<\/div>[\/vc_column][vc_column width=\u00a0\u00bb1\/6&Prime; offset=\u00a0\u00bbvc_hidden-md vc_hidden-sm vc_hidden-xs\u00a0\u00bb][vc_single_image image=\u00a0\u00bb16953&Prime; img_size=\u00a0\u00bbmedium\u00a0\u00bb alignment=\u00a0\u00bbcenter\u00a0\u00bb onclick=\u00a0\u00bbcustom_link\u00a0\u00bb link=\u00a0\u00bbhttps:\/\/vidum.es\/table-wine\/\u00a0\u00bb][vc_empty_space height=\u00a0\u00bb5px\u00a0\u00bb]<div class=\"eltdf-section-title-holder\" style=\"text-align: center\">\n\t\t\t<h4 class=\"eltdf-st-title\" style=\"color: #48122b\">\n\t\t\t<span>Vin de table<\/span>\n\t\t<\/h4>\n        \t\t\t<\/div>[\/vc_column][vc_column width=\u00a0\u00bb1\/6&Prime; offset=\u00a0\u00bbvc_hidden-md vc_hidden-sm vc_hidden-xs\u00a0\u00bb][vc_single_image image=\u00a0\u00bb16957&Prime; img_size=\u00a0\u00bbmedium\u00a0\u00bb alignment=\u00a0\u00bbcenter\u00a0\u00bb onclick=\u00a0\u00bbcustom_link\u00a0\u00bb link=\u00a0\u00bbhttps:\/\/vidum.es\/sangria\/\u00a0\u00bb][vc_empty_space height=\u00a0\u00bb5px\u00a0\u00bb]<div class=\"eltdf-section-title-holder\" style=\"text-align: center\">\n\t\t\t<h4 class=\"eltdf-st-title\" style=\"color: #48122b\">\n\t\t\t<span>Sangria<\/span>\n\t\t<\/h4>\n        \t\t\t<\/div>[\/vc_column][\/vc_row][vc_row el_class=\u00a0\u00bbmenu-tipos-vinos\u00a0\u00bb][vc_column width=\u00a0\u00bb1\/6&Prime; offset=\u00a0\u00bbvc_hidden-lg vc_hidden-sm vc_hidden-xs\u00a0\u00bb][vc_single_image image=\u00a0\u00bb16956&Prime; img_size=\u00a0\u00bbmedium\u00a0\u00bb alignment=\u00a0\u00bbcenter\u00a0\u00bb onclick=\u00a0\u00bbcustom_link\u00a0\u00bb link=\u00a0\u00bbhttps:\/\/vidum.es\/fr\/do-wine-3\/\u00a0\u00bb][vc_empty_space height=\u00a0\u00bb5px\u00a0\u00bb]<div class=\"eltdf-section-title-holder\" style=\"text-align: center\">\n\t\t\t<h4 class=\"eltdf-st-title\" style=\"color: #48122b\">\n\t\t\t<span>Vin AOC<\/span>\n\t\t<\/h4>\n        \t\t\t<\/div>[\/vc_column][vc_column width=\u00a0\u00bb1\/6&Prime; offset=\u00a0\u00bbvc_hidden-lg vc_hidden-sm vc_hidden-xs\u00a0\u00bb][vc_single_image image=\u00a0\u00bb16954&Prime; img_size=\u00a0\u00bbmedium\u00a0\u00bb alignment=\u00a0\u00bbcenter\u00a0\u00bb onclick=\u00a0\u00bbcustom_link\u00a0\u00bb link=\u00a0\u00bbhttps:\/\/vidum.es\/fr\/moscato-2\/\u00a0\u00bb][vc_empty_space height=\u00a0\u00bb5px\u00a0\u00bb]<div class=\"eltdf-section-title-holder\" style=\"text-align: center\">\n\t\t\t<h4 class=\"eltdf-st-title\" style=\"color: #48122b\">\n\t\t\t<span>Moscato<\/span>\n\t\t<\/h4>\n        \t\t\t<\/div>[\/vc_column][vc_column width=\u00a0\u00bb1\/6&Prime; offset=\u00a0\u00bbvc_hidden-lg vc_hidden-sm vc_hidden-xs\u00a0\u00bb][vc_single_image image=\u00a0\u00bb16952&Prime; img_size=\u00a0\u00bbmedium\u00a0\u00bb alignment=\u00a0\u00bbcenter\u00a0\u00bb onclick=\u00a0\u00bbcustom_link\u00a0\u00bb link=\u00a0\u00bbhttps:\/\/vidum.es\/sparkling-wine\/\u00a0\u00bb][vc_empty_space height=\u00a0\u00bb5px\u00a0\u00bb]<div class=\"eltdf-section-title-holder\" style=\"text-align: center\">\n\t\t\t<h4 class=\"eltdf-st-title\" style=\"color: #48122b\">\n\t\t\t<span>Mousseux<\/span>\n\t\t<\/h4>\n        \t\t\t<\/div>[\/vc_column][vc_column width=\u00a0\u00bb1\/6&Prime; offset=\u00a0\u00bbvc_hidden-lg vc_hidden-sm vc_hidden-xs\u00a0\u00bb][vc_single_image image=\u00a0\u00bb16955&Prime; img_size=\u00a0\u00bbmedium\u00a0\u00bb alignment=\u00a0\u00bbcenter\u00a0\u00bb onclick=\u00a0\u00bbcustom_link\u00a0\u00bb link=\u00a0\u00bbhttps:\/\/vidum.es\/fr\/varietal-wine-2\/\u00a0\u00bb][vc_empty_space height=\u00a0\u00bb5px\u00a0\u00bb]<div class=\"eltdf-section-title-holder\" style=\"text-align: center\">\n\t\t\t<h4 class=\"eltdf-st-title\" style=\"color: #48122b\">\n\t\t\t<span>Vin de c\u00e9page<\/span>\n\t\t<\/h4>\n        \t\t\t<\/div>[\/vc_column][vc_column width=\u00a0\u00bb1\/6&Prime; offset=\u00a0\u00bbvc_hidden-lg vc_hidden-sm vc_hidden-xs\u00a0\u00bb][vc_single_image image=\u00a0\u00bb16953&Prime; img_size=\u00a0\u00bbmedium\u00a0\u00bb alignment=\u00a0\u00bbcenter\u00a0\u00bb onclick=\u00a0\u00bbcustom_link\u00a0\u00bb link=\u00a0\u00bbhttps:\/\/vidum.es\/table-wine\/\u00a0\u00bb][vc_empty_space height=\u00a0\u00bb5px\u00a0\u00bb]<div class=\"eltdf-section-title-holder\" style=\"text-align: center\">\n\t\t\t<h4 class=\"eltdf-st-title\" style=\"color: #48122b\">\n\t\t\t<span>Vin de table<\/span>\n\t\t<\/h4>\n        \t\t\t<\/div>[\/vc_column][vc_column width=\u00a0\u00bb1\/6&Prime; offset=\u00a0\u00bbvc_hidden-lg vc_hidden-sm vc_hidden-xs\u00a0\u00bb][vc_single_image image=\u00a0\u00bb16957&Prime; img_size=\u00a0\u00bbmedium\u00a0\u00bb alignment=\u00a0\u00bbcenter\u00a0\u00bb onclick=\u00a0\u00bbcustom_link\u00a0\u00bb link=\u00a0\u00bbhttps:\/\/vidum.es\/sangria\/\u00a0\u00bb][vc_empty_space height=\u00a0\u00bb5px\u00a0\u00bb]<div class=\"eltdf-section-title-holder\" style=\"text-align: center\">\n\t\t\t<h4 class=\"eltdf-st-title\" style=\"color: #48122b\">\n\t\t\t<span>Sangria<\/span>\n\t\t<\/h4>\n        \t\t\t<\/div>[\/vc_column][\/vc_row][vc_row el_class=\u00a0\u00bbmenu-tipos-vinos\u00a0\u00bb][vc_column width=\u00a0\u00bb1\/3&Prime; offset=\u00a0\u00bbvc_hidden-lg vc_hidden-md vc_hidden-xs\u00a0\u00bb css=\u00a0\u00bb.vc_custom_1689148204862{margin-top: 10% !important;}\u00a0\u00bb][vc_single_image image=\u00a0\u00bb16956&Prime; img_size=\u00a0\u00bbmedium\u00a0\u00bb alignment=\u00a0\u00bbcenter\u00a0\u00bb onclick=\u00a0\u00bbcustom_link\u00a0\u00bb link=\u00a0\u00bbhttps:\/\/vidum.es\/fr\/do-wine-3\/\u00a0\u00bb][vc_empty_space height=\u00a0\u00bb5px\u00a0\u00bb]<div class=\"eltdf-section-title-holder\" style=\"text-align: center\">\n\t\t\t<h4 class=\"eltdf-st-title\" style=\"color: #48122b\">\n\t\t\t<span>Vin AOC<\/span>\n\t\t<\/h4>\n        \t\t\t<\/div>[\/vc_column][vc_column width=\u00a0\u00bb1\/3&Prime; offset=\u00a0\u00bbvc_hidden-lg vc_hidden-md vc_hidden-xs\u00a0\u00bb][vc_single_image image=\u00a0\u00bb16954&Prime; img_size=\u00a0\u00bbmedium\u00a0\u00bb alignment=\u00a0\u00bbcenter\u00a0\u00bb onclick=\u00a0\u00bbcustom_link\u00a0\u00bb link=\u00a0\u00bbhttps:\/\/vidum.es\/fr\/moscato-2\/\u00a0\u00bb][vc_empty_space height=\u00a0\u00bb5px\u00a0\u00bb]<div class=\"eltdf-section-title-holder\" style=\"text-align: center\">\n\t\t\t<h4 class=\"eltdf-st-title\" style=\"color: #48122b\">\n\t\t\t<span>Moscato<\/span>\n\t\t<\/h4>\n        \t\t\t<\/div>[\/vc_column][vc_column width=\u00a0\u00bb1\/3&Prime; offset=\u00a0\u00bbvc_hidden-lg vc_hidden-md vc_hidden-xs\u00a0\u00bb][vc_single_image image=\u00a0\u00bb16952&Prime; img_size=\u00a0\u00bbmedium\u00a0\u00bb alignment=\u00a0\u00bbcenter\u00a0\u00bb onclick=\u00a0\u00bbcustom_link\u00a0\u00bb link=\u00a0\u00bbhttps:\/\/vidum.es\/sparkling-wine\/\u00a0\u00bb][vc_empty_space height=\u00a0\u00bb5px\u00a0\u00bb]<div class=\"eltdf-section-title-holder\" style=\"text-align: center\">\n\t\t\t<h4 class=\"eltdf-st-title\" style=\"color: #48122b\">\n\t\t\t<span>Mousseux<\/span>\n\t\t<\/h4>\n        \t\t\t<\/div>[\/vc_column][\/vc_row][vc_row el_class=\u00a0\u00bbmenu-tipos-vinos\u00a0\u00bb][vc_column width=\u00a0\u00bb1\/3&Prime; offset=\u00a0\u00bbvc_hidden-lg vc_hidden-md vc_hidden-xs\u00a0\u00bb][vc_single_image image=\u00a0\u00bb16955&Prime; img_size=\u00a0\u00bbmedium\u00a0\u00bb alignment=\u00a0\u00bbcenter\u00a0\u00bb onclick=\u00a0\u00bbcustom_link\u00a0\u00bb link=\u00a0\u00bbhttps:\/\/vidum.es\/fr\/varietal-wine-2\/\u00a0\u00bb][vc_empty_space height=\u00a0\u00bb5px\u00a0\u00bb]<div class=\"eltdf-section-title-holder\" style=\"text-align: center\">\n\t\t\t<h4 class=\"eltdf-st-title\" style=\"color: #48122b\">\n\t\t\t<span>Vin de c\u00e9page<\/span>\n\t\t<\/h4>\n        \t\t\t<\/div>[\/vc_column][vc_column width=\u00a0\u00bb1\/3&Prime; offset=\u00a0\u00bbvc_hidden-lg vc_hidden-md vc_hidden-xs\u00a0\u00bb css=\u00a0\u00bb.vc_custom_1689148211085{margin-top: 10% !important;}\u00a0\u00bb][vc_single_image image=\u00a0\u00bb16953&Prime; img_size=\u00a0\u00bbmedium\u00a0\u00bb alignment=\u00a0\u00bbcenter\u00a0\u00bb onclick=\u00a0\u00bbcustom_link\u00a0\u00bb link=\u00a0\u00bbhttps:\/\/vidum.es\/table-wine\/\u00a0\u00bb][vc_empty_space height=\u00a0\u00bb5px\u00a0\u00bb]<div class=\"eltdf-section-title-holder\" style=\"text-align: center\">\n\t\t\t<h4 class=\"eltdf-st-title\" style=\"color: #48122b\">\n\t\t\t<span>Vin de table<\/span>\n\t\t<\/h4>\n        \t\t\t<\/div>[\/vc_column][vc_column width=\u00a0\u00bb1\/3&Prime; offset=\u00a0\u00bbvc_hidden-lg vc_hidden-md vc_hidden-xs\u00a0\u00bb css=\u00a0\u00bb.vc_custom_1689148218663{margin-top: 10% !important;}\u00a0\u00bb][vc_single_image image=\u00a0\u00bb16957&Prime; img_size=\u00a0\u00bbmedium\u00a0\u00bb alignment=\u00a0\u00bbcenter\u00a0\u00bb onclick=\u00a0\u00bbcustom_link\u00a0\u00bb link=\u00a0\u00bbhttps:\/\/vidum.es\/sangria\/\u00a0\u00bb][vc_empty_space height=\u00a0\u00bb5px\u00a0\u00bb]<div class=\"eltdf-section-title-holder\" style=\"text-align: center\">\n\t\t\t<h4 class=\"eltdf-st-title\" style=\"color: #48122b\">\n\t\t\t<span>Sangria<\/span>\n\t\t<\/h4>\n        \t\t\t<\/div>[\/vc_column][\/vc_row][vc_row el_class=\u00a0\u00bbmenu-tipos-vinos\u00a0\u00bb][vc_column width=\u00a0\u00bb1\/6&Prime; offset=\u00a0\u00bbvc_hidden-lg vc_hidden-md vc_hidden-sm\u00a0\u00bb][vc_single_image image=\u00a0\u00bb16956&Prime; img_size=\u00a0\u00bbmedium\u00a0\u00bb alignment=\u00a0\u00bbcenter\u00a0\u00bb onclick=\u00a0\u00bbcustom_link\u00a0\u00bb link=\u00a0\u00bbhttps:\/\/vidum.es\/fr\/do-wine-3\/\u00a0\u00bb][vc_empty_space height=\u00a0\u00bb5px\u00a0\u00bb]<div class=\"eltdf-section-title-holder\" style=\"text-align: center\">\n\t\t\t<h4 class=\"eltdf-st-title\" style=\"color: #48122b\">\n\t\t\t<span>Vin AOC<\/span>\n\t\t<\/h4>\n        \t\t\t<\/div>[\/vc_column][vc_column width=\u00a0\u00bb1\/6&Prime; offset=\u00a0\u00bbvc_hidden-lg vc_hidden-md vc_hidden-sm\u00a0\u00bb css=\u00a0\u00bb.vc_custom_1689075797185{margin-top: 10% !important;}\u00a0\u00bb][vc_single_image image=\u00a0\u00bb16954&Prime; img_size=\u00a0\u00bbmedium\u00a0\u00bb alignment=\u00a0\u00bbcenter\u00a0\u00bb onclick=\u00a0\u00bbcustom_link\u00a0\u00bb link=\u00a0\u00bbhttps:\/\/vidum.es\/fr\/moscato-2\/\u00a0\u00bb][vc_empty_space height=\u00a0\u00bb5px\u00a0\u00bb]<div class=\"eltdf-section-title-holder\" style=\"text-align: center\">\n\t\t\t<h4 class=\"eltdf-st-title\" style=\"color: #48122b\">\n\t\t\t<span>Moscato<\/span>\n\t\t<\/h4>\n        \t\t\t<\/div>[\/vc_column][vc_column width=\u00a0\u00bb1\/6&Prime; offset=\u00a0\u00bbvc_hidden-lg vc_hidden-md vc_hidden-sm\u00a0\u00bb css=\u00a0\u00bb.vc_custom_1689075804629{margin-top: 10% !important;}\u00a0\u00bb][vc_single_image image=\u00a0\u00bb16952&Prime; img_size=\u00a0\u00bbmedium\u00a0\u00bb alignment=\u00a0\u00bbcenter\u00a0\u00bb onclick=\u00a0\u00bbcustom_link\u00a0\u00bb link=\u00a0\u00bbhttps:\/\/vidum.es\/sparkling-wine\/\u00a0\u00bb][vc_empty_space height=\u00a0\u00bb5px\u00a0\u00bb]<div class=\"eltdf-section-title-holder\" style=\"text-align: center\">\n\t\t\t<h4 class=\"eltdf-st-title\" style=\"color: #48122b\">\n\t\t\t<span>Mousseux<\/span>\n\t\t<\/h4>\n        \t\t\t<\/div>[\/vc_column][vc_column width=\u00a0\u00bb1\/6&Prime; offset=\u00a0\u00bbvc_hidden-lg vc_hidden-md vc_hidden-sm\u00a0\u00bb css=\u00a0\u00bb.vc_custom_1689075826891{margin-top: 10% !important;}\u00a0\u00bb][vc_single_image image=\u00a0\u00bb16955&Prime; img_size=\u00a0\u00bbmedium\u00a0\u00bb alignment=\u00a0\u00bbcenter\u00a0\u00bb onclick=\u00a0\u00bbcustom_link\u00a0\u00bb link=\u00a0\u00bbhttps:\/\/vidum.es\/fr\/varietal-wine-2\/\u00a0\u00bb][vc_empty_space height=\u00a0\u00bb5px\u00a0\u00bb]<div class=\"eltdf-section-title-holder\" style=\"text-align: center\">\n\t\t\t<h4 class=\"eltdf-st-title\" style=\"color: #48122b\">\n\t\t\t<span>Vin de c\u00e9page<\/span>\n\t\t<\/h4>\n        \t\t\t<\/div>[\/vc_column][vc_column width=\u00a0\u00bb1\/6&Prime; offset=\u00a0\u00bbvc_hidden-lg vc_hidden-md vc_hidden-sm\u00a0\u00bb css=\u00a0\u00bb.vc_custom_1689075833794{margin-top: 10% !important;}\u00a0\u00bb][vc_single_image image=\u00a0\u00bb16953&Prime; img_size=\u00a0\u00bbmedium\u00a0\u00bb alignment=\u00a0\u00bbcenter\u00a0\u00bb onclick=\u00a0\u00bbcustom_link\u00a0\u00bb link=\u00a0\u00bbhttps:\/\/vidum.es\/table-wine\/\u00a0\u00bb][vc_empty_space height=\u00a0\u00bb5px\u00a0\u00bb]<div class=\"eltdf-section-title-holder\" style=\"text-align: center\">\n\t\t\t<h4 class=\"eltdf-st-title\" style=\"color: #48122b\">\n\t\t\t<span>Vin de table<\/span>\n\t\t<\/h4>\n        \t\t\t<\/div>[\/vc_column][vc_column width=\u00a0\u00bb1\/6&Prime; offset=\u00a0\u00bbvc_hidden-lg vc_hidden-md vc_hidden-sm\u00a0\u00bb css=\u00a0\u00bb.vc_custom_1689075839765{margin-top: 10% !important;}\u00a0\u00bb][vc_single_image image=\u00a0\u00bb16957&Prime; img_size=\u00a0\u00bbmedium\u00a0\u00bb alignment=\u00a0\u00bbcenter\u00a0\u00bb onclick=\u00a0\u00bbcustom_link\u00a0\u00bb link=\u00a0\u00bbhttps:\/\/vidum.es\/sangria\/\u00a0\u00bb][vc_empty_space height=\u00a0\u00bb5px\u00a0\u00bb]<div class=\"eltdf-section-title-holder\" style=\"text-align: center\">\n\t\t\t<h4 class=\"eltdf-st-title\" style=\"color: #48122b\">\n\t\t\t<span>Sangria<\/span>\n\t\t<\/h4>\n        \t\t\t<\/div>[\/vc_column][\/vc_row][vc_row][vc_column css=\u00a0\u00bb.vc_custom_1569484548647{background-color: #fbfbfb !important;}\u00a0\u00bb offset=\u00a0\u00bbvc_hidden-xs\u00a0\u00bb]<div class=\"eltdf-elements-holder eltdf-two-columns eltdf-responsive-mode-1280\" ><div class=\"eltdf-eh-item \" data-item-class=\"eltdf-eh-custom-378642\" >\n\t<div class=\"eltdf-eh-item-inner\" >\n\t\t<div class=\"eltdf-eh-item-content eltdf-eh-custom-378642\" >\n\t\t\t[vc_single_image image=\u00a0\u00bb17036&Prime; img_size=\u00a0\u00bbfull\u00a0\u00bb]\t\t<\/div>\n\t<\/div>\n\t<\/div><div class=\"eltdf-eh-item eltdf-horizontal-alignment-right\" data-item-class=\"eltdf-eh-custom-426593\" >\n\t<div class=\"eltdf-eh-item-inner\" >\n\t\t<div class=\"eltdf-eh-item-content eltdf-eh-custom-426593\" >\n\t\t\t[vc_custom_heading text=\u00a0\u00bbNOUS AVONS INTRODUIT NOS VINS DANS PLUS DE 50 PAYS EN ASIE, EN AM\u00c9RIQUE, EN EUROPE ET EN AFRIQUE AVEC PLUS DE 6.000.000 DE BOUTEILLES VENDUES L\u2019ANN\u00c9E DERNI\u00c8RE.\u00a0\u00bb font_container=\u00a0\u00bbtag:h3|font_size:30px|text_align:center|line_height:38px\u00a0\u00bb google_fonts=\u00a0\u00bbfont_family:Playfair%20Display%3Aregular%2Citalic%2C700%2C700italic%2C900%2C900italic|font_style:400%20regular%3A400%3Anormal\u00a0\u00bb css=\u00a0\u00bb.vc_custom_1688728096219{margin-right: 5% !important;margin-left: 5% !important;}\u00a0\u00bb]\t\t<\/div>\n\t<\/div>\n\t<\/div><\/div>[\/vc_column][\/vc_row][vc_row][vc_column css=\u00a0\u00bb.vc_custom_1569484568230{background-color: #fbfbfb !important;}\u00a0\u00bb offset=\u00a0\u00bbvc_hidden-lg vc_hidden-md vc_hidden-sm\u00a0\u00bb]<div class=\"eltdf-elements-holder eltdf-two-columns eltdf-responsive-mode-1280\" ><div class=\"eltdf-eh-item \" data-item-class=\"eltdf-eh-custom-217170\" >\n\t<div class=\"eltdf-eh-item-inner\" >\n\t\t<div class=\"eltdf-eh-item-content eltdf-eh-custom-217170\" >\n\t\t\t[vc_single_image image=\u00a0\u00bb17036&Prime; img_size=\u00a0\u00bbfull\u00a0\u00bb alignment=\u00a0\u00bbcenter\u00a0\u00bb]\t\t<\/div>\n\t<\/div>\n\t<\/div><div class=\"eltdf-eh-item eltdf-horizontal-alignment-right\" data-item-class=\"eltdf-eh-custom-861561\" >\n\t<div class=\"eltdf-eh-item-inner\" >\n\t\t<div class=\"eltdf-eh-item-content eltdf-eh-custom-861561\" >\n\t\t\t[vc_column_text]<\/p>\n<h4 style=\"text-align: center; color: black;\">NOUS AVONS INTRODUIT NOS VINS DANS PLUS DE 50 PAYS EN ASIE, EN AM\u00c9RIQUE, EN EUROPE ET EN AFRIQUE AVEC PLUS DE 6.000.000 DE BOUTEILLES VENDUES L\u2019ANN\u00c9E DERNI\u00c8RE.<\/h4>\n<p>[\/vc_column_text][vc_empty_space height=\u00a0\u00bb25px\u00a0\u00bb]\t\t<\/div>\n\t<\/div>\n\t<\/div><\/div>[\/vc_column][\/vc_row]<\/p>\n","protected":false},"excerpt":{"rendered":"<p>[vc_row][vc_column][\/vc_column][\/vc_row][vc_row][vc_column offset=\u00a0\u00bbvc_hidden-xs\u00a0\u00bb][\/vc_column][\/vc_row][vc_row][vc_column offset=\u00a0\u00bbvc_hidden-lg vc_hidden-md vc_hidden-sm\u00a0\u00bb][\/vc_column][\/vc_row][vc_row css=\u00a0\u00bb.vc_custom_1689148240684{margin-right: 10% !important;margin-left: 10% !important;}\u00a0\u00bb el_class=\u00a0\u00bbmenu-tipos-vinos\u00a0\u00bb][vc_column width=\u00a0\u00bb1\/6&Prime; offset=\u00a0\u00bbvc_hidden-md vc_hidden-sm vc_hidden-xs\u00a0\u00bb][vc_single_image image=\u00a0\u00bb16956&Prime; img_size=\u00a0\u00bbmedium\u00a0\u00bb alignment=\u00a0\u00bbcenter\u00a0\u00bb onclick=\u00a0\u00bbcustom_link\u00a0\u00bb link=\u00a0\u00bbhttps:\/\/vidum.es\/fr\/do-wine-3\/\u00a0\u00bb][vc_empty_space height=\u00a0\u00bb5px\u00a0\u00bb][\/vc_column][vc_column width=\u00a0\u00bb1\/6&Prime; offset=\u00a0\u00bbvc_hidden-md vc_hidden-sm vc_hidden-xs\u00a0\u00bb][vc_single_image image=\u00a0\u00bb16954&Prime; img_size=\u00a0\u00bbmedium\u00a0\u00bb alignment=\u00a0\u00bbcenter\u00a0\u00bb onclick=\u00a0\u00bbcustom_link\u00a0\u00bb link=\u00a0\u00bbhttps:\/\/vidum.es\/fr\/moscato-2\/\u00a0\u00bb][vc_empty_space height=\u00a0\u00bb5px\u00a0\u00bb][\/vc_column][vc_column width=\u00a0\u00bb1\/6&Prime; offset=\u00a0\u00bbvc_hidden-md vc_hidden-sm vc_hidden-xs\u00a0\u00bb][vc_single_image image=\u00a0\u00bb16952&Prime; img_size=\u00a0\u00bbmedium\u00a0\u00bb alignment=\u00a0\u00bbcenter\u00a0\u00bb onclick=\u00a0\u00bbcustom_link\u00a0\u00bb link=\u00a0\u00bbhttps:\/\/vidum.es\/sparkling-wine\/\u00a0\u00bb][vc_empty_space height=\u00a0\u00bb5px\u00a0\u00bb][\/vc_column][vc_column width=\u00a0\u00bb1\/6&Prime; offset=\u00a0\u00bbvc_hidden-md vc_hidden-sm vc_hidden-xs\u00a0\u00bb][vc_single_image [&hellip;]<\/p>\n","protected":false},"author":1,"featured_media":0,"parent":0,"menu_order":0,"comment_status":"closed","ping_status":"closed","template":"full-width.php","meta":{"footnotes":""},"class_list":["post-17004","page","type-page","status-publish","hentry"],"_links":{"self":[{"href":"https:\/\/vidum.es\/fr\/wp-json\/wp\/v2\/pages\/17004","targetHints":{"allow":["GET"]}}],"collection":[{"href":"https:\/\/vidum.es\/fr\/wp-json\/wp\/v2\/pages"}],"about":[{"href":"https:\/\/vidum.es\/fr\/wp-json\/wp\/v2\/types\/page"}],"author":[{"embeddable":true,"href":"https:\/\/vidum.es\/fr\/wp-json\/wp\/v2\/users\/1"}],"replies":[{"embeddable":true,"href":"https:\/\/vidum.es\/fr\/wp-json\/wp\/v2\/comments?post=17004"}],"version-history":[{"count":46,"href":"https:\/\/vidum.es\/fr\/wp-json\/wp\/v2\/pages\/17004\/revisions"}],"predecessor-version":[{"id":17940,"href":"https:\/\/vidum.es\/fr\/wp-json\/wp\/v2\/pages\/17004\/revisions\/17940"}],"wp:attachment":[{"href":"https:\/\/vidum.es\/fr\/wp-json\/wp\/v2\/media?parent=17004"}],"curies":[{"name":"wp","href":"https:\/\/api.w.org\/{rel}","templated":true}]}}