{"id":10906,"date":"2019-09-16T08:13:07","date_gmt":"2019-09-16T08:13:07","guid":{"rendered":"https:\/\/vidum.es\/?page_id=10906"},"modified":"2022-07-13T08:27:12","modified_gmt":"2022-07-13T08:27:12","slug":"privacy-policy","status":"publish","type":"page","link":"https:\/\/vidum.es\/ru\/privacy-policy\/","title":{"rendered":"Privacy Policy"},"content":{"rendered":"<p>[vc_row css=&#187;.vc_custom_1566979648963{background-color: #ffffff !important;background-position: center !important;background-repeat: no-repeat !important;background-size: cover !important;}&#187;][vc_column][vc_row_inner css=&#187;.vc_custom_1566990845513{margin-top: 5% !important;}&#187;][vc_column_inner]<div class=\"eltdf-elements-holder eltdf-responsive-mode-768\" ><div class=\"eltdf-eh-item \" data-item-class=\"eltdf-eh-custom-290570\" >\n\t<div class=\"eltdf-eh-item-inner\" >\n\t\t<div class=\"eltdf-eh-item-content eltdf-eh-custom-290570\" >\n\t\t\t<a itemprop=\"url\" href=\"https:\/\/www.double7energy.com\" target=\"_self\"  class=\"eltdf-btn eltdf-btn-medium eltdf-btn-solid eltdf-btn-icon\"  >\n    <span class=\"eltdf-btn-text\"><\/span>\n    <i class=\"eltdf-icon-font-awesome fa fa-angle-double-left \" ><\/i><\/a>\t\t<\/div>\n\t<\/div>\n\t<\/div><\/div>[\/vc_column_inner][\/vc_row_inner][vc_row_inner row_content_width=&#187;grid&#187; content_text_aligment=&#187;left&#187;][vc_column_inner]<div class=\"eltdf-elements-holder eltdf-two-columns eltdf-responsive-mode-768\" ><div class=\"eltdf-eh-item \" data-item-class=\"eltdf-eh-custom-551348\" >\n\t<div class=\"eltdf-eh-item-inner\" >\n\t\t<div class=\"eltdf-eh-item-content eltdf-eh-custom-551348\" >\n\t\t\t[vc_empty_space height=&#187;50&#8243;][vc_column_text css=&#187;.vc_custom_1647962096413{margin-right: 5% !important;margin-left: 5% !important;}&#187;]<strong><u>POLITICA DE PRIVACIDAD<\/u><\/strong><\/p>\n<p>En cumplimiento de lo establecido en el Reglamento (UE) 2016\/679 del Parlamento Europeo y del Consejo de 27 de abril de 2016 relativo a la protecci\u00f3n de las personas f\u00edsicas en lo que respecta al tratamiento de datos personales y a la libre circulaci\u00f3n de estos y en la Ley Org\u00e1nica 3\/2018, de 5 de diciembre, de Protecci\u00f3n de Datos Personales y garant\u00eda de los derechos digitales, as\u00ed como en su normativa de desarrollo, les facilitamos informaci\u00f3n ampliada en la presente Pol\u00edtica de Privacidad.<\/p>\n<p><strong>Qui\u00e9n es el responsable del tratamiento de sus datos<\/strong><\/p>\n<ul>\n<li>Identidad: FOODIBEV INTERNATIONAL, S.L. (en adelante FOODIBEV)<\/li>\n<li>Direcci\u00f3n Postal: Paseo Independencia 6, Entlo. Oficina 2, 50004 &#8212; ZARAGOZA<\/li>\n<li>Tel\u00e9fono: 976 38 05 58<\/li>\n<li>Correo electr\u00f3nico: info@foodibev.com<\/li>\n<\/ul>\n<p><strong>Con qu\u00e9 finalidad tratamos sus datos personales<\/strong><\/p>\n<p>En FOODIBEV tratamos la informaci\u00f3n que nos facilitan las personas interesadas con el fin de comercializar los productos ofertados por nuestra firma.<\/p>\n<p>Asimismo, recogemos datos a trav\u00e9s de las redes sociales con el fin de realizar sorteos de productos.<\/p>\n<p>No se van a tomar decisiones automatizadas en base a los datos proporcionados.<\/p>\n<p><strong>Por cu\u00e1nto tiempo conservaremos sus datos<\/strong><\/p>\n<p>Los datos personales proporcionados se conservar\u00e1n por el tiempo imprescindible para la comercializaci\u00f3n del producto, mientras el interesado no solicite su supresi\u00f3n y durante los plazos legalmente establecidos.<\/p>\n<p><strong>Cu\u00e1l es la legitimaci\u00f3n para el tratamiento de sus datos<\/strong><\/p>\n<p>La base legal para el tratamiento de sus datos ser\u00e1, seg\u00fan el caso, el consentimiento del interesado, la ejecuci\u00f3n de un contrato o el inter\u00e9s leg\u00edtimo.<\/p>\n<p>La recogida de datos de los interesados y la divulgaci\u00f3n de sus im\u00e1genes en las redes sociales con la finalidad de realizar\u00a0sorteos de nuestros productos, se basa\u00a0en el consentimiento del participante\u00a0que acepta dichos tratamientos\u00a0al inscribirse en el sorteo.<\/p>\n<p>El tratamiento de datos para el env\u00edo de comunicaciones comerciales a nuestros clientes y contactos comerciales que se hayan registrado en nuestra web se ampara en el inter\u00e9s leg\u00edtimo establecido en el Reglamento Europeo de Protecci\u00f3n de Datos y en la Ley de Servicios para la Sociedad de la Informaci\u00f3n y de Comercio Electr\u00f3nico. Si prefiere no recibir estos mensajes por correo electr\u00f3nico le ofreceremos a trav\u00e9s de los mismos la posibilidad de ejercer su derecho de oposici\u00f3n a dicho tratamiento.<\/p>\n<p><strong>A qu\u00e9 destinatarios se comunicar\u00e1n sus datos<\/strong><\/p>\n<p>Los datos no se comunicar\u00e1n a terceros salvo obligaci\u00f3n legal.<\/p>\n<p><strong>Transferencias de datos a terceros pa\u00edses<\/strong><\/p>\n<p>No est\u00e1n previstas transferencias de datos a terceros pa\u00edses.<\/p>\n<p><strong>Cu\u00e1les son sus derechos cuando nos facilita sus datos<\/strong><\/p>\n<p>Cualquier persona tiene derecho a obtener informaci\u00f3n sobre si FOODIBEV estamos tratando datos personales que les conciernan, o no.<\/p>\n<p>Las personas interesadas tienen derecho a acceder a sus datos personales, as\u00ed como a solicitar la rectificaci\u00f3n de los datos inexactos o, en su caso, solicitar su supresi\u00f3n cuando, entre otros motivos, los datos ya no sean necesarios para los fines que fueron recogidos. Igualmente tiene derecho a la portabilidad de sus datos.<\/p>\n<p>En determinadas circunstancias, los interesados podr\u00e1n solicitar la limitaci\u00f3n del tratamiento de sus datos, en cuyo caso \u00fanicamente los conservaremos para el ejercicio o la defensa de reclamaciones.<\/p>\n<p>En determinadas circunstancias y por motivos relacionados con su situaci\u00f3n particular, los interesados podr\u00e1n oponerse al tratamiento de sus datos. En este caso, FOODIBEV dejar\u00e1 de tratar los datos, salvo por motivos leg\u00edtimos imperiosos, o el ejercicio o la defensa de posibles reclamaciones.<\/p>\n<p>Podr\u00e1 ejercitar materialmente sus derechos enviando un correo electr\u00f3nico a <strong>info@foodibev.com<\/strong> identific\u00e1ndose debidamente e indicando de forma expresa el concreto derecho que se quiere ejercer.<\/p>\n<p>Si ha otorgado su consentimiento para alguna finalidad concreta, tiene derecho a retirar el consentimiento otorgado en cualquier momento, sin que ello afecte a la licitud del tratamiento basado en el consentimiento previo a su retirada.<\/p>\n<p>En caso de que sienta vulnerados sus derechos en lo concerniente a la protecci\u00f3n de sus datos personales, especialmente cuando no haya obtenido satisfacci\u00f3n en el ejercicio de sus derechos, puede dirigirse al delegado de Protecci\u00f3n de Datos, si ha sido designado, o presentar una reclamaci\u00f3n ante la Autoridad de Control en materia de Protecci\u00f3n de Datos competente a trav\u00e9s de su sitio web: www.aepd.es<\/p>\n<p><strong>M\u00e1s informaci\u00f3n sobre el tratamiento de sus datos<\/strong><\/p>\n<p>Cuando precisemos obtener informaci\u00f3n por su parte, siempre le solicitaremos que nos la proporcione voluntariamente prestando su consentimiento de forma expresa a trav\u00e9s de los medios habilitados para ello.<\/p>\n<p>El tratamiento de los datos recabados a trav\u00e9s de los formularios de recogida de datos del sitio web u otras v\u00edas, quedar\u00e1 incorporado al Registro de Actividades de Tratamiento del cual es responsable FOODIBEV.<\/p>\n<p>FOODIBEV trata los datos de forma confidencial y adopta las medidas t\u00e9cnicas y organizativas apropiadas para garantizar el nivel de seguridad adecuado al tratamiento, en cumplimiento de lo requerido por el Reglamento (UE) 2016\/679 del Parlamento Europeo y del Consejo de 27 de abril de 2016 y dem\u00e1s normativa aplicable en materia de Protecci\u00f3n de Datos.<\/p>\n<p>No obstante, FOODIBEV no puede garantizar la absoluta invulnerabilidad de los sistemas, por tanto, no asume ninguna responsabilidad por los da\u00f1os y perjuicios derivados de alteraciones que terceros puedan causar en los sistemas inform\u00e1ticos, documentos electr\u00f3nicos o ficheros del usuario.<\/p>\n<p>Si opta por abandonar nuestro sitio web a trav\u00e9s de enlaces a sitios web no pertenecientes a nuestra entidad, FOODIBEV no se har\u00e1 responsable de las pol\u00edticas de privacidad de dichos sitios web ni de las cookies que \u00e9stos puedan almacenar en el ordenador del usuario.[\/vc_column_text][vc_empty_space height=&#187;50&#8243;]\t\t<\/div>\n\t<\/div>\n\t<\/div><\/div>[\/vc_column_inner][\/vc_row_inner][\/vc_column][\/vc_row]<\/p>\n","protected":false},"excerpt":{"rendered":"<p>[vc_row css=&#187;.vc_custom_1566979648963{background-color: #ffffff !important;background-position: center !important;background-repeat: no-repeat !important;background-size: cover !important;}&#187;][vc_column][vc_row_inner css=&#187;.vc_custom_1566990845513{margin-top: 5% !important;}&#187;][vc_column_inner][\/vc_column_inner][\/vc_row_inner][vc_row_inner row_content_width=&#187;grid&#187; content_text_aligment=&#187;left&#187;][vc_column_inner][\/vc_column_inner][\/vc_row_inner][\/vc_column][\/vc_row]<\/p>\n","protected":false},"author":1,"featured_media":0,"parent":0,"menu_order":0,"comment_status":"closed","ping_status":"closed","template":"","meta":{"footnotes":""},"class_list":["post-10906","page","type-page","status-publish","hentry"],"_links":{"self":[{"href":"https:\/\/vidum.es\/ru\/wp-json\/wp\/v2\/pages\/10906","targetHints":{"allow":["GET"]}}],"collection":[{"href":"https:\/\/vidum.es\/ru\/wp-json\/wp\/v2\/pages"}],"about":[{"href":"https:\/\/vidum.es\/ru\/wp-json\/wp\/v2\/types\/page"}],"author":[{"embeddable":true,"href":"https:\/\/vidum.es\/ru\/wp-json\/wp\/v2\/users\/1"}],"replies":[{"embeddable":true,"href":"https:\/\/vidum.es\/ru\/wp-json\/wp\/v2\/comments?post=10906"}],"version-history":[{"count":3,"href":"https:\/\/vidum.es\/ru\/wp-json\/wp\/v2\/pages\/10906\/revisions"}],"predecessor-version":[{"id":16597,"href":"https:\/\/vidum.es\/ru\/wp-json\/wp\/v2\/pages\/10906\/revisions\/16597"}],"wp:attachment":[{"href":"https:\/\/vidum.es\/ru\/wp-json\/wp\/v2\/media?parent=10906"}],"curies":[{"name":"wp","href":"https:\/\/api.w.org\/{rel}","templated":true}]}}