{"id":16890,"date":"2023-07-07T11:18:37","date_gmt":"2023-07-07T11:18:37","guid":{"rendered":"https:\/\/vidum.es\/?page_id=16890"},"modified":"2024-10-18T10:11:10","modified_gmt":"2024-10-18T10:11:10","slug":"sparkling-wine","status":"publish","type":"page","link":"https:\/\/vidum.es\/ru\/sparkling-wine\/","title":{"rendered":"\u0418\u0433\u0440\u0438\u0441\u0442\u044b\u0435 \u0432\u0438\u043d\u0430"},"content":{"rendered":"<p>[vc_row row_content_width=&#187;grid&#187; content_text_aligment=&#187;center&#187; css=&#187;.vc_custom_1568881875533{padding-top: 50px !important;padding-bottom: 50px !important;}&#187;][vc_column css=&#187;.vc_custom_1569507605899{padding-right: 0px !important;padding-left: 0px !important;}&#187;]<div class=\"eltdf-section-title-holder\" >\n\t\t\t<h2 class=\"eltdf-st-title\" >\n\t\t\t<span>\u0418\u0433\u0440\u0438\u0441\u0442\u044b\u0435 \u0432\u0438\u043d\u0430<\/span>\n\t\t<\/h2>\n                    <div class=\"eltdf-st-separator clearfix\">\n                <div class=\"eltdf-separator\" style=\"margin-top: 23px;margin-bottom: 4px\"><\/div>\n            <\/div>\n        \t\t\t<\/div>[\/vc_column][\/vc_row][vc_row][vc_column offset=&#187;vc_hidden-md vc_hidden-sm vc_hidden-xs&#187;]<div class=\"eltdf-elements-holder eltdf-two-columns eltdf-responsive-mode-1024\" ><div class=\"eltdf-eh-item \" data-item-class=\"eltdf-eh-custom-904059\" >\n\t<div class=\"eltdf-eh-item-inner\" >\n\t\t<div class=\"eltdf-eh-item-content eltdf-eh-custom-904059\" style=\"padding: 0px 0px\">\n\t\t\t<div class=\"eltdf-interactive-info-box clearfix eltdf-interactive-info-box-image-left\">\n            <div class=\"eltdf-iib-image\">\n                                    <img loading=\"lazy\" decoding=\"async\" width=\"2250\" height=\"2250\" src=\"https:\/\/vidum.es\/wp-content\/uploads\/2023\/07\/Beatrice-Dumont.jpg\" class=\"attachment-full size-full\" alt=\"\" srcset=\"https:\/\/vidum.es\/wp-content\/uploads\/2023\/07\/Beatrice-Dumont.jpg 2250w, https:\/\/vidum.es\/wp-content\/uploads\/2023\/07\/Beatrice-Dumont-300x300.jpg 300w, https:\/\/vidum.es\/wp-content\/uploads\/2023\/07\/Beatrice-Dumont-1024x1024.jpg 1024w, https:\/\/vidum.es\/wp-content\/uploads\/2023\/07\/Beatrice-Dumont-150x150.jpg 150w, https:\/\/vidum.es\/wp-content\/uploads\/2023\/07\/Beatrice-Dumont-768x768.jpg 768w, https:\/\/vidum.es\/wp-content\/uploads\/2023\/07\/Beatrice-Dumont-1536x1536.jpg 1536w, https:\/\/vidum.es\/wp-content\/uploads\/2023\/07\/Beatrice-Dumont-550x550.jpg 550w\" sizes=\"auto, (max-width: 2250px) 100vw, 2250px\" \/>                            <span class=\"eltd-iib-image-border-top\"><\/span>\n            <span class=\"eltd-iib-image-border-right\"><\/span>\n            <span class=\"eltd-iib-image-border-bottom\"><\/span>\n            <span class=\"eltd-iib-image-border-left\"><\/span>\n            <div class=\"eltdf-iib-image-hover-info\">\n                <div class=\"eltdf-iib-image-hover-info-holder\">\n                    <div class=\"eltdf-iib-image-hover-info-inner\">\n                                                                            <a class=\"eltdf-iib-hover-link eltdf-btn eltdf-btn-small eltdf-btn-solid\" href=\"http:\/\/www.vidum.es\/pdf\/en\/espumosos-EN\/SPARKLING%20WINE%20-%20Beatrice%20Dumont%20-%20EN.pdf\" target=\"_self\">Technical sheet<\/a>\n                                            <\/div>\n                                            <a class=\"eltdf-iib-image-hover-link\" href=\"http:\/\/www.vidum.es\/pdf\/en\/espumosos-EN\/SPARKLING%20WINE%20-%20Beatrice%20Dumont%20-%20EN.pdf\" target=\"_self\"><\/a>\n                                    <\/div>\n            <\/div>\n        <\/div>\n        <div class=\"eltdf-iib-text-holder\" style=\"background-color: #f3efee\">\n            <h3 class=\"eltdf-iib-title\">B\u00e9atrice Dumont<\/h3>\n            <div class=\"eltdf-iib-separator clearfix\">\n        <div class=\"eltdf-separator\"><\/div>\n    <\/div>\n            <p class=\"eltdf-iib-text\">\u0418\u0434\u0435\u0430\u043b\u044c\u043d\u043e\u0435 \u0438\u0433\u0440\u0438\u0441\u0442\u043e\u0435 \u0432\u0438\u043d\u043e \u0434\u043b\u044f \u043b\u044e\u0431\u043e\u0433\u043e \u043f\u0440\u0430\u0437\u0434\u043d\u0438\u043a\u0430. \u0415\u0433\u043e \u0441\u043b\u0430\u0434\u043a\u0438\u0435 \u0438 \u0444\u0440\u0443\u043a\u0442\u043e\u0432\u044b\u0435 \u0430\u0440\u043e\u043c\u0430\u0442\u044b \u043f\u0440\u043e\u044f\u0432\u043b\u044f\u044e\u0442\u0441\u044f \u0432 \u0432\u0435\u0440\u0441\u0438\u0438 \u0411\u0440\u044e\u0442, \u0414\u0435\u043c\u0438 \u0421\u0435\u043a \u0438 \u0420\u043e\u0437\u0435. \u041b\u0435\u0433\u043a\u043e\u0435 \u0438 \u043e\u0441\u0432\u0435\u0436\u0430\u044e\u0449\u0435\u0435, \u0438\u0434\u0435\u0430\u043b\u044c\u043d\u043e \u043f\u043e\u0434\u0445\u043e\u0434\u0438\u0442 \u0434\u043b\u044f \u0430\u043f\u0435\u0440\u0438\u0442\u0438\u0432\u043e\u0432, \u0431\u043b\u044e\u0434 \u0438\u0437 \u0440\u0438\u0441\u0430, \u0440\u044b\u0431\u044b \u0438 \u0434\u0430\u0436\u0435 \u0434\u0435\u0441\u0435\u0440\u0442\u043e\u0432.<\/p>\n        <\/div>\n    <\/div>\t\t<\/div>\n\t<\/div>\n\t<\/div><div class=\"eltdf-eh-item \" data-item-class=\"eltdf-eh-custom-377129\" >\n\t<div class=\"eltdf-eh-item-inner\" >\n\t\t<div class=\"eltdf-eh-item-content eltdf-eh-custom-377129\" style=\"padding: 0px 0px\">\n\t\t\t<div class=\"eltdf-interactive-info-box clearfix eltdf-interactive-info-box-image-left\">\n            <div class=\"eltdf-iib-image\">\n                                    <img loading=\"lazy\" decoding=\"async\" width=\"2250\" height=\"2250\" src=\"https:\/\/vidum.es\/wp-content\/uploads\/2024\/10\/Villa-Ines-1.jpg\" class=\"attachment-full size-full\" alt=\"\" \/>                            <span class=\"eltd-iib-image-border-top\"><\/span>\n            <span class=\"eltd-iib-image-border-right\"><\/span>\n            <span class=\"eltd-iib-image-border-bottom\"><\/span>\n            <span class=\"eltd-iib-image-border-left\"><\/span>\n            <div class=\"eltdf-iib-image-hover-info\">\n                <div class=\"eltdf-iib-image-hover-info-holder\">\n                    <div class=\"eltdf-iib-image-hover-info-inner\">\n                                                                            <a class=\"eltdf-iib-hover-link eltdf-btn eltdf-btn-small eltdf-btn-solid\" href=\"http:\/\/www.vidum.es\/pdf\/en\/espumosos-EN\/SPARKLING%20WINE%20-%20Villa%20Ines%20-%20EN.pdf\" target=\"_self\">Technical sheet<\/a>\n                                            <\/div>\n                                            <a class=\"eltdf-iib-image-hover-link\" href=\"http:\/\/www.vidum.es\/pdf\/en\/espumosos-EN\/SPARKLING%20WINE%20-%20Villa%20Ines%20-%20EN.pdf\" target=\"_self\"><\/a>\n                                    <\/div>\n            <\/div>\n        <\/div>\n        <div class=\"eltdf-iib-text-holder\" style=\"background-color: #f3efee\">\n            <h3 class=\"eltdf-iib-title\">Villa In\u00e9s<\/h3>\n            <div class=\"eltdf-iib-separator clearfix\">\n        <div class=\"eltdf-separator\"><\/div>\n    <\/div>\n            <p class=\"eltdf-iib-text\">\u041b\u0435\u0433\u043a\u043e\u0435 \u0438\u0433\u0440\u0438\u0441\u0442\u043e\u0435 \u0432\u0438\u043d\u043e \u0441 10 % \u0430\u043b\u043a. \u0421 \u0444\u0440\u0443\u043a\u0442\u043e\u0432\u044b\u043c\u0438 \u0438 \u0446\u0432\u0435\u0442\u043e\u0447\u043d\u044b\u043c\u0438 \u0430\u0440\u043e\u043c\u0430\u0442\u0430\u043c\u0438 \u0432 \u0431\u0435\u043b\u043e\u043c \u0432\u0438\u043d\u0435 \u0438 \u0441\u043f\u0435\u043b\u044b\u043c\u0438 \u043a\u0440\u0430\u0441\u043d\u044b\u043c\u0438 \u0444\u0440\u0443\u043a\u0442\u0430\u043c\u0438 \u0441 \u043b\u0435\u0433\u043a\u043e\u0439 \u0441\u043b\u0430\u0434\u043e\u0441\u0442\u044c\u044e \u0432 \u0440\u043e\u0437\u0435. \u041f\u0435\u0439\u0442\u0435 \u0435\u0433\u043e \u043e\u0445\u043b\u0430\u0436\u0434\u0435\u043d\u043d\u044b\u043c \u0441 \u043b\u0435\u0433\u043a\u0438\u043c\u0438 \u0437\u0430\u043a\u0443\u0441\u043a\u0430\u043c\u0438, \u0441\u0430\u043b\u0430\u0442\u0430\u043c\u0438, \u0444\u0440\u0443\u043a\u0442\u0430\u043c\u0438, \u043c\u044f\u0433\u043a\u0438\u043c\u0438 \u0441\u044b\u0440\u0430\u043c\u0438 \u0438 \u0434\u0435\u0441\u0435\u0440\u0442\u0430\u043c\u0438.<\/p>\n        <\/div>\n    <\/div>\t\t<\/div>\n\t<\/div>\n\t<\/div><\/div>[\/vc_column][\/vc_row][vc_row][vc_column offset=&#187;vc_hidden-lg vc_hidden-md vc_hidden-sm&#187;]<div class=\"eltdf-elements-holder eltdf-two-columns eltdf-responsive-mode-1024\" ><div class=\"eltdf-eh-item \" data-item-class=\"eltdf-eh-custom-861069\" >\n\t<div class=\"eltdf-eh-item-inner\" >\n\t\t<div class=\"eltdf-eh-item-content eltdf-eh-custom-861069\" style=\"padding: 0px 0px\">\n\t\t\t<div class=\"eltdf-interactive-info-box clearfix eltdf-interactive-info-box-image-left\">\n            <div class=\"eltdf-iib-image\">\n                                    <img loading=\"lazy\" decoding=\"async\" width=\"2250\" height=\"2250\" src=\"https:\/\/vidum.es\/wp-content\/uploads\/2023\/07\/Beatrice-Dumont.jpg\" class=\"attachment-full size-full\" alt=\"\" srcset=\"https:\/\/vidum.es\/wp-content\/uploads\/2023\/07\/Beatrice-Dumont.jpg 2250w, https:\/\/vidum.es\/wp-content\/uploads\/2023\/07\/Beatrice-Dumont-300x300.jpg 300w, https:\/\/vidum.es\/wp-content\/uploads\/2023\/07\/Beatrice-Dumont-1024x1024.jpg 1024w, https:\/\/vidum.es\/wp-content\/uploads\/2023\/07\/Beatrice-Dumont-150x150.jpg 150w, https:\/\/vidum.es\/wp-content\/uploads\/2023\/07\/Beatrice-Dumont-768x768.jpg 768w, https:\/\/vidum.es\/wp-content\/uploads\/2023\/07\/Beatrice-Dumont-1536x1536.jpg 1536w, https:\/\/vidum.es\/wp-content\/uploads\/2023\/07\/Beatrice-Dumont-550x550.jpg 550w\" sizes=\"auto, (max-width: 2250px) 100vw, 2250px\" \/>                            <span class=\"eltd-iib-image-border-top\"><\/span>\n            <span class=\"eltd-iib-image-border-right\"><\/span>\n            <span class=\"eltd-iib-image-border-bottom\"><\/span>\n            <span class=\"eltd-iib-image-border-left\"><\/span>\n            <div class=\"eltdf-iib-image-hover-info\">\n                <div class=\"eltdf-iib-image-hover-info-holder\">\n                    <div class=\"eltdf-iib-image-hover-info-inner\">\n                                                                            <a class=\"eltdf-iib-hover-link eltdf-btn eltdf-btn-small eltdf-btn-solid\" href=\"http:\/\/www.vidum.es\/pdf\/en\/espumosos-EN\/SPARKLING%20WINE%20-%20Beatrice%20Dumont%20-%20EN.pdf\" target=\"_self\">Technical sheet<\/a>\n                                            <\/div>\n                                            <a class=\"eltdf-iib-image-hover-link\" href=\"http:\/\/www.vidum.es\/pdf\/en\/espumosos-EN\/SPARKLING%20WINE%20-%20Beatrice%20Dumont%20-%20EN.pdf\" target=\"_self\"><\/a>\n                                    <\/div>\n            <\/div>\n        <\/div>\n        <div class=\"eltdf-iib-text-holder\" style=\"background-color: #f3efee\">\n            <h3 class=\"eltdf-iib-title\">B\u00e9atrice Dumont<\/h3>\n            <div class=\"eltdf-iib-separator clearfix\">\n        <div class=\"eltdf-separator\"><\/div>\n    <\/div>\n            <p class=\"eltdf-iib-text\">\u0418\u0434\u0435\u0430\u043b\u044c\u043d\u043e\u0435 \u0438\u0433\u0440\u0438\u0441\u0442\u043e\u0435 \u0432\u0438\u043d\u043e \u0434\u043b\u044f \u043b\u044e\u0431\u043e\u0433\u043e \u043f\u0440\u0430\u0437\u0434\u043d\u0438\u043a\u0430. \u0415\u0433\u043e \u0441\u043b\u0430\u0434\u043a\u0438\u0435 \u0438 \u0444\u0440\u0443\u043a\u0442\u043e\u0432\u044b\u0435 \u0430\u0440\u043e\u043c\u0430\u0442\u044b \u043f\u0440\u043e\u044f\u0432\u043b\u044f\u044e\u0442\u0441\u044f \u0432 \u0432\u0435\u0440\u0441\u0438\u0438 \u0411\u0440\u044e\u0442, \u0414\u0435\u043c\u0438 \u0421\u0435\u043a \u0438 \u0420\u043e\u0437\u0435. \u041b\u0435\u0433\u043a\u043e\u0435 \u0438 \u043e\u0441\u0432\u0435\u0436\u0430\u044e\u0449\u0435\u0435, \u0438\u0434\u0435\u0430\u043b\u044c\u043d\u043e \u043f\u043e\u0434\u0445\u043e\u0434\u0438\u0442 \u0434\u043b\u044f \u0430\u043f\u0435\u0440\u0438\u0442\u0438\u0432\u043e\u0432, \u0431\u043b\u044e\u0434 \u0438\u0437 \u0440\u0438\u0441\u0430, \u0440\u044b\u0431\u044b \u0438 \u0434\u0430\u0436\u0435 \u0434\u0435\u0441\u0435\u0440\u0442\u043e\u0432.<\/p>\n        <\/div>\n    <\/div>\t\t<\/div>\n\t<\/div>\n\t<\/div><div class=\"eltdf-eh-item \" data-item-class=\"eltdf-eh-custom-126773\" >\n\t<div class=\"eltdf-eh-item-inner\" >\n\t\t<div class=\"eltdf-eh-item-content eltdf-eh-custom-126773\" style=\"padding: 0px 0px\">\n\t\t\t<div class=\"eltdf-interactive-info-box clearfix eltdf-interactive-info-box-image-left\">\n            <div class=\"eltdf-iib-image\">\n                                    <img loading=\"lazy\" decoding=\"async\" width=\"2250\" height=\"2250\" src=\"https:\/\/vidum.es\/wp-content\/uploads\/2023\/07\/Villa-Ines.jpg\" class=\"attachment-full size-full\" alt=\"\" srcset=\"https:\/\/vidum.es\/wp-content\/uploads\/2023\/07\/Villa-Ines.jpg 2250w, https:\/\/vidum.es\/wp-content\/uploads\/2023\/07\/Villa-Ines-300x300.jpg 300w, https:\/\/vidum.es\/wp-content\/uploads\/2023\/07\/Villa-Ines-1024x1024.jpg 1024w, https:\/\/vidum.es\/wp-content\/uploads\/2023\/07\/Villa-Ines-150x150.jpg 150w, https:\/\/vidum.es\/wp-content\/uploads\/2023\/07\/Villa-Ines-768x768.jpg 768w, https:\/\/vidum.es\/wp-content\/uploads\/2023\/07\/Villa-Ines-1536x1536.jpg 1536w, https:\/\/vidum.es\/wp-content\/uploads\/2023\/07\/Villa-Ines-550x550.jpg 550w\" sizes=\"auto, (max-width: 2250px) 100vw, 2250px\" \/>                            <span class=\"eltd-iib-image-border-top\"><\/span>\n            <span class=\"eltd-iib-image-border-right\"><\/span>\n            <span class=\"eltd-iib-image-border-bottom\"><\/span>\n            <span class=\"eltd-iib-image-border-left\"><\/span>\n            <div class=\"eltdf-iib-image-hover-info\">\n                <div class=\"eltdf-iib-image-hover-info-holder\">\n                    <div class=\"eltdf-iib-image-hover-info-inner\">\n                                                                            <a class=\"eltdf-iib-hover-link eltdf-btn eltdf-btn-small eltdf-btn-solid\" href=\"http:\/\/www.vidum.es\/pdf\/en\/espumosos-EN\/SPARKLING%20WINE%20-%20Villa%20Ines%20-%20EN.pdf\" target=\"_self\">Technical sheet<\/a>\n                                            <\/div>\n                                            <a class=\"eltdf-iib-image-hover-link\" href=\"http:\/\/www.vidum.es\/pdf\/en\/espumosos-EN\/SPARKLING%20WINE%20-%20Villa%20Ines%20-%20EN.pdf\" target=\"_self\"><\/a>\n                                    <\/div>\n            <\/div>\n        <\/div>\n        <div class=\"eltdf-iib-text-holder\" style=\"background-color: #f3efee\">\n            <h3 class=\"eltdf-iib-title\">Villa In\u00e9s<\/h3>\n            <div class=\"eltdf-iib-separator clearfix\">\n        <div class=\"eltdf-separator\"><\/div>\n    <\/div>\n            <p class=\"eltdf-iib-text\">\u041b\u0435\u0433\u043a\u043e\u0435 \u0438\u0433\u0440\u0438\u0441\u0442\u043e\u0435 \u0432\u0438\u043d\u043e \u0441 10 % \u0430\u043b\u043a. \u0421 \u0444\u0440\u0443\u043a\u0442\u043e\u0432\u044b\u043c\u0438 \u0438 \u0446\u0432\u0435\u0442\u043e\u0447\u043d\u044b\u043c\u0438 \u0430\u0440\u043e\u043c\u0430\u0442\u0430\u043c\u0438 \u0432 \u0431\u0435\u043b\u043e\u043c \u0432\u0438\u043d\u0435 \u0438 \u0441\u043f\u0435\u043b\u044b\u043c\u0438 \u043a\u0440\u0430\u0441\u043d\u044b\u043c\u0438 \u0444\u0440\u0443\u043a\u0442\u0430\u043c\u0438 \u0441 \u043b\u0435\u0433\u043a\u043e\u0439 \u0441\u043b\u0430\u0434\u043e\u0441\u0442\u044c\u044e \u0432 \u0440\u043e\u0437\u0435. \u041f\u0435\u0439\u0442\u0435 \u0435\u0433\u043e \u043e\u0445\u043b\u0430\u0436\u0434\u0435\u043d\u043d\u044b\u043c \u0441 \u043b\u0435\u0433\u043a\u0438\u043c\u0438 \u0437\u0430\u043a\u0443\u0441\u043a\u0430\u043c\u0438, \u0441\u0430\u043b\u0430\u0442\u0430\u043c\u0438, \u0444\u0440\u0443\u043a\u0442\u0430\u043c\u0438, \u043c\u044f\u0433\u043a\u0438\u043c\u0438 \u0441\u044b\u0440\u0430\u043c\u0438 \u0438 \u0434\u0435\u0441\u0435\u0440\u0442\u0430\u043c\u0438.<\/p>\n        <\/div>\n    <\/div>\t\t<\/div>\n\t<\/div>\n\t<\/div><\/div>[\/vc_column][\/vc_row][vc_row][vc_column offset=&#187;vc_hidden-lg vc_hidden-xs&#187;]<div class=\"eltdf-elements-holder eltdf-two-columns eltdf-responsive-mode-1280\" ><div class=\"eltdf-eh-item \" data-item-class=\"eltdf-eh-custom-952254\" >\n\t<div class=\"eltdf-eh-item-inner\" >\n\t\t<div class=\"eltdf-eh-item-content eltdf-eh-custom-952254\" style=\"padding: 0px 0px\">\n\t\t\t<div class=\"eltdf-interactive-info-box clearfix eltdf-interactive-info-box-image-left\">\n            <div class=\"eltdf-iib-image\">\n                                    <img loading=\"lazy\" decoding=\"async\" width=\"2250\" height=\"2250\" src=\"https:\/\/vidum.es\/wp-content\/uploads\/2023\/07\/Beatrice-Dumont.jpg\" class=\"attachment-full size-full\" alt=\"\" srcset=\"https:\/\/vidum.es\/wp-content\/uploads\/2023\/07\/Beatrice-Dumont.jpg 2250w, https:\/\/vidum.es\/wp-content\/uploads\/2023\/07\/Beatrice-Dumont-300x300.jpg 300w, https:\/\/vidum.es\/wp-content\/uploads\/2023\/07\/Beatrice-Dumont-1024x1024.jpg 1024w, https:\/\/vidum.es\/wp-content\/uploads\/2023\/07\/Beatrice-Dumont-150x150.jpg 150w, https:\/\/vidum.es\/wp-content\/uploads\/2023\/07\/Beatrice-Dumont-768x768.jpg 768w, https:\/\/vidum.es\/wp-content\/uploads\/2023\/07\/Beatrice-Dumont-1536x1536.jpg 1536w, https:\/\/vidum.es\/wp-content\/uploads\/2023\/07\/Beatrice-Dumont-550x550.jpg 550w\" sizes=\"auto, (max-width: 2250px) 100vw, 2250px\" \/>                            <span class=\"eltd-iib-image-border-top\"><\/span>\n            <span class=\"eltd-iib-image-border-right\"><\/span>\n            <span class=\"eltd-iib-image-border-bottom\"><\/span>\n            <span class=\"eltd-iib-image-border-left\"><\/span>\n            <div class=\"eltdf-iib-image-hover-info\">\n                <div class=\"eltdf-iib-image-hover-info-holder\">\n                    <div class=\"eltdf-iib-image-hover-info-inner\">\n                                                                            <a class=\"eltdf-iib-hover-link eltdf-btn eltdf-btn-small eltdf-btn-solid\" href=\"http:\/\/www.vidum.es\/pdf\/en\/espumosos-EN\/SPARKLING%20WINE%20-%20Beatrice%20Dumont%20-%20EN.pdf\" target=\"_self\">Technical sheet<\/a>\n                                            <\/div>\n                                            <a class=\"eltdf-iib-image-hover-link\" href=\"http:\/\/www.vidum.es\/pdf\/en\/espumosos-EN\/SPARKLING%20WINE%20-%20Beatrice%20Dumont%20-%20EN.pdf\" target=\"_self\"><\/a>\n                                    <\/div>\n            <\/div>\n        <\/div>\n        <div class=\"eltdf-iib-text-holder\" style=\"background-color: #f3efee\">\n            <h3 class=\"eltdf-iib-title\">B\u00e9atrice Dumont<\/h3>\n            <div class=\"eltdf-iib-separator clearfix\">\n        <div class=\"eltdf-separator\"><\/div>\n    <\/div>\n            <p class=\"eltdf-iib-text\">\u0418\u0434\u0435\u0430\u043b\u044c\u043d\u043e\u0435 \u0438\u0433\u0440\u0438\u0441\u0442\u043e\u0435 \u0432\u0438\u043d\u043e \u0434\u043b\u044f \u043b\u044e\u0431\u043e\u0433\u043e \u043f\u0440\u0430\u0437\u0434\u043d\u0438\u043a\u0430. \u0415\u0433\u043e \u0441\u043b\u0430\u0434\u043a\u0438\u0435 \u0438 \u0444\u0440\u0443\u043a\u0442\u043e\u0432\u044b\u0435 \u0430\u0440\u043e\u043c\u0430\u0442\u044b \u043f\u0440\u043e\u044f\u0432\u043b\u044f\u044e\u0442\u0441\u044f \u0432 \u0432\u0435\u0440\u0441\u0438\u0438 \u0411\u0440\u044e\u0442, \u0414\u0435\u043c\u0438 \u0421\u0435\u043a \u0438 \u0420\u043e\u0437\u0435. \u041b\u0435\u0433\u043a\u043e\u0435 \u0438 \u043e\u0441\u0432\u0435\u0436\u0430\u044e\u0449\u0435\u0435, \u0438\u0434\u0435\u0430\u043b\u044c\u043d\u043e \u043f\u043e\u0434\u0445\u043e\u0434\u0438\u0442 \u0434\u043b\u044f \u0430\u043f\u0435\u0440\u0438\u0442\u0438\u0432\u043e\u0432, \u0431\u043b\u044e\u0434 \u0438\u0437 \u0440\u0438\u0441\u0430, \u0440\u044b\u0431\u044b \u0438 \u0434\u0430\u0436\u0435 \u0434\u0435\u0441\u0435\u0440\u0442\u043e\u0432.<\/p>\n        <\/div>\n    <\/div>\t\t<\/div>\n\t<\/div>\n\t<\/div><div class=\"eltdf-eh-item \" data-item-class=\"eltdf-eh-custom-264726\" >\n\t<div class=\"eltdf-eh-item-inner\" >\n\t\t<div class=\"eltdf-eh-item-content eltdf-eh-custom-264726\" style=\"padding: 0px 0px\">\n\t\t\t<div class=\"eltdf-interactive-info-box clearfix eltdf-interactive-info-box-image-left\">\n            <div class=\"eltdf-iib-image\">\n                                    <img loading=\"lazy\" decoding=\"async\" width=\"2250\" height=\"2250\" src=\"https:\/\/vidum.es\/wp-content\/uploads\/2023\/07\/Villa-Ines.jpg\" class=\"attachment-full size-full\" alt=\"\" srcset=\"https:\/\/vidum.es\/wp-content\/uploads\/2023\/07\/Villa-Ines.jpg 2250w, https:\/\/vidum.es\/wp-content\/uploads\/2023\/07\/Villa-Ines-300x300.jpg 300w, https:\/\/vidum.es\/wp-content\/uploads\/2023\/07\/Villa-Ines-1024x1024.jpg 1024w, https:\/\/vidum.es\/wp-content\/uploads\/2023\/07\/Villa-Ines-150x150.jpg 150w, https:\/\/vidum.es\/wp-content\/uploads\/2023\/07\/Villa-Ines-768x768.jpg 768w, https:\/\/vidum.es\/wp-content\/uploads\/2023\/07\/Villa-Ines-1536x1536.jpg 1536w, https:\/\/vidum.es\/wp-content\/uploads\/2023\/07\/Villa-Ines-550x550.jpg 550w\" sizes=\"auto, (max-width: 2250px) 100vw, 2250px\" \/>                            <span class=\"eltd-iib-image-border-top\"><\/span>\n            <span class=\"eltd-iib-image-border-right\"><\/span>\n            <span class=\"eltd-iib-image-border-bottom\"><\/span>\n            <span class=\"eltd-iib-image-border-left\"><\/span>\n            <div class=\"eltdf-iib-image-hover-info\">\n                <div class=\"eltdf-iib-image-hover-info-holder\">\n                    <div class=\"eltdf-iib-image-hover-info-inner\">\n                                                                            <a class=\"eltdf-iib-hover-link eltdf-btn eltdf-btn-small eltdf-btn-solid\" href=\"http:\/\/www.vidum.es\/pdf\/en\/espumosos-EN\/SPARKLING%20WINE%20-%20Villa%20Ines%20-%20EN.pdf\" target=\"_self\">Technical sheet<\/a>\n                                            <\/div>\n                                            <a class=\"eltdf-iib-image-hover-link\" href=\"http:\/\/www.vidum.es\/pdf\/en\/espumosos-EN\/SPARKLING%20WINE%20-%20Villa%20Ines%20-%20EN.pdf\" target=\"_self\"><\/a>\n                                    <\/div>\n            <\/div>\n        <\/div>\n        <div class=\"eltdf-iib-text-holder\" style=\"background-color: #f3efee\">\n            <h3 class=\"eltdf-iib-title\">Villa In\u00e9s<\/h3>\n            <div class=\"eltdf-iib-separator clearfix\">\n        <div class=\"eltdf-separator\"><\/div>\n    <\/div>\n            <p class=\"eltdf-iib-text\">Elaborado con una cuidada selecci\u00f3n de uvas moscatel de Alejandr\u00eda y utilizando una fermentaci\u00f3n natural. Este vino presenta un aroma especial e intento a frutas frescas<\/p>\n        <\/div>\n    <\/div>\t\t<\/div>\n\t<\/div>\n\t<\/div><\/div>[\/vc_column][\/vc_row][vc_row content_text_aligment=&#187;center&#187; css=&#187;.vc_custom_1489750753483{padding-top: 60px !important;padding-bottom: 70px !important;}&#187;][vc_column]<div class=\"eltdf-section-title-holder\" >\n\t\t\t<h4 class=\"eltdf-st-title\" style=\"color: #48122b\">\n\t\t\t<span>\u041d\u0430\u043c \u043d\u0440\u0430\u0432\u0438\u0442\u0441\u044f \u0442\u043e, \u0447\u0442\u043e \u043c\u044b \u0434\u0435\u043b\u0430\u0435\u043c, \u0438 \u043d\u0430\u0448\u0438\u043c \u043a\u043b\u0438\u0435\u043d\u0442\u0430\u043c \u0442\u043e\u0436\u0435.<\/span>\n\t\t<\/h4>\n                    <div class=\"eltdf-st-separator clearfix\">\n                <div class=\"eltdf-separator\" style=\"margin-top: 23px;margin-bottom: 4px\"><\/div>\n            <\/div>\n        \t\t\t<\/div>[\/vc_column][\/vc_row]<\/p>\n","protected":false},"excerpt":{"rendered":"<p>[vc_row row_content_width=&#187;grid&#187; content_text_aligment=&#187;center&#187; css=&#187;.vc_custom_1568881875533{padding-top: 50px !important;padding-bottom: 50px !important;}&#187;][vc_column css=&#187;.vc_custom_1569507605899{padding-right: 0px !important;padding-left: 0px !important;}&#187;][\/vc_column][\/vc_row][vc_row][vc_column offset=&#187;vc_hidden-md vc_hidden-sm vc_hidden-xs&#187;][\/vc_column][\/vc_row][vc_row][vc_column offset=&#187;vc_hidden-lg vc_hidden-md vc_hidden-sm&#187;][\/vc_column][\/vc_row][vc_row][vc_column offset=&#187;vc_hidden-lg vc_hidden-xs&#187;][\/vc_column][\/vc_row][vc_row content_text_aligment=&#187;center&#187; css=&#187;.vc_custom_1489750753483{padding-top: 60px !important;padding-bottom: 70px !important;}&#187;][vc_column][\/vc_column][\/vc_row]<\/p>\n","protected":false},"author":1,"featured_media":0,"parent":0,"menu_order":0,"comment_status":"closed","ping_status":"closed","template":"full-width.php","meta":{"footnotes":""},"class_list":["post-16890","page","type-page","status-publish","hentry"],"_links":{"self":[{"href":"https:\/\/vidum.es\/ru\/wp-json\/wp\/v2\/pages\/16890","targetHints":{"allow":["GET"]}}],"collection":[{"href":"https:\/\/vidum.es\/ru\/wp-json\/wp\/v2\/pages"}],"about":[{"href":"https:\/\/vidum.es\/ru\/wp-json\/wp\/v2\/types\/page"}],"author":[{"embeddable":true,"href":"https:\/\/vidum.es\/ru\/wp-json\/wp\/v2\/users\/1"}],"replies":[{"embeddable":true,"href":"https:\/\/vidum.es\/ru\/wp-json\/wp\/v2\/comments?post=16890"}],"version-history":[{"count":12,"href":"https:\/\/vidum.es\/ru\/wp-json\/wp\/v2\/pages\/16890\/revisions"}],"predecessor-version":[{"id":17199,"href":"https:\/\/vidum.es\/ru\/wp-json\/wp\/v2\/pages\/16890\/revisions\/17199"}],"wp:attachment":[{"href":"https:\/\/vidum.es\/ru\/wp-json\/wp\/v2\/media?parent=16890"}],"curies":[{"name":"wp","href":"https:\/\/api.w.org\/{rel}","templated":true}]}}